{"id":897,"date":"2025-02-19T12:10:58","date_gmt":"2025-02-19T11:10:58","guid":{"rendered":"https:\/\/comercialdiscam.cat\/?post_type=product&#038;p=897"},"modified":"2025-02-26T20:14:54","modified_gmt":"2025-02-26T19:14:54","slug":"kanguro-33x40-blanca","status":"publish","type":"product","link":"https:\/\/comercialdiscam.cat\/es\/manteleria\/servilletas\/kanguro-33x40-blanca\/","title":{"rendered":"Servilleta de papel 33&#215;40 Kanguro"},"content":{"rendered":"<p>Las servilletas Canguro de 33&#215;40 cm son la soluci\u00f3n perfecta para negocios de hosteler\u00eda que buscan combinar practicidad y presentaci\u00f3n impecable. Dise\u00f1adas con un formato de bolsa para cubiertos, permiten agilizar el servicio y mejorar la higiene, ideal para terrazas de restaurantes, hoteles y servicios de catering.<\/p>\n<p>Fabricadas en Dry Tissue, estas servilletas destacan por su resistencia, suavidad y apariencia premium, ofreciendo una experiencia de uso superior. Su dise\u00f1o y calidad las sit\u00faan en la gama alta de productos para la decoraci\u00f3n de mesas, asegurando una presentaci\u00f3n elegante y funcional.<\/p>\n<p>Una opci\u00f3n imprescindible para negocios que buscan optimizar el servicio sin renunciar a la calidad y est\u00e9tica en cada detalle.<\/p>\n","protected":false},"excerpt":{"rendered":"<p>Las servilletas Canguro de 33&#215;40 cm son la soluci\u00f3n perfecta para negocios de hosteler\u00eda que buscan combinar practicidad y presentaci\u00f3n impecable. Dise\u00f1adas con un formato de bolsa para cubiertos, permiten agilizar el servicio y mejorar la higiene, ideal para terrazas de restaurantes, hoteles y servicios de catering. Fabricadas en Dry Tissue, estas servilletas destacan por [&hellip;]<\/p>\n","protected":false},"featured_media":934,"template":"","meta":{"_joinchat":[]},"product_brand":[],"product_cat":[113,116],"product_tag":[361],"class_list":{"0":"post-897","1":"product","2":"type-product","3":"status-publish","4":"has-post-thumbnail","6":"product_cat-manteleria","7":"product_cat-servilletas","8":"product_tag-canguro","10":"first","11":"instock","12":"shipping-taxable","13":"purchasable","14":"product-type-variable","15":"wvs-archive-product-wrapper"},"_links":{"self":[{"href":"https:\/\/comercialdiscam.cat\/es\/wp-json\/wp\/v2\/product\/897","targetHints":{"allow":["GET"]}}],"collection":[{"href":"https:\/\/comercialdiscam.cat\/es\/wp-json\/wp\/v2\/product"}],"about":[{"href":"https:\/\/comercialdiscam.cat\/es\/wp-json\/wp\/v2\/types\/product"}],"wp:featuredmedia":[{"embeddable":true,"href":"https:\/\/comercialdiscam.cat\/es\/wp-json\/wp\/v2\/media\/934"}],"wp:attachment":[{"href":"https:\/\/comercialdiscam.cat\/es\/wp-json\/wp\/v2\/media?parent=897"}],"wp:term":[{"taxonomy":"product_brand","embeddable":true,"href":"https:\/\/comercialdiscam.cat\/es\/wp-json\/wp\/v2\/product_brand?post=897"},{"taxonomy":"product_cat","embeddable":true,"href":"https:\/\/comercialdiscam.cat\/es\/wp-json\/wp\/v2\/product_cat?post=897"},{"taxonomy":"product_tag","embeddable":true,"href":"https:\/\/comercialdiscam.cat\/es\/wp-json\/wp\/v2\/product_tag?post=897"}],"curies":[{"name":"wp","href":"https:\/\/api.w.org\/{rel}","templated":true}]}}