{"id":527,"date":"2025-02-19T12:09:17","date_gmt":"2025-02-19T11:09:17","guid":{"rendered":"https:\/\/comercialdiscam.cat\/?post_type=product&#038;p=527"},"modified":"2025-12-17T19:27:23","modified_gmt":"2025-12-17T18:27:23","slug":"detergente-c150","status":"publish","type":"product","link":"https:\/\/comercialdiscam.cat\/es\/quimicos\/lavaplatos\/detergente-c150\/","title":{"rendered":"Detergente lavavajillas C150"},"content":{"rendered":"<p>El <strong>Detergente Lavavajillas C150<\/strong> es un detergente l\u00edquido alcalino de m\u00e1xima concentraci\u00f3n formulado para el <strong>lavado autom\u00e1tico de vajillas<\/strong> con <strong>aguas de aporte duras y muy duras<\/strong>. Su temperatura \u00f3ptima de empleo es de <strong>50-60\u00baC<\/strong>.<\/p>\n<p><strong>\ud83d\udd39 Beneficios del C150:<\/strong><\/p>\n<ul>\n<li><strong>M\u00e1xima concentraci\u00f3n:<\/strong> Eficiencia con dosis extremadamente bajas.<\/li>\n<li><strong>Poder desengrasante:<\/strong> Disuelve y elimina grasas y restos org\u00e1nicos.<\/li>\n<li><strong>Evita incrustaciones:<\/strong> Contiene secuestrantes de cal para un lavado perfecto incluso en aguas duras.<\/li>\n<li><strong>F\u00e1cil enjuague:<\/strong> Producto libre de espuma para una limpieza \u00f3ptima.<\/li>\n<li><strong>Compatible con dosificadores autom\u00e1ticos:<\/strong> Asegura una aplicaci\u00f3n precisa y eficiente.<\/li>\n<\/ul>\n<p><strong>\ud83d\udccf Caracter\u00edsticas del producto:<\/strong><\/p>\n<ul>\n<li><strong>Aspecto:<\/strong> L\u00edquido amarillento.<\/li>\n<li><strong>Densidad:<\/strong> 1,24-1,30 g\/ml.<\/li>\n<li><strong>pH:<\/strong> 12-13 (al 1% en agua).<\/li>\n<li><strong>Formato:<\/strong> Sistema ECODISBOX para optimizar consumo y reducir residuos.<\/li>\n<\/ul>\n<p><strong>\ud83d\udee0 Modo de empleo:<\/strong><\/p>\n<ul>\n<li><strong>Aplicable con dosificadores autom\u00e1ticos:<\/strong> Ajustar la dosificaci\u00f3n entre <strong>0,4 y 1 g\/l<\/strong> seg\u00fan el grado de suciedad y la dureza del agua.<\/li>\n<li><strong>No apto para:<\/strong> Cobre, lat\u00f3n, aluminio o goma, debido a su composici\u00f3n alcalina.<\/li>\n<li><strong>\u26a0\ufe0f Precauci\u00f3n:<\/strong> Conservar \u00fanicamente en el recipiente de origen. Uso restringido a profesionales.<\/li>\n<\/ul>\n<p><strong>\ud83d\udccc Aplicaciones:<\/strong> Apto para la <strong>industria alimentaria<\/strong>, ideal para el lavado de <strong>vajilla, cristaler\u00eda y cuberter\u00eda<\/strong> en m\u00e1quinas lavavajillas de ciclo y t\u00faneles lavavajillas.<\/p>\n","protected":false},"excerpt":{"rendered":"<p>El Detergente Lavavajillas C150 es un detergente l\u00edquido alcalino de m\u00e1xima concentraci\u00f3n formulado para el lavado autom\u00e1tico de vajillas con aguas de aporte duras y muy duras. Su temperatura \u00f3ptima de empleo es de 50-60\u00baC. \ud83d\udd39 Beneficios del C150: M\u00e1xima concentraci\u00f3n: Eficiencia con dosis extremadamente bajas. Poder desengrasante: Disuelve y elimina grasas y restos org\u00e1nicos. [&hellip;]<\/p>\n","protected":false},"featured_media":6833,"template":"","meta":{"_joinchat":[]},"product_brand":[],"product_cat":[66,34,16],"product_tag":[356],"class_list":{"0":"post-527","1":"product","2":"type-product","3":"status-publish","4":"has-post-thumbnail","6":"product_cat-cocina","7":"product_cat-lavaplatos","8":"product_cat-quimicos","9":"product_tag-sistemas-concentrados","11":"first","12":"instock","13":"shipping-taxable","14":"product-type-simple"},"_links":{"self":[{"href":"https:\/\/comercialdiscam.cat\/es\/wp-json\/wp\/v2\/product\/527","targetHints":{"allow":["GET"]}}],"collection":[{"href":"https:\/\/comercialdiscam.cat\/es\/wp-json\/wp\/v2\/product"}],"about":[{"href":"https:\/\/comercialdiscam.cat\/es\/wp-json\/wp\/v2\/types\/product"}],"wp:featuredmedia":[{"embeddable":true,"href":"https:\/\/comercialdiscam.cat\/es\/wp-json\/wp\/v2\/media\/6833"}],"wp:attachment":[{"href":"https:\/\/comercialdiscam.cat\/es\/wp-json\/wp\/v2\/media?parent=527"}],"wp:term":[{"taxonomy":"product_brand","embeddable":true,"href":"https:\/\/comercialdiscam.cat\/es\/wp-json\/wp\/v2\/product_brand?post=527"},{"taxonomy":"product_cat","embeddable":true,"href":"https:\/\/comercialdiscam.cat\/es\/wp-json\/wp\/v2\/product_cat?post=527"},{"taxonomy":"product_tag","embeddable":true,"href":"https:\/\/comercialdiscam.cat\/es\/wp-json\/wp\/v2\/product_tag?post=527"}],"curies":[{"name":"wp","href":"https:\/\/api.w.org\/{rel}","templated":true}]}}