{"id":498,"date":"2025-02-19T12:09:14","date_gmt":"2025-02-19T11:09:14","guid":{"rendered":"https:\/\/comercialdiscam.cat\/?post_type=product&#038;p=498"},"modified":"2025-12-17T17:58:32","modified_gmt":"2025-12-17T16:58:32","slug":"autocierre","status":"publish","type":"product","link":"https:\/\/comercialdiscam.cat\/es\/bolsas\/plastico\/autocierre\/","title":{"rendered":"Bolsas de p\u00e1stico con autocierre"},"content":{"rendered":"<p>Las <strong>bolsas de pl\u00e1stico con autocierre<\/strong> son una soluci\u00f3n pr\u00e1ctica y reutilizable para guardar, proteger y clasificar todo tipo de objetos o alimentos. Disponen de un <strong>cierre tipo zip<\/strong> o autosellable, compuesto por dos bordes de pl\u00e1stico que se cierran con un simple &#8220;clic&#8221;, asegurando un cierre herm\u00e9tico y f\u00e1cil de abrir y cerrar tantas veces como se necesite.<\/p>\n<p>Ideales para su uso en <strong>comercios, talleres, laboratorios, ferreter\u00edas, oficinas, almacenes<\/strong> o en el <strong>hogar<\/strong> para organizar piezas peque\u00f1as, material de oficina, joyer\u00eda, tornillos, cables, alimentos, etc.<\/p>\n<p><strong>\ud83d\udccf Medidas disponibles (paquetes de 100 unidades):<\/strong><\/p>\n<ul>\n<li><strong>120 x 180 mm<\/strong><\/li>\n<li><strong>160 x 220 mm<\/strong><\/li>\n<\/ul>\n<p><strong>\ud83d\udd39 Beneficios:<\/strong><\/p>\n<ul>\n<li><strong>Reutilizables:<\/strong> Se pueden abrir y cerrar m\u00faltiples veces sin perder eficacia.<\/li>\n<li><strong>Cierre seguro:<\/strong> Sistema zip que mantiene el contenido protegido del polvo, la humedad y la suciedad.<\/li>\n<li><strong>F\u00e1cil identificaci\u00f3n:<\/strong> Transparencia total para ver el contenido de un solo vistazo.<\/li>\n<li><strong>Multiusos:<\/strong> Perfectas para organizar, clasificar y almacenar productos de peque\u00f1o y mediano tama\u00f1o.<\/li>\n<\/ul>\n<p><strong>\ud83d\udccc Aplicaciones:<\/strong> Muy \u00fatiles en entornos <strong>comerciales, industriales, escolares y dom\u00e9sticos<\/strong>. Tambi\u00e9n aptas para <strong>alimentaci\u00f3n<\/strong> (sin l\u00edquidos) y para el <strong>almacenaje temporal de productos delicados o electr\u00f3nicos.<\/strong><\/p>\n","protected":false},"excerpt":{"rendered":"<p>Las bolsas de pl\u00e1stico con autocierre son una soluci\u00f3n pr\u00e1ctica y reutilizable para guardar, proteger y clasificar todo tipo de objetos o alimentos. Disponen de un cierre tipo zip o autosellable, compuesto por dos bordes de pl\u00e1stico que se cierran con un simple &#8220;clic&#8221;, asegurando un cierre herm\u00e9tico y f\u00e1cil de abrir y cerrar tantas [&hellip;]<\/p>\n","protected":false},"featured_media":6750,"template":"","meta":{"_joinchat":[]},"product_brand":[],"product_cat":[58,59],"product_tag":[],"class_list":{"0":"post-498","1":"product","2":"type-product","3":"status-publish","4":"has-post-thumbnail","6":"product_cat-bolsas","7":"product_cat-plastico","9":"first","10":"instock","11":"shipping-taxable","12":"purchasable","13":"product-type-variable","14":"wvs-archive-product-wrapper"},"_links":{"self":[{"href":"https:\/\/comercialdiscam.cat\/es\/wp-json\/wp\/v2\/product\/498","targetHints":{"allow":["GET"]}}],"collection":[{"href":"https:\/\/comercialdiscam.cat\/es\/wp-json\/wp\/v2\/product"}],"about":[{"href":"https:\/\/comercialdiscam.cat\/es\/wp-json\/wp\/v2\/types\/product"}],"wp:featuredmedia":[{"embeddable":true,"href":"https:\/\/comercialdiscam.cat\/es\/wp-json\/wp\/v2\/media\/6750"}],"wp:attachment":[{"href":"https:\/\/comercialdiscam.cat\/es\/wp-json\/wp\/v2\/media?parent=498"}],"wp:term":[{"taxonomy":"product_brand","embeddable":true,"href":"https:\/\/comercialdiscam.cat\/es\/wp-json\/wp\/v2\/product_brand?post=498"},{"taxonomy":"product_cat","embeddable":true,"href":"https:\/\/comercialdiscam.cat\/es\/wp-json\/wp\/v2\/product_cat?post=498"},{"taxonomy":"product_tag","embeddable":true,"href":"https:\/\/comercialdiscam.cat\/es\/wp-json\/wp\/v2\/product_tag?post=498"}],"curies":[{"name":"wp","href":"https:\/\/api.w.org\/{rel}","templated":true}]}}