{"id":438,"date":"2025-02-19T12:08:51","date_gmt":"2025-02-19T11:08:51","guid":{"rendered":"https:\/\/comercialdiscam.cat\/?post_type=product&#038;p=438"},"modified":"2025-02-27T08:50:23","modified_gmt":"2025-02-27T07:50:23","slug":"punta-a-punta-20x20","status":"publish","type":"product","link":"https:\/\/comercialdiscam.cat\/es\/manteleria\/servilletas\/punta-a-punta-20x20\/","title":{"rendered":"Servilleta de papel punta a punta 20&#215;20"},"content":{"rendered":"<p>Aporte un toque de distinci\u00f3n a su establecimiento con las <strong>servilletas PUNTA PUNTA de 20&#215;20 cm<\/strong>, dise\u00f1adas para ofrecer una presentaci\u00f3n sofisticada sin renunciar a la practicidad. Su elegante color negro realza la est\u00e9tica de mesas y eventos, siendo la opci\u00f3n perfecta para <strong>restaurantes, bares, cocteler\u00edas y servicios de catering<\/strong> que buscan un acabado impecable.<\/p>\n<p>Fabricadas en <strong>doble capa<\/strong>, estas servilletas proporcionan una mayor absorci\u00f3n, resistencia y un tacto suave, garantizando una experiencia de uso confortable. Ideales para eventos exclusivos, cenas de gala y negocios que valoran cada detalle en la presentaci\u00f3n de su servicio.<\/p>\n<p><strong>Caracter\u00edsticas del producto:<\/strong><br \/>\n\u2714 <strong>Material:<\/strong> Papel PUNTA PUNTA de doble capa<br \/>\n\u2714 <strong>Colores disponibles:<\/strong> Negro y natural<br \/>\n\u2714 <strong>Tama\u00f1o:<\/strong> 20&#215;20 cm<br \/>\n\u2714 <strong>Propiedades:<\/strong> Suaves, absorbentes y resistentes<br \/>\n\u2714 <strong>Uso recomendado:<\/strong> Restaurantes, cocteler\u00edas, catering, eventos y bares<\/p>\n<p>La combinaci\u00f3n perfecta entre <strong>elegancia y funcionalidad<\/strong> para quienes buscan destacar con una imagen premium en su negocio.<\/p>\n","protected":false},"excerpt":{"rendered":"<p>Aporte un toque de distinci\u00f3n a su establecimiento con las servilletas PUNTA PUNTA de 20&#215;20 cm, dise\u00f1adas para ofrecer una presentaci\u00f3n sofisticada sin renunciar a la practicidad. Su elegante color negro realza la est\u00e9tica de mesas y eventos, siendo la opci\u00f3n perfecta para restaurantes, bares, cocteler\u00edas y servicios de catering que buscan un acabado impecable. [&hellip;]<\/p>\n","protected":false},"featured_media":486,"template":"","meta":{"_joinchat":[]},"product_brand":[],"product_cat":[113,116],"product_tag":[77,363],"class_list":{"0":"post-438","1":"product","2":"type-product","3":"status-publish","4":"has-post-thumbnail","6":"product_cat-manteleria","7":"product_cat-servilletas","8":"product_tag-ecologico","9":"product_tag-punta-a-punta","11":"first","12":"instock","13":"shipping-taxable","14":"purchasable","15":"product-type-variable","16":"wvs-archive-product-wrapper"},"_links":{"self":[{"href":"https:\/\/comercialdiscam.cat\/es\/wp-json\/wp\/v2\/product\/438","targetHints":{"allow":["GET"]}}],"collection":[{"href":"https:\/\/comercialdiscam.cat\/es\/wp-json\/wp\/v2\/product"}],"about":[{"href":"https:\/\/comercialdiscam.cat\/es\/wp-json\/wp\/v2\/types\/product"}],"wp:featuredmedia":[{"embeddable":true,"href":"https:\/\/comercialdiscam.cat\/es\/wp-json\/wp\/v2\/media\/486"}],"wp:attachment":[{"href":"https:\/\/comercialdiscam.cat\/es\/wp-json\/wp\/v2\/media?parent=438"}],"wp:term":[{"taxonomy":"product_brand","embeddable":true,"href":"https:\/\/comercialdiscam.cat\/es\/wp-json\/wp\/v2\/product_brand?post=438"},{"taxonomy":"product_cat","embeddable":true,"href":"https:\/\/comercialdiscam.cat\/es\/wp-json\/wp\/v2\/product_cat?post=438"},{"taxonomy":"product_tag","embeddable":true,"href":"https:\/\/comercialdiscam.cat\/es\/wp-json\/wp\/v2\/product_tag?post=438"}],"curies":[{"name":"wp","href":"https:\/\/api.w.org\/{rel}","templated":true}]}}