{"id":1632,"date":"2025-02-19T12:14:26","date_gmt":"2025-02-19T11:14:26","guid":{"rendered":"https:\/\/comercialdiscam.cat\/?post_type=product&#038;p=1632"},"modified":"2025-04-10T17:36:54","modified_gmt":"2025-04-10T15:36:54","slug":"2-capas-40x40","status":"publish","type":"product","link":"https:\/\/comercialdiscam.cat\/es\/manteleria\/servilletas\/2-capas-40x40\/","title":{"rendered":"Servilletas 2 capas 40&#215;40 P&#038;P"},"content":{"rendered":"<p>Servilletas de papel doble capa fabricadas con <strong>celulosa virgen de alta calidad<\/strong>, dise\u00f1adas para ofrecer <strong>resistencia, absorci\u00f3n y volumen<\/strong>, gracias a su uni\u00f3n mediante tecnolog\u00eda <strong>PUNTA-PUNTA<\/strong>. Esta t\u00e9cnica une ambas capas creando peque\u00f1as c\u00e1maras de aire, lo que mejora la textura, proporciona mayor esponjosidad y eleva la sensaci\u00f3n de confort al tacto.<\/p>\n<p>Una alternativa <strong>desechable, reciclable y sostenible<\/strong>, ideal para el canal HORECA y el sector profesional de la restauraci\u00f3n.<\/p>\n<p><strong>\ud83d\udd39 Beneficios del producto:<\/strong><\/p>\n<ul>\n<li><strong>Alta resistencia y absorci\u00f3n:<\/strong> Mejora la experiencia del cliente y reduce el consumo por servicio.<\/li>\n<li><strong>Formato profesional:<\/strong> Plegado 1\/4 (20&#215;20 cm) con dimensiones abiertas de 40&#215;40 cm.<\/li>\n<li><strong>Imagen cuidada:<\/strong> Acabado elegante, apto para todo tipo de servicios y eventos.<\/li>\n<li><strong>Sostenibilidad:<\/strong> Fabricadas con celulosa virgen, reciclables al 100%.<\/li>\n<\/ul>\n<p><strong>\ud83d\udce6 Presentaci\u00f3n:<\/strong> Paquetes en caja ideal para uso intensivo en restaurantes, hoteles, bares y colectividades.<\/p>\n","protected":false},"excerpt":{"rendered":"<p>Servilletas de papel doble capa fabricadas con celulosa virgen de alta calidad, dise\u00f1adas para ofrecer resistencia, absorci\u00f3n y volumen, gracias a su uni\u00f3n mediante tecnolog\u00eda PUNTA-PUNTA. Esta t\u00e9cnica une ambas capas creando peque\u00f1as c\u00e1maras de aire, lo que mejora la textura, proporciona mayor esponjosidad y eleva la sensaci\u00f3n de confort al tacto. Una alternativa desechable, [&hellip;]<\/p>\n","protected":false},"featured_media":1681,"template":"","meta":{"_joinchat":[]},"product_brand":[],"product_cat":[113,116],"product_tag":[77,363],"class_list":{"0":"post-1632","1":"product","2":"type-product","3":"status-publish","4":"has-post-thumbnail","6":"product_cat-manteleria","7":"product_cat-servilletas","8":"product_tag-ecologico","9":"product_tag-punta-a-punta","11":"first","12":"instock","13":"shipping-taxable","14":"purchasable","15":"product-type-variable","16":"wvs-archive-product-wrapper"},"_links":{"self":[{"href":"https:\/\/comercialdiscam.cat\/es\/wp-json\/wp\/v2\/product\/1632","targetHints":{"allow":["GET"]}}],"collection":[{"href":"https:\/\/comercialdiscam.cat\/es\/wp-json\/wp\/v2\/product"}],"about":[{"href":"https:\/\/comercialdiscam.cat\/es\/wp-json\/wp\/v2\/types\/product"}],"wp:featuredmedia":[{"embeddable":true,"href":"https:\/\/comercialdiscam.cat\/es\/wp-json\/wp\/v2\/media\/1681"}],"wp:attachment":[{"href":"https:\/\/comercialdiscam.cat\/es\/wp-json\/wp\/v2\/media?parent=1632"}],"wp:term":[{"taxonomy":"product_brand","embeddable":true,"href":"https:\/\/comercialdiscam.cat\/es\/wp-json\/wp\/v2\/product_brand?post=1632"},{"taxonomy":"product_cat","embeddable":true,"href":"https:\/\/comercialdiscam.cat\/es\/wp-json\/wp\/v2\/product_cat?post=1632"},{"taxonomy":"product_tag","embeddable":true,"href":"https:\/\/comercialdiscam.cat\/es\/wp-json\/wp\/v2\/product_tag?post=1632"}],"curies":[{"name":"wp","href":"https:\/\/api.w.org\/{rel}","templated":true}]}}