{"id":1631,"date":"2025-02-19T12:14:25","date_gmt":"2025-02-19T11:14:25","guid":{"rendered":"https:\/\/comercialdiscam.cat\/?post_type=product&#038;p=1631"},"modified":"2025-04-10T17:41:00","modified_gmt":"2025-04-10T15:41:00","slug":"2-capas-30x40-plegada","status":"publish","type":"product","link":"https:\/\/comercialdiscam.cat\/es\/manteleria\/servilletas\/2-capas-30x40-plegada\/","title":{"rendered":"Servilleta de papel 2 capas 30&#215;40 plegada 1\/6"},"content":{"rendered":"<p>Servilleta profesional de <strong>doble capa<\/strong> en formato <strong>30&#215;40 cm con plegado 1\/6<\/strong>, dise\u00f1ada para ofrecer <strong>resistencia, absorci\u00f3n y comodidad<\/strong> en servicios de mesa y comida para llevar. Su tama\u00f1o y formato la hacen ideal para colocar en bandejas o mesas, optimizando el espacio y ofreciendo una excelente presentaci\u00f3n en restaurantes, caterings y servicios de <em>take away<\/em>.<\/p>\n<p><strong>\ud83c\udf31 Opci\u00f3n ecol\u00f3gica disponible:<\/strong> Para negocios comprometidos con el medio ambiente, disponemos de una versi\u00f3n <strong>100% reciclada, biodegradable y compostable<\/strong>, fabricada con <em>papel reciclado certificado FSC Recycled y EU-Ecolabel<\/em>. De color crema natural y tacto agradable, garantiza funcionalidad con un menor impacto ambiental.<\/p>\n<p>Perfectas para entornos como <strong>delivery, take away y establecimientos eco-friendly<\/strong> que buscan una imagen responsable sin renunciar a la calidad.<\/p>\n<p><strong>\ud83d\udce6 Presentaci\u00f3n:<\/strong><\/p>\n<ul>\n<li><strong>Caja:<\/strong> 3.000 unidades<\/li>\n<li><strong>Paquete:<\/strong> 150 unidades<\/li>\n<\/ul>\n","protected":false},"excerpt":{"rendered":"<p>Servilleta profesional de doble capa en formato 30&#215;40 cm con plegado 1\/6, dise\u00f1ada para ofrecer resistencia, absorci\u00f3n y comodidad en servicios de mesa y comida para llevar. Su tama\u00f1o y formato la hacen ideal para colocar en bandejas o mesas, optimizando el espacio y ofreciendo una excelente presentaci\u00f3n en restaurantes, caterings y servicios de take [&hellip;]<\/p>\n","protected":false},"featured_media":1679,"template":"","meta":{"_joinchat":[]},"product_brand":[],"product_cat":[113,116],"product_tag":[77,363],"class_list":{"0":"post-1631","1":"product","2":"type-product","3":"status-publish","4":"has-post-thumbnail","6":"product_cat-manteleria","7":"product_cat-servilletas","8":"product_tag-ecologico","9":"product_tag-punta-a-punta","11":"first","12":"instock","13":"shipping-taxable","14":"purchasable","15":"product-type-variable","16":"wvs-archive-product-wrapper"},"_links":{"self":[{"href":"https:\/\/comercialdiscam.cat\/es\/wp-json\/wp\/v2\/product\/1631","targetHints":{"allow":["GET"]}}],"collection":[{"href":"https:\/\/comercialdiscam.cat\/es\/wp-json\/wp\/v2\/product"}],"about":[{"href":"https:\/\/comercialdiscam.cat\/es\/wp-json\/wp\/v2\/types\/product"}],"wp:featuredmedia":[{"embeddable":true,"href":"https:\/\/comercialdiscam.cat\/es\/wp-json\/wp\/v2\/media\/1679"}],"wp:attachment":[{"href":"https:\/\/comercialdiscam.cat\/es\/wp-json\/wp\/v2\/media?parent=1631"}],"wp:term":[{"taxonomy":"product_brand","embeddable":true,"href":"https:\/\/comercialdiscam.cat\/es\/wp-json\/wp\/v2\/product_brand?post=1631"},{"taxonomy":"product_cat","embeddable":true,"href":"https:\/\/comercialdiscam.cat\/es\/wp-json\/wp\/v2\/product_cat?post=1631"},{"taxonomy":"product_tag","embeddable":true,"href":"https:\/\/comercialdiscam.cat\/es\/wp-json\/wp\/v2\/product_tag?post=1631"}],"curies":[{"name":"wp","href":"https:\/\/api.w.org\/{rel}","templated":true}]}}