{"id":1461,"date":"2025-02-19T12:13:37","date_gmt":"2025-02-19T11:13:37","guid":{"rendered":"https:\/\/comercialdiscam.cat\/?post_type=product&#038;p=1461"},"modified":"2025-04-03T18:54:22","modified_gmt":"2025-04-03T16:54:22","slug":"tork-espuma-suave","status":"publish","type":"product","link":"https:\/\/comercialdiscam.cat\/es\/higiene-personal\/jabon-manos\/tork-espuma-suave\/","title":{"rendered":"Tork jab\u00f3n en espuma suave"},"content":{"rendered":"<p>El <strong>Jab\u00f3n en Espuma Suave Tork<\/strong> est\u00e1 especialmente formulado para <strong>cuidar las pieles normales y secas<\/strong>. Su f\u00f3rmula contiene <strong>ingredientes rehidratantes<\/strong> y una <strong>espuma suave y cremosa<\/strong> que transforma el lavado de manos en una experiencia agradable y delicadamente perfumada<\/p>\n<p><strong>\ud83e\uddfc<\/strong><strong style=\"font-family: -apple-system, BlinkMacSystemFont, 'Segoe UI', Roboto, 'Helvetica Neue', Arial, 'Noto Sans', sans-serif, 'Apple Color Emoji', 'Segoe UI Emoji', 'Segoe UI Symbol', 'Noto Color Emoji';\">\u00a0Beneficios del Jab\u00f3n Tork:<\/strong><\/p>\n<ul>\n<li><strong>Hidrataci\u00f3n efectiva:<\/strong> Protege y cuida la piel gracias a sus ingredientes rehidratantes.<\/li>\n<li><strong>Espuma cremosa:<\/strong> Sensaci\u00f3n suave al tacto, ideal para el uso frecuente.<\/li>\n<li><strong>Aroma delicado:<\/strong> Fragancia ligera que aporta sensaci\u00f3n de frescor y limpieza.<\/li>\n<li><strong>F\u00e1cil de usar:<\/strong> Compatible con el <strong>dispensador Tork para jab\u00f3n en espuma<\/strong>, con certificaci\u00f3n de accesibilidad.<\/li>\n<li><strong>Alta rentabilidad:<\/strong> Cada recambio proporciona numerosas dosis con una m\u00ednima cantidad de producto.<\/li>\n<\/ul>\n<p><strong>\ud83d\udccc Aplicaciones:<\/strong> Perfecto para <strong>oficinas, restaurantes, escuelas, ba\u00f1os p\u00fablicos<\/strong> y cualquier entorno que requiera una <strong>buena higiene de manos<\/strong> con un toque de suavidad y cuidado.<\/p>\n","protected":false},"excerpt":{"rendered":"<p>El Jab\u00f3n en Espuma Suave Tork est\u00e1 especialmente formulado para cuidar las pieles normales y secas. Su f\u00f3rmula contiene ingredientes rehidratantes y una espuma suave y cremosa que transforma el lavado de manos en una experiencia agradable y delicadamente perfumada \ud83e\uddfc\u00a0Beneficios del Jab\u00f3n Tork: Hidrataci\u00f3n efectiva: Protege y cuida la piel gracias a sus ingredientes [&hellip;]<\/p>\n","protected":false},"featured_media":1492,"template":"","meta":{"_joinchat":[]},"product_brand":[],"product_cat":[83,85],"product_tag":[],"class_list":{"0":"post-1461","1":"product","2":"type-product","3":"status-publish","4":"has-post-thumbnail","6":"product_cat-higiene-personal","7":"product_cat-jabon-manos","9":"first","10":"instock","11":"shipping-taxable","12":"product-type-simple"},"_links":{"self":[{"href":"https:\/\/comercialdiscam.cat\/es\/wp-json\/wp\/v2\/product\/1461","targetHints":{"allow":["GET"]}}],"collection":[{"href":"https:\/\/comercialdiscam.cat\/es\/wp-json\/wp\/v2\/product"}],"about":[{"href":"https:\/\/comercialdiscam.cat\/es\/wp-json\/wp\/v2\/types\/product"}],"wp:featuredmedia":[{"embeddable":true,"href":"https:\/\/comercialdiscam.cat\/es\/wp-json\/wp\/v2\/media\/1492"}],"wp:attachment":[{"href":"https:\/\/comercialdiscam.cat\/es\/wp-json\/wp\/v2\/media?parent=1461"}],"wp:term":[{"taxonomy":"product_brand","embeddable":true,"href":"https:\/\/comercialdiscam.cat\/es\/wp-json\/wp\/v2\/product_brand?post=1461"},{"taxonomy":"product_cat","embeddable":true,"href":"https:\/\/comercialdiscam.cat\/es\/wp-json\/wp\/v2\/product_cat?post=1461"},{"taxonomy":"product_tag","embeddable":true,"href":"https:\/\/comercialdiscam.cat\/es\/wp-json\/wp\/v2\/product_tag?post=1461"}],"curies":[{"name":"wp","href":"https:\/\/api.w.org\/{rel}","templated":true}]}}