{"id":1382,"date":"2025-02-19T12:13:15","date_gmt":"2025-02-19T11:13:15","guid":{"rendered":"https:\/\/comercialdiscam.cat\/?post_type=product&#038;p=1382"},"modified":"2025-12-17T17:51:01","modified_gmt":"2025-12-17T16:51:01","slug":"domestica-30lt","status":"publish","type":"product","link":"https:\/\/comercialdiscam.cat\/es\/bolsas\/basura\/domestica-30lt\/","title":{"rendered":"Bolsa de basura dom\u00e9stica 52&#215;60 (30 L)"},"content":{"rendered":"<p>Las <strong>Bolsas de Basura Dom\u00e9sticas 52&#215;60 cm (30 L)<\/strong> ofrecen una soluci\u00f3n pr\u00e1ctica y resistente para la gesti\u00f3n de residuos en <strong>hogares, oficinas, comercios y establecimientos de hosteler\u00eda<\/strong>. Dise\u00f1adas para adaptarse a cubos de basura est\u00e1ndar, combinan <strong>gran capacidad y resistencia<\/strong>, evitando roturas y fugas.<\/p>\n<p>Disponibles en diferentes colores y grosores (<strong>galgas<\/strong>), permiten elegir la opci\u00f3n m\u00e1s adecuada seg\u00fan el tipo de residuos y necesidades espec\u00edficas.<\/p>\n<p><strong>\ud83d\udd39 Beneficios de las Bolsas de Basura Dom\u00e9sticas 30 L:<\/strong><\/p>\n<ul>\n<li style=\"list-style-type: none;\">\n<ul>\n<li><strong>Alta resistencia<\/strong>: Diferentes galgas para soportar distintos niveles de carga.<\/li>\n<li><strong>Formato pr\u00e1ctico<\/strong>: Tama\u00f1o ideal para cubos est\u00e1ndar de 30 L.<\/li>\n<li><strong>Diversidad de opciones<\/strong>: Disponibles en diferentes colores y espesores.<\/li>\n<li><strong>Uso vers\u00e1til<\/strong>: Apta para uso dom\u00e9stico, oficinas, comercios y hosteler\u00eda.<\/li>\n<li><strong>Pack de 25 unidades<\/strong>: Presentaci\u00f3n funcional y econ\u00f3mica.<\/li>\n<\/ul>\n<\/li>\n<\/ul>\n<p><strong>\ud83d\udccf Caracter\u00edsticas del producto:<\/strong><\/p>\n<ul>\n<li><strong>Dimensiones:<\/strong> 52&#215;60 cm.<\/li>\n<li><strong>Capacidad:<\/strong> 30 litros.<\/li>\n<li><strong>Unidades por pack:<\/strong> 25 unidades.<\/li>\n<li><strong>Colores disponibles:<\/strong> Blanco,negro y amarillo.<\/li>\n<li><strong>Galgas disponibles:<\/strong>\n<ul>\n<li>Blanco galga 60.<\/li>\n<li>Negro galga 80.<\/li>\n<li>Amarillo galga 60.<\/li>\n<\/ul>\n<\/li>\n<\/ul>\n<p>\ud83d\udccc <strong>Ideal para quienes buscan una bolsa de basura resistente, funcional y adaptada a diferentes necesidades.<\/strong><\/p>\n<p>Las <strong>Bolsas de Basura Dom\u00e9sticas 52&#215;60 cm (30 L)<\/strong> combinan calidad, resistencia y versatilidad para un uso eficiente en cualquier entorno.<\/p>\n","protected":false},"excerpt":{"rendered":"<p>Las Bolsas de Basura Dom\u00e9sticas 52&#215;60 cm (30 L) ofrecen una soluci\u00f3n pr\u00e1ctica y resistente para la gesti\u00f3n de residuos en hogares, oficinas, comercios y establecimientos de hosteler\u00eda. Dise\u00f1adas para adaptarse a cubos de basura est\u00e1ndar, combinan gran capacidad y resistencia, evitando roturas y fugas. Disponibles en diferentes colores y grosores (galgas), permiten elegir la [&hellip;]<\/p>\n","protected":false},"featured_media":6744,"template":"","meta":{"_joinchat":[]},"product_brand":[],"product_cat":[58,60],"product_tag":[],"class_list":{"0":"post-1382","1":"product","2":"type-product","3":"status-publish","4":"has-post-thumbnail","6":"product_cat-bolsas","7":"product_cat-basura","9":"first","10":"instock","11":"shipping-taxable","12":"purchasable","13":"product-type-variable","14":"wvs-archive-product-wrapper"},"_links":{"self":[{"href":"https:\/\/comercialdiscam.cat\/es\/wp-json\/wp\/v2\/product\/1382","targetHints":{"allow":["GET"]}}],"collection":[{"href":"https:\/\/comercialdiscam.cat\/es\/wp-json\/wp\/v2\/product"}],"about":[{"href":"https:\/\/comercialdiscam.cat\/es\/wp-json\/wp\/v2\/types\/product"}],"wp:featuredmedia":[{"embeddable":true,"href":"https:\/\/comercialdiscam.cat\/es\/wp-json\/wp\/v2\/media\/6744"}],"wp:attachment":[{"href":"https:\/\/comercialdiscam.cat\/es\/wp-json\/wp\/v2\/media?parent=1382"}],"wp:term":[{"taxonomy":"product_brand","embeddable":true,"href":"https:\/\/comercialdiscam.cat\/es\/wp-json\/wp\/v2\/product_brand?post=1382"},{"taxonomy":"product_cat","embeddable":true,"href":"https:\/\/comercialdiscam.cat\/es\/wp-json\/wp\/v2\/product_cat?post=1382"},{"taxonomy":"product_tag","embeddable":true,"href":"https:\/\/comercialdiscam.cat\/es\/wp-json\/wp\/v2\/product_tag?post=1382"}],"curies":[{"name":"wp","href":"https:\/\/api.w.org\/{rel}","templated":true}]}}