{"id":1381,"date":"2025-02-19T12:13:15","date_gmt":"2025-02-19T11:13:15","guid":{"rendered":"https:\/\/comercialdiscam.cat\/?post_type=product&#038;p=1381"},"modified":"2025-04-10T17:43:31","modified_gmt":"2025-04-10T15:43:31","slug":"tissue-blanca-40x40-doblada","status":"publish","type":"product","link":"https:\/\/comercialdiscam.cat\/es\/manteleria\/servilletas\/tissue-blanca-40x40-doblada\/","title":{"rendered":"Servilleta tissue blanca 40&#215;40 doblada 1\/8"},"content":{"rendered":"<p>Servilletas de <strong>papel tissue de doble capa<\/strong> en color blanco, con <strong>pliegue 1\/8 (americano)<\/strong>, que combinan suavidad, absorci\u00f3n y volumen para una experiencia superior en el servicio de mesa.<\/p>\n<p>Fabricadas con <strong>encolado por micropuntos<\/strong>, ofrecen una <strong>mayor resistencia y tacto m\u00e1s agradable<\/strong> en comparaci\u00f3n con las servilletas tradicionales. Este innovador sistema mejora su durabilidad y sensaci\u00f3n al tacto, garantizando una presentaci\u00f3n impecable y un uso eficiente.<\/p>\n<p>Gracias a su excelente relaci\u00f3n calidad-precio, son la opci\u00f3n ideal para <strong>restaurantes, hoteles, banquetes y eventos<\/strong> que buscan una soluci\u00f3n funcional y elegante.<\/p>\n<p><strong>\u2714\ufe0f Presentaci\u00f3n vers\u00e1til<\/strong> para servicios de hosteler\u00eda con alto volumen de consumo.<\/p>\n","protected":false},"excerpt":{"rendered":"<p>Servilletas de papel tissue de doble capa en color blanco, con pliegue 1\/8 (americano), que combinan suavidad, absorci\u00f3n y volumen para una experiencia superior en el servicio de mesa. Fabricadas con encolado por micropuntos, ofrecen una mayor resistencia y tacto m\u00e1s agradable en comparaci\u00f3n con las servilletas tradicionales. Este innovador sistema mejora su durabilidad y [&hellip;]<\/p>\n","protected":false},"featured_media":1292,"template":"","meta":{"_joinchat":[]},"product_brand":[],"product_cat":[113,116],"product_tag":[364],"class_list":{"0":"post-1381","1":"product","2":"type-product","3":"status-publish","4":"has-post-thumbnail","6":"product_cat-manteleria","7":"product_cat-servilletas","8":"product_tag-tissu-cenefa","10":"first","11":"instock","12":"shipping-taxable","13":"product-type-simple"},"_links":{"self":[{"href":"https:\/\/comercialdiscam.cat\/es\/wp-json\/wp\/v2\/product\/1381","targetHints":{"allow":["GET"]}}],"collection":[{"href":"https:\/\/comercialdiscam.cat\/es\/wp-json\/wp\/v2\/product"}],"about":[{"href":"https:\/\/comercialdiscam.cat\/es\/wp-json\/wp\/v2\/types\/product"}],"wp:featuredmedia":[{"embeddable":true,"href":"https:\/\/comercialdiscam.cat\/es\/wp-json\/wp\/v2\/media\/1292"}],"wp:attachment":[{"href":"https:\/\/comercialdiscam.cat\/es\/wp-json\/wp\/v2\/media?parent=1381"}],"wp:term":[{"taxonomy":"product_brand","embeddable":true,"href":"https:\/\/comercialdiscam.cat\/es\/wp-json\/wp\/v2\/product_brand?post=1381"},{"taxonomy":"product_cat","embeddable":true,"href":"https:\/\/comercialdiscam.cat\/es\/wp-json\/wp\/v2\/product_cat?post=1381"},{"taxonomy":"product_tag","embeddable":true,"href":"https:\/\/comercialdiscam.cat\/es\/wp-json\/wp\/v2\/product_tag?post=1381"}],"curies":[{"name":"wp","href":"https:\/\/api.w.org\/{rel}","templated":true}]}}