{"id":1319,"date":"2025-02-19T12:12:56","date_gmt":"2025-02-19T11:12:56","guid":{"rendered":"https:\/\/comercialdiscam.cat\/?post_type=product&#038;p=1319"},"modified":"2025-03-03T17:18:00","modified_gmt":"2025-03-03T16:18:00","slug":"microfibra-espontex","status":"publish","type":"product","link":"https:\/\/comercialdiscam.cat\/es\/utiles-de-limpieza\/bayetas-trapos\/microfibra-espontex\/","title":{"rendered":"Bayeta de microfibra Spontex"},"content":{"rendered":"<p>Las <strong>bayetas de microfibra Spontex<\/strong> est\u00e1n dise\u00f1adas para ofrecer una limpieza profunda y eficaz, eliminando <strong>grasa y suciedad de una sola pasada<\/strong>. Su avanzada tecnolog\u00eda de <strong>microfibras superabsorbentes<\/strong> garantiza una mayor capacidad de retenci\u00f3n de part\u00edculas en comparaci\u00f3n con las fibras tradicionales, permitiendo una limpieza m\u00e1s r\u00e1pida y sin esfuerzo.<\/p>\n<p><strong>\ud83d\udce6 Formato:<\/strong> \u00a1<strong>Pack de 5 bayetas en diferentes <\/strong><\/p>\n<p><strong>\ud83e\udda0<\/strong><span style=\"font-family: -apple-system, BlinkMacSystemFont, 'Segoe UI', Roboto, 'Helvetica Neue', Arial, 'Noto Sans', sans-serif, 'Apple Color Emoji', 'Segoe UI Emoji', 'Segoe UI Symbol', 'Noto Color Emoji';\">\u00a0<strong>M\u00e1xima eficacia antibacteriana<\/strong><\/span><\/p>\n<ul>\n<li><strong>Elimina el 99% de las bacterias<\/strong> de las superficies.<\/li>\n<li><strong>Microfibras de alto rendimiento<\/strong> con miles de puntos de contacto que atrapan mejor la suciedad.<\/li>\n<li><strong>Uso vers\u00e1til<\/strong> \u2013 Apta para la limpieza de todo tipo de superficies.<\/li>\n<li><strong>Superabsorbente y resistente<\/strong> \u2013 Retiene m\u00e1s l\u00edquido que las bayetas convencionales.<\/li>\n<li><strong>Eficaz incluso sin productos qu\u00edmicos<\/strong>, gracias a su acci\u00f3n mec\u00e1nica avanzada.<\/li>\n<\/ul>\n<p>La mejor opci\u00f3n para una <strong>limpieza profesional y eficiente<\/strong>, con la garant\u00eda de Spontex.<\/p>\n","protected":false},"excerpt":{"rendered":"<p>Las bayetas de microfibra Spontex est\u00e1n dise\u00f1adas para ofrecer una limpieza profunda y eficaz, eliminando grasa y suciedad de una sola pasada. Su avanzada tecnolog\u00eda de microfibras superabsorbentes garantiza una mayor capacidad de retenci\u00f3n de part\u00edculas en comparaci\u00f3n con las fibras tradicionales, permitiendo una limpieza m\u00e1s r\u00e1pida y sin esfuerzo. \ud83d\udce6 Formato: \u00a1Pack de 5 [&hellip;]<\/p>\n","protected":false},"featured_media":1364,"template":"","meta":{"_joinchat":[]},"product_brand":[],"product_cat":[99,52],"product_tag":[],"class_list":{"0":"post-1319","1":"product","2":"type-product","3":"status-publish","4":"has-post-thumbnail","6":"product_cat-bayetas-trapos","7":"product_cat-utiles-de-limpieza","9":"first","10":"instock","11":"shipping-taxable","12":"product-type-simple"},"_links":{"self":[{"href":"https:\/\/comercialdiscam.cat\/es\/wp-json\/wp\/v2\/product\/1319","targetHints":{"allow":["GET"]}}],"collection":[{"href":"https:\/\/comercialdiscam.cat\/es\/wp-json\/wp\/v2\/product"}],"about":[{"href":"https:\/\/comercialdiscam.cat\/es\/wp-json\/wp\/v2\/types\/product"}],"wp:featuredmedia":[{"embeddable":true,"href":"https:\/\/comercialdiscam.cat\/es\/wp-json\/wp\/v2\/media\/1364"}],"wp:attachment":[{"href":"https:\/\/comercialdiscam.cat\/es\/wp-json\/wp\/v2\/media?parent=1319"}],"wp:term":[{"taxonomy":"product_brand","embeddable":true,"href":"https:\/\/comercialdiscam.cat\/es\/wp-json\/wp\/v2\/product_brand?post=1319"},{"taxonomy":"product_cat","embeddable":true,"href":"https:\/\/comercialdiscam.cat\/es\/wp-json\/wp\/v2\/product_cat?post=1319"},{"taxonomy":"product_tag","embeddable":true,"href":"https:\/\/comercialdiscam.cat\/es\/wp-json\/wp\/v2\/product_tag?post=1319"}],"curies":[{"name":"wp","href":"https:\/\/api.w.org\/{rel}","templated":true}]}}