{"id":1304,"date":"2025-02-19T12:12:54","date_gmt":"2025-02-19T11:12:54","guid":{"rendered":"https:\/\/comercialdiscam.cat\/?post_type=product&#038;p=1304"},"modified":"2025-04-04T07:52:33","modified_gmt":"2025-04-04T05:52:33","slug":"rollo-nextex-1x20","status":"publish","type":"product","link":"https:\/\/comercialdiscam.cat\/es\/manteleria\/manteles\/rollo-nextex-1x20\/","title":{"rendered":"Rollo mantel Nextex 1&#215;120"},"content":{"rendered":"<p>Los <strong>manteles de polipropileno y SMS<\/strong> est\u00e1n dise\u00f1ados para entornos que requieren una soluci\u00f3n resistente, impermeable y de alta durabilidad. Gracias a su composici\u00f3n en <strong>polipropileno (50 g) y SMS (45 g)<\/strong>, ofrecen una combinaci\u00f3n \u00f3ptima de rigidez, resistencia al impacto y protecci\u00f3n qu\u00edmica, lo que los hace ideales para distintos procesos industriales, laboratorios y sectores de hosteler\u00eda que buscan una alternativa duradera y funcional.<\/p>\n<p>Su estructura <strong>no polar y semicristalina<\/strong> proporciona una excelente barrera frente a <strong>productos qu\u00edmicos corrosivos, \u00e1cidos inorg\u00e1nicos, \u00e1cidos org\u00e1nicos d\u00e9biles, lej\u00edas, alcohol y aceites<\/strong>, asegurando una superficie segura y f\u00e1cil de limpiar. Sin embargo, su propiedad aislante puede generar carga electrost\u00e1tica, lo que puede favorecer la acumulaci\u00f3n de polvo en determinadas condiciones.<\/p>\n<p><strong>Caracter\u00edsticas del producto:<\/strong><\/p>\n<p>\u2714 <strong>Material:<\/strong> Polipropileno 50 g y SMS 45 g<br \/>\n\u2714 <strong>Colores disponibles:<\/strong> Negro y burdeos<br \/>\n\u2714 <strong>Propiedades:<\/strong> R\u00edgido, resistente a impactos y productos qu\u00edmicos<br \/>\n\u2714 <strong>Impermeable:<\/strong> Repele l\u00edquidos y grasas<br \/>\n\u2714 <strong>Uso recomendado:<\/strong> Hosteler\u00eda, laboratorios, procesos industriales y protecci\u00f3n de superficies<\/p>\n<p>Una opci\u00f3n eficiente para entornos donde la higiene, la resistencia qu\u00edmica y la durabilidad son prioritarias.<\/p>\n","protected":false},"excerpt":{"rendered":"<p>Los manteles de polipropileno y SMS est\u00e1n dise\u00f1ados para entornos que requieren una soluci\u00f3n resistente, impermeable y de alta durabilidad. Gracias a su composici\u00f3n en polipropileno (50 g) y SMS (45 g), ofrecen una combinaci\u00f3n \u00f3ptima de rigidez, resistencia al impacto y protecci\u00f3n qu\u00edmica, lo que los hace ideales para distintos procesos industriales, laboratorios y [&hellip;]<\/p>\n","protected":false},"featured_media":2707,"template":"","meta":{"_joinchat":[]},"product_brand":[],"product_cat":[113,114],"product_tag":[358,360],"class_list":{"0":"post-1304","1":"product","2":"type-product","3":"status-publish","4":"has-post-thumbnail","6":"product_cat-manteleria","7":"product_cat-manteles","8":"product_tag-new-text","9":"product_tag-rollo","11":"first","12":"instock","13":"shipping-taxable","14":"purchasable","15":"product-type-variable","16":"wvs-archive-product-wrapper"},"_links":{"self":[{"href":"https:\/\/comercialdiscam.cat\/es\/wp-json\/wp\/v2\/product\/1304","targetHints":{"allow":["GET"]}}],"collection":[{"href":"https:\/\/comercialdiscam.cat\/es\/wp-json\/wp\/v2\/product"}],"about":[{"href":"https:\/\/comercialdiscam.cat\/es\/wp-json\/wp\/v2\/types\/product"}],"wp:featuredmedia":[{"embeddable":true,"href":"https:\/\/comercialdiscam.cat\/es\/wp-json\/wp\/v2\/media\/2707"}],"wp:attachment":[{"href":"https:\/\/comercialdiscam.cat\/es\/wp-json\/wp\/v2\/media?parent=1304"}],"wp:term":[{"taxonomy":"product_brand","embeddable":true,"href":"https:\/\/comercialdiscam.cat\/es\/wp-json\/wp\/v2\/product_brand?post=1304"},{"taxonomy":"product_cat","embeddable":true,"href":"https:\/\/comercialdiscam.cat\/es\/wp-json\/wp\/v2\/product_cat?post=1304"},{"taxonomy":"product_tag","embeddable":true,"href":"https:\/\/comercialdiscam.cat\/es\/wp-json\/wp\/v2\/product_tag?post=1304"}],"curies":[{"name":"wp","href":"https:\/\/api.w.org\/{rel}","templated":true}]}}