{"id":1026,"date":"2025-02-19T12:11:24","date_gmt":"2025-02-19T11:11:24","guid":{"rendered":"https:\/\/comercialdiscam.cat\/?post_type=product&#038;p=1026"},"modified":"2025-02-26T17:00:30","modified_gmt":"2025-02-26T16:00:30","slug":"punta-a-punta-38x38","status":"publish","type":"product","link":"https:\/\/comercialdiscam.cat\/es\/manteleria\/servilletas\/punta-a-punta-38x38\/","title":{"rendered":"Servilleta punta a punta 38&#215;38"},"content":{"rendered":"<p>Aporta un toque de calidad y distinci\u00f3n a tu mesa con nuestras servilletas de PUNTA PUNTA. Gracias a su innovador sistema de encolado por micropuntos, estas servilletas ofrecen una textura m\u00e1s suave, mayor capacidad de absorci\u00f3n y un volumen superior en comparaci\u00f3n con las servilletas convencionales.<\/p>\n<p>Dise\u00f1adas para el sector de la hosteler\u00eda y la restauraci\u00f3n, destacan por su excelente relaci\u00f3n calidad-precio, siendo una opci\u00f3n pr\u00e1ctica y elegante para bares, restaurantes, hoteles y eventos.<\/p>\n<p>Disponibles en diferentes formatos y en una amplia gama de colores. Si necesitas otro tama\u00f1o o color, cons\u00faltanos y te ayudaremos a encontrar la opci\u00f3n perfecta.<\/p>\n","protected":false},"excerpt":{"rendered":"<p>Aporta un toque de calidad y distinci\u00f3n a tu mesa con nuestras servilletas de PUNTA PUNTA. Gracias a su innovador sistema de encolado por micropuntos, estas servilletas ofrecen una textura m\u00e1s suave, mayor capacidad de absorci\u00f3n y un volumen superior en comparaci\u00f3n con las servilletas convencionales. Dise\u00f1adas para el sector de la hosteler\u00eda y la [&hellip;]<\/p>\n","protected":false},"featured_media":1056,"template":"","meta":{"_joinchat":[]},"product_brand":[],"product_cat":[116,113],"product_tag":[363],"class_list":{"0":"post-1026","1":"product","2":"type-product","3":"status-publish","4":"has-post-thumbnail","6":"product_cat-servilletas","7":"product_cat-manteleria","8":"product_tag-punta-a-punta","10":"first","11":"instock","12":"shipping-taxable","13":"purchasable","14":"product-type-variable","15":"wvs-archive-product-wrapper"},"_links":{"self":[{"href":"https:\/\/comercialdiscam.cat\/es\/wp-json\/wp\/v2\/product\/1026","targetHints":{"allow":["GET"]}}],"collection":[{"href":"https:\/\/comercialdiscam.cat\/es\/wp-json\/wp\/v2\/product"}],"about":[{"href":"https:\/\/comercialdiscam.cat\/es\/wp-json\/wp\/v2\/types\/product"}],"wp:featuredmedia":[{"embeddable":true,"href":"https:\/\/comercialdiscam.cat\/es\/wp-json\/wp\/v2\/media\/1056"}],"wp:attachment":[{"href":"https:\/\/comercialdiscam.cat\/es\/wp-json\/wp\/v2\/media?parent=1026"}],"wp:term":[{"taxonomy":"product_brand","embeddable":true,"href":"https:\/\/comercialdiscam.cat\/es\/wp-json\/wp\/v2\/product_brand?post=1026"},{"taxonomy":"product_cat","embeddable":true,"href":"https:\/\/comercialdiscam.cat\/es\/wp-json\/wp\/v2\/product_cat?post=1026"},{"taxonomy":"product_tag","embeddable":true,"href":"https:\/\/comercialdiscam.cat\/es\/wp-json\/wp\/v2\/product_tag?post=1026"}],"curies":[{"name":"wp","href":"https:\/\/api.w.org\/{rel}","templated":true}]}}