{"id":3,"date":"2023-01-25T12:32:10","date_gmt":"2023-01-25T12:32:10","guid":{"rendered":"https:\/\/comercialdiscam.cat\/?page_id=3"},"modified":"2025-10-01T17:06:04","modified_gmt":"2025-10-01T15:06:04","slug":"politica-de-privacidad","status":"publish","type":"page","link":"https:\/\/comercialdiscam.cat\/es\/politica-de-privacidad\/","title":{"rendered":"Pol\u00edtica de privacidad"},"content":{"rendered":"\n<h1 class=\"wp-block-heading\"><strong>POL\u00cdTICA DE PRIVACIDAD DE&nbsp;COMERCIAL DISCAM<\/strong> <\/h1>\n\n\n\n<p>COMERCIAL DISCAM se compromete a realizar sus m\u00e1ximos esfuerzos para cumplir en todo momento en relaci\u00f3n con los tratamientos de datos que realice, con la legislaci\u00f3n vigente en cada momento en materia de protecci\u00f3n de datos, actualmente el Reglamento General de Protecci\u00f3n de Datos (UE) N\u00ba 679\/2016.<\/p>\n\n\n\n<p>A continuaci\u00f3n DISCAM PRODUCTES D\u2019HIGIENE, S.L. informa a los USUARIOS sobre los t\u00e9rminos y condiciones en los que DISCAM PRODUCTES D\u2019HIGIENE, S.L. tratar\u00e1 sus datos de car\u00e1cter personal. &nbsp;<\/p>\n\n\n\n<h2 class=\"wp-block-heading\">RESPONSABLE DEL TRATAMIENTO DE LOS DATOS<\/h2>\n\n\n\n<p>Raz\u00f3n social: DISCAM PRODUCTES D\u2019HIGIENE, S.L. <br>Direcci\u00f3n: Avda. Generalitat, nau F71 43480 Vila-seca (Tarragona) Espa\u00f1a <br>CIF: B21750674 <br>Tel\u00e9fono: 652 351 662 <br>E-mail contacto:\u00a0<a href=\"mailto:administracio@comercialdiscam.com\" data-type=\"mailto\" data-id=\"mailto:administracio@comercialdiscam.com\">administracio@comercialdiscam.com<\/a><\/p>\n\n\n\n<h2 class=\"wp-block-heading\">TRATAMIENTO DE LOS DATOS DE LOS USUARIOS DEL&nbsp;FORMULARIO CONTACTAR DE ESTA WEB<\/h2>\n\n\n\n<p><strong>&nbsp;<\/strong><\/p>\n\n\n\n<ol class=\"wp-block-list\">\n<li><strong>Finalidad del Tratamiento de los datos de los usuarios del formulario contactar:<\/strong><\/li>\n<\/ol>\n\n\n\n<ul class=\"wp-block-list\">\n<li>Gestionar y atender las solicitudes de informaci\u00f3n y\/o consultas que los usuarios del formulario contactar de la web nos env\u00eden.<\/li>\n\n\n\n<li>Gestionar el env\u00edo de la informaci\u00f3n que nos soliciten y, en los casos que proceda, facilitarles ofertas de los productos y\/o servicios de DISCAM PRODUCTES D\u2019HIGIENE, S.L. de los que nos hayan manifestado su inter\u00e9s.<\/li>\n<\/ul>\n\n\n\n<p><br>DISCAM PRODUCTES D\u2019HIGIENE, S.L.&nbsp;no tomar\u00e1 decisiones automatizadas en base a su perfil.<\/p>\n\n\n\n<ol start=\"2\" class=\"wp-block-list\">\n<li><strong>Legitimaci\u00f3n para el tratamiento de los datos de los usuarios del formulario contactar: consentimiento del interesado.<\/strong><\/li>\n<\/ol>\n\n\n\n<p>La base legal para el tratamiento de los datos de los usuarios del formulario contactar es la obtenci\u00f3n de su consentimiento, que nos ser\u00e1 prestado en caso y en el momento de cumplimentar y enviarnos el formulario contactar cumplimentado.<\/p>\n\n\n\n<ol start=\"3\" class=\"wp-block-list\">\n<li><strong>Per\u00edodo de conservaci\u00f3n de los datos de los usuarios del formulario contactar de la web:<\/strong><\/li>\n<\/ol>\n\n\n\n<p>Conservaremos los datos de los usuarios del formulario contactar de la web, durante el plazo de (completar periodo razonable, no se pueden guardar indefinidamente si no hay ninguna relaci\u00f3n contractual) a partir de la \u00faltima confirmaci\u00f3n de inter\u00e9s por su parte sobre nuestros productos o servicios, en tanto en cuanto no nos solicite la supresi\u00f3n de sus datos.&nbsp;<strong>&nbsp;<\/strong><\/p>\n\n\n\n<h2 class=\"wp-block-heading\">TRATAMIENTO DE LOS DATOS DE CLIENTES Y PROVEEDORES<\/h2>\n\n\n\n<ol class=\"wp-block-list\">\n<li><strong>Finalidad del Tratamiento de los datos de clientes y proveedores:&nbsp;<\/strong>Gestionar la relaci\u00f3n comercial existente, llevar a cabo y\/o subcontratar los servicios que nos contraten nuestros clientes y llevar a cabo las gestiones contable fiscal y administrativas de la empresa.<\/li>\n\n\n\n<li><strong>Legitimaci\u00f3n para el tratamiento:&nbsp;<\/strong>La base legal para el tratamiento de los datos de clientes y proveedores es la existencia y la ejecuci\u00f3n de contratos de prestaci\u00f3n de servicios y\/o compraventa de mercanc\u00edas.<\/li>\n\n\n\n<li><strong>Per\u00edodo de conservaci\u00f3n de los datos:&nbsp;<\/strong>Conservamos los datos los proveedores mientras se lleven a cabo acciones y relaciones comerciales y durante los a\u00f1os necesarios para cumplir con nuestras obligaciones legales y\/o fiscales derivadas de estas relaciones contractuales.<\/li>\n<\/ol>\n\n\n\n<h2 class=\"wp-block-heading\">&nbsp;TRATAMIENTO DE LOS DATOS DE LOS DESTINATARIOS DE LA NEWSLETTER Y COMUNICACIONES COMERCIALES DE DISCAM PRODUCTES D\u2019HIGIENE, S.L.<\/h2>\n\n\n\n<ol class=\"wp-block-list\">\n<li><strong>Finalidad del Tratamiento de los datos de los suscriptores a la Newsletter y comunicaciones comerciales:<\/strong><\/li>\n<\/ol>\n\n\n\n<p>Gestionar la suscripci\u00f3n y la remisi\u00f3n de la Newsleter y comunicaciones comerciales de DISCAM PRODUCTES D\u2019HIGIENE, S.L.<\/p>\n\n\n\n<ol start=\"2\" class=\"wp-block-list\">\n<li><strong>Legitimaci\u00f3n para el tratamiento de los datos de los destinarios de la Newsletter: Consentimiento del interesado.<\/strong><\/li>\n<\/ol>\n\n\n\n<p>La base legal para el tratamiento de los datos de los destinatarios de la Newsletter y comunicaciones comerciales es la obtenci\u00f3n del consentimiento inequ\u00edvoco del destinatario de la newsletter \u2013 comunicaciones comerciales, mediante su suscripci\u00f3n. Por otro lado, la base legal para el tratamiento y la remisi\u00f3n de las Newsletters que DISCAM PRODUCTES D\u2019HIGIENE, S.L. pueda realizar con destino a sus CLIENTES es el inter\u00e9s leg\u00edtimo de DISCAM PRODUCTES D\u2019HIGIENE, S.L., salvo en el caso de que hayan manifestado su inter\u00e9s de ser dados de baja, enviando un e-mail a&nbsp;administracio@comercialdiscam.com.<\/p>\n\n\n\n<ol start=\"3\" class=\"wp-block-list\">\n<li><strong>Periodo de conservaci\u00f3n de los datos de los destinatarios de la Newsletter y comunicaciones comerciales:<\/strong><\/li>\n<\/ol>\n\n\n\n<p>DISCAM PRODUCTES D\u2019HIGIENE, S.L. conservar\u00e1 los datos personales de los destinatarios de la newsletter y comunicaciones comerciales de DISCAM PRODUCTES D\u2019HIGIENE, S.L. necesarios para la remisi\u00f3n de la newsletter y dem\u00e1s comunicaciones comerciales por plazo indefinido, salvo que nos soliciten la baja del servicio de recepci\u00f3n de Newsletters y dem\u00e1s comunicaciones comerciales por escrito a\u00a0<a href=\"mailto:administracio@comercialdiscam.com\"><br>administracio@comercialdiscam.com<\/a>\u00a0con copia de su DNI. \u00a0\u00a0<strong>\u00a0<\/strong><\/p>\n\n\n\n<h2 class=\"wp-block-heading\">TRATAMIENTO DE LOS DATOS DE LAS AMISTADES EN REDES SOCIALES<\/h2>\n\n\n\n<p>DISCAM PRODUCTES D\u2019HIGIENE, S.L. est\u00e1 presente en las siguientes redes sociales: Facebook, Linkedin, Twitter y Youtube. La finalidad para el tratamiento de los datos de las amistades en redes sociales es la de informar a las amistades acerca de los servicios de que DISCAM PRODUCTES D\u2019HIGIENE, S.L. ofrece a la clientela, en aras a captar nuevos clientes y fidelizar a los existentes. La legitimaci\u00f3n para el tratamiento de los datos de las amistades en redes sociales es el consentimiento de dichas amistades, cuando deciden seguir o dejar de seguir a DISCAM PRODUCTES D\u2019HIGIENE, S.L.<\/p>\n\n\n\n<h2 class=\"wp-block-heading\">TRATAMIENTO DE LOS DATOS DE LOS SOLICITANTES DE EMPLEO&nbsp;CANDIDATOS EN PROCESOS DE SELECCI\u00d3N DE OCUPACION<\/h2>\n\n\n\n<ol class=\"wp-block-list\">\n<li><strong>Finalidad del Tratamiento de los datos de los solicitantes de empleo-candidatos:<\/strong><\/li>\n<\/ol>\n\n\n\n<p>DISCAM PRODUCTES D\u2019HIGIENE, S.L. tratar\u00e1 los datos de los solicitantes de empleo con la finalidad de incorporar y gestionar sus datos en nuestra base de datos de candidatos para poder contactarle cuando su perfil encaje con alguna vacante en los procesos de selecci\u00f3n de personal que DISCAM PRODUCTES D\u2019HIGIENE, S.L. realice.<\/p>\n\n\n\n<ol class=\"wp-block-list\">\n<li>DISCAM PRODUCTES D\u2019HIGIENE, S.L. no tomar\u00e1 decisiones automatizadas en base a su perfil.<\/li>\n\n\n\n<li><strong>Legitimaci\u00f3n para el tratamiento de los datos de los solicitantes de empleo-candidatos: Consentimiento del interesado<\/strong><\/li>\n<\/ol>\n\n\n\n<p>La base legal para el tratamiento de los datos de los solicitantes de empleo-candidatos en procesos de selecci\u00f3n de ocupaci\u00f3n es la obtenci\u00f3n de su consentimiento, mediante acci\u00f3n positiva, en el momento de hacernos llegar su curr\u00edculum por cualquier medio.<\/p>\n\n\n\n<ol start=\"3\" class=\"wp-block-list\">\n<li><strong>Per\u00edodo de conservaci\u00f3n de los datos de los solicitantes de empleo-candidatos:<\/strong><\/li>\n<\/ol>\n\n\n\n<p>DISCAM PRODUCTES D\u2019HIGIENE, S.L. conservar\u00e1 sus datos durante 5 a\u00f1os. &nbsp;<\/p>\n\n\n\n<h2 class=\"wp-block-heading\">PER\u00cdODO GENERAL DE CONSERVACI\u00d3N DE LOS DATOS<\/h2>\n\n\n\n<p>En general, DISCAM PRODUCTES D\u2019HIGIENE, S.L. conservar\u00e1 sus datos personales que nos haya proporcionado, en tanto en cuanto no nos solicite su supresi\u00f3n, salvo indicaci\u00f3n expresa en otro sentido en los anteriores apartados.&nbsp;<strong>&nbsp;<\/strong><\/p>\n\n\n\n<h2 class=\"wp-block-heading\">DESTINATARIOS A LOS QUE COMUNICAREMOS SUS DATOS<\/h2>\n\n\n\n<p>En general los destinatarios de sus datos ser\u00e1n el personal y la direcci\u00f3n de la compa\u00f1\u00eda. Tambi\u00e9n podr\u00edan tener acceso a sus datos las empresas que prestan servicios a DISCAM PRODUCTES D\u2019HIGIENE, S.L. que requieren el acceso a datos personales, que solo acceder\u00e1n a sus datos en calidad de Encargados del Tratamiento con la finalidad de prestar los servicios que DISCAM PRODUCTES D\u2019HIGIENE, S.L. les tenga contratados. Sus datos no se ceder\u00e1n a terceros, excepto cuando exista una obligaci\u00f3n legal.&nbsp;<strong>&nbsp;<\/strong><\/p>\n\n\n\n<h2 class=\"wp-block-heading\">DERECHOS QUE LE ASISTEN<\/h2>\n\n\n\n<p>Finalmente, le informamos que, si lo desea, puede ejercer los derechos que el RGPD 679\/2016 reconoce a las personas interesadas a acceder a sus datos, a solicitar la rectificaci\u00f3n de los datos inexactos, a oponerse al tratamiento de sus datos en determinadas circunstancias, a cancelar el tratamiento de sus datos en determinadas circunstancias, a solicitar la supresi\u00f3n de sus datos cuando, entre otros motivos, los datos ya no sean necesarios para la finalidad para la que se recogieron, al olvido ,a la limitaci\u00f3n del tratamiento y a la portabilidad de los datos, dirigi\u00e9ndose por escrito a :\u00a0<a href=\"mailto:administracio@comercialdiscam.com\" data-type=\"mailto\" data-id=\"mailto:administracio@comercialdiscam.com\">administracio@comercialdiscam.com<\/a>\u00a0con copia de su DNI.<\/p>\n\n\n\n<p><\/p>\n","protected":false},"excerpt":{"rendered":"<p>POL\u00cdTICA DE PRIVACIDAD DE&nbsp;COMERCIAL DISCAM COMERCIAL DISCAM se compromete a realizar sus m\u00e1ximos esfuerzos para cumplir en todo momento en relaci\u00f3n con los tratamientos de datos que realice, con la legislaci\u00f3n vigente en cada momento en materia de protecci\u00f3n de datos, actualmente el Reglamento General de Protecci\u00f3n de Datos (UE) N\u00ba 679\/2016. A continuaci\u00f3n DISCAM [&hellip;]<\/p>\n","protected":false},"author":1,"featured_media":0,"parent":0,"menu_order":0,"comment_status":"closed","ping_status":"closed","template":"","meta":{"_joinchat":[],"footnotes":""},"class_list":["post-3","page","type-page","status-publish","hentry"],"_links":{"self":[{"href":"https:\/\/comercialdiscam.cat\/es\/wp-json\/wp\/v2\/pages\/3","targetHints":{"allow":["GET"]}}],"collection":[{"href":"https:\/\/comercialdiscam.cat\/es\/wp-json\/wp\/v2\/pages"}],"about":[{"href":"https:\/\/comercialdiscam.cat\/es\/wp-json\/wp\/v2\/types\/page"}],"author":[{"embeddable":true,"href":"https:\/\/comercialdiscam.cat\/es\/wp-json\/wp\/v2\/users\/1"}],"replies":[{"embeddable":true,"href":"https:\/\/comercialdiscam.cat\/es\/wp-json\/wp\/v2\/comments?post=3"}],"version-history":[{"count":4,"href":"https:\/\/comercialdiscam.cat\/es\/wp-json\/wp\/v2\/pages\/3\/revisions"}],"predecessor-version":[{"id":6632,"href":"https:\/\/comercialdiscam.cat\/es\/wp-json\/wp\/v2\/pages\/3\/revisions\/6632"}],"wp:attachment":[{"href":"https:\/\/comercialdiscam.cat\/es\/wp-json\/wp\/v2\/media?parent=3"}],"curies":[{"name":"wp","href":"https:\/\/api.w.org\/{rel}","templated":true}]}}