{"id":4521,"date":"2025-02-19T12:12:56","date_gmt":"2025-02-19T11:12:56","guid":{"rendered":"https:\/\/comercialdiscam.cat\/sense%20categoria\/microfibra-espontex\/"},"modified":"2025-04-13T11:54:23","modified_gmt":"2025-04-13T09:54:23","slug":"microfibra-espontex","status":"publish","type":"product","link":"https:\/\/comercialdiscam.cat\/ca\/utils-de-neteja\/baietes-i-draps\/microfibra-espontex\/","title":{"rendered":"Baieta de microfibra Spontex"},"content":{"rendered":"<p>Les <strong>baietes de microfibra Spontex<\/strong> estan dissenyades per oferir una neteja profunda i efica\u00e7, eliminant <strong>greix i brut\u00edcia d&#8217;una sola passada<\/strong>. La seva avan\u00e7ada tecnologia de <strong>microfibres superabsorbents<\/strong> garanteix una major capacitat de retenci\u00f3 de part\u00edcules en comparaci\u00f3 de les fibres tradicionals, i aix\u00f2 permet una neteja m\u00e9s r\u00e0pida i sense esfor\u00e7.<\/p>\n<p><strong>\ud83d\udce6 Format:<\/strong> <strong>Pack de 5 baietes en diferents <\/strong><\/p>\n<p><strong>\ud83e\udda0<\/strong><span style=\"font-family: -apple-system, BlinkMacSystemFont, 'Segoe UI', Robot, 'Helvetica Neue', Arial, 'Noto Sans', sans-serif, 'Apple Color Emoji', 'Segoe ' Color Emoji';\">\u00a0<strong>M\u00e0xima efic\u00e0cia antibacteriana<\/strong><\/span><\/p>\n<ul>\n<li><strong>Elimina el 99% dels bacteris<\/strong> de les superf\u00edcies.<\/li>\n<li><strong>Microfibres d&#8217;alt rendiment<\/strong> amb milers de punts de contacte que atrapen millor la brut\u00edcia.<\/li>\n<li><strong>\u00das vers\u00e0til<\/strong> \u2013 Apta per a la neteja de tota mena de superf\u00edcies.<\/li>\n<li><strong>Superabsorbent i resistent<\/strong> \u2013 Ret\u00e9 m\u00e9s l\u00edquid que les baietes convencionals.<\/li>\n<li><strong>Efica\u00e7 fins i tot sense productes qu\u00edmics<\/strong>, gr\u00e0cies a la seva acci\u00f3 mec\u00e0nica avan\u00e7ada.<\/li>\n<\/ul>\n<p>La millor opci\u00f3 per a una <strong>neteja professional i eficient<\/strong>, amb la garantia de Spontex.<\/p>\n","protected":false},"excerpt":{"rendered":"<p>Les baietes de microfibra Spontex estan dissenyades per oferir una neteja profunda i efica\u00e7, eliminant greix i brut\u00edcia d&#8217;una sola passada. La seva avan\u00e7ada tecnologia de microfibres superabsorbents garanteix una major capacitat de retenci\u00f3 de part\u00edcules en comparaci\u00f3 de les fibres tradicionals, i aix\u00f2 permet una neteja m\u00e9s r\u00e0pida i sense esfor\u00e7. \ud83d\udce6 Format: Pack [&hellip;]<\/p>\n","protected":false},"featured_media":1365,"template":"","meta":{"_joinchat":[]},"product_brand":[],"product_cat":[697,696],"product_tag":[],"class_list":{"0":"post-4521","1":"product","2":"type-product","3":"status-publish","4":"has-post-thumbnail","6":"product_cat-baietes-i-draps","7":"product_cat-utils-de-neteja","9":"first","10":"instock","11":"shipping-taxable","12":"product-type-simple"},"_links":{"self":[{"href":"https:\/\/comercialdiscam.cat\/ca\/wp-json\/wp\/v2\/product\/4521","targetHints":{"allow":["GET"]}}],"collection":[{"href":"https:\/\/comercialdiscam.cat\/ca\/wp-json\/wp\/v2\/product"}],"about":[{"href":"https:\/\/comercialdiscam.cat\/ca\/wp-json\/wp\/v2\/types\/product"}],"wp:featuredmedia":[{"embeddable":true,"href":"https:\/\/comercialdiscam.cat\/ca\/wp-json\/wp\/v2\/media\/1365"}],"wp:attachment":[{"href":"https:\/\/comercialdiscam.cat\/ca\/wp-json\/wp\/v2\/media?parent=4521"}],"wp:term":[{"taxonomy":"product_brand","embeddable":true,"href":"https:\/\/comercialdiscam.cat\/ca\/wp-json\/wp\/v2\/product_brand?post=4521"},{"taxonomy":"product_cat","embeddable":true,"href":"https:\/\/comercialdiscam.cat\/ca\/wp-json\/wp\/v2\/product_cat?post=4521"},{"taxonomy":"product_tag","embeddable":true,"href":"https:\/\/comercialdiscam.cat\/ca\/wp-json\/wp\/v2\/product_tag?post=4521"}],"curies":[{"name":"wp","href":"https:\/\/api.w.org\/{rel}","templated":true}]}}