{"id":4431,"date":"2025-02-19T12:09:55","date_gmt":"2025-02-19T11:09:55","guid":{"rendered":"https:\/\/comercialdiscam.cat\/sense%20categoria\/detergente-ecodisbox-h42\/"},"modified":"2025-04-11T17:59:02","modified_gmt":"2025-04-11T15:59:02","slug":"netejador-ecodisbox-h42","status":"publish","type":"product","link":"https:\/\/comercialdiscam.cat\/ca\/quimics\/fregaterres\/netejador-ecodisbox-h42\/","title":{"rendered":"Netejador amoniacal ECODISBOX H42"},"content":{"rendered":"<p>El <strong>Netejador Amoniacal Ultraconcentrat<\/strong><strong>ECO-DISBOX H42<\/strong> \u00e9s un <strong>netejador amoniacal ultraconcentrat<\/strong> amb un <strong>intens perfum de pi<\/strong>, dissenyat per a la <strong>neteja general de terres<\/strong>. La seva presentaci\u00f3 a <strong>ENV\u00c0S ECODISBOX<\/strong> permet la seva diluci\u00f3 mitjan\u00e7ant sistemes de dosificaci\u00f3, obtenint aix\u00ed un <strong>detergent altament efica\u00e7 i perfumat<\/strong> per a la neteja de superf\u00edcies dures.<\/p>\n<p><strong>\ud83d\udd39 Beneficis de l&#8217;ECO-DISBOX H42:<\/strong><\/p>\n<ul>\n<li><strong>Alta concentraci\u00f3:<\/strong> Major rendiment amb una petita quantitat de producte.<\/li>\n<li><strong>Poder desgreixant:<\/strong> Elimina brut\u00edcia persistent en terres i elements de bany.<\/li>\n<li><strong>Brillantor i protecci\u00f3:<\/strong> Deixa les superf\u00edcies impecables amb un acabat brillant.<\/li>\n<li><strong>Perfum de pi:<\/strong> Aroma fresca i duradora per a un ambient net i agradable.<\/li>\n<li><strong>Estalvi d&#8217;espai:<\/strong> El format ECODISBOX minimitza l&#8217;emmagatzematge i els residus d&#8217;env\u00e0s.<\/li>\n<\/ul>\n<p><strong>\ud83d\udccf Caracter\u00edstiques del producte:<\/strong><\/p>\n<ul>\n<li><strong>Aspecte:<\/strong> L\u00edquid verd.<\/li>\n<li><strong>Densitat:<\/strong> 1,03 g\/cc aprox.<\/li>\n<li><strong>pH:<\/strong> 9 (l&#8217;1% en aigua).<\/li>\n<li><strong>Format:<\/strong> ECODISBOX de 10L amb sistema de dosificaci\u00f3 DILUIT.<\/li>\n<\/ul>\n<p><strong>\ud83d\udee0 Utilitzaci\u00f3:<\/strong><\/p>\n<ul>\n<li><strong>\u00das exclusiu amb sistema de dosificaci\u00f3 DILUIT:<\/strong> Garanteix una dosificaci\u00f3 exacta.<\/li>\n<li><strong>Preparaci\u00f3 del netejador:<\/strong> Diluir el producte en una concentraci\u00f3 de 0,4\u2030-0,5% segons nivell de brut\u00edcia i m\u00e8tode d&#8217;aplicaci\u00f3.<\/li>\n<li><strong>Aplicaci\u00f3:<\/strong> Utilitzar nom\u00e9s en envasos degudament etiquetats i diluir amb aigua exclusivament.<\/li>\n<li><strong>\u26a0\ufe0f Precauci\u00f3:<\/strong> No barrejar amb altres productes de neteja. No cal generar gaire escuma per a una neteja efectiva.<\/li>\n<\/ul>\n<p>\ud83d\udccc <strong>Aplicacions:<\/strong> Apte per a <strong>higiene institucional<\/strong>, indicat per a la neteja i manteniment de terres i superf\u00edcies a <strong>hotels, restaurants, oficines, col\u00b7legis i centres comercials<\/strong>. El sistema de dosificaci\u00f3 i emmagatzematge optimitzat proporciona gran comoditat i efici\u00e8ncia.<\/p>\n","protected":false},"excerpt":{"rendered":"<p>El Netejador Amoniacal UltraconcentratECO-DISBOX H42 \u00e9s un netejador amoniacal ultraconcentrat amb un intens perfum de pi, dissenyat per a la neteja general de terres. La seva presentaci\u00f3 a ENV\u00c0S ECODISBOX permet la seva diluci\u00f3 mitjan\u00e7ant sistemes de dosificaci\u00f3, obtenint aix\u00ed un detergent altament efica\u00e7 i perfumat per a la neteja de superf\u00edcies dures. \ud83d\udd39 Beneficis [&hellip;]<\/p>\n","protected":false},"featured_media":6791,"template":"","meta":{"_joinchat":[]},"product_brand":[],"product_cat":[838,531,525],"product_tag":[809],"class_list":{"0":"post-4431","1":"product","2":"type-product","3":"status-publish","4":"has-post-thumbnail","6":"product_cat-cuina","7":"product_cat-fregaterres","8":"product_cat-quimics","9":"product_tag-sistemes-concentrats","11":"first","12":"instock","13":"shipping-taxable","14":"product-type-simple"},"_links":{"self":[{"href":"https:\/\/comercialdiscam.cat\/ca\/wp-json\/wp\/v2\/product\/4431","targetHints":{"allow":["GET"]}}],"collection":[{"href":"https:\/\/comercialdiscam.cat\/ca\/wp-json\/wp\/v2\/product"}],"about":[{"href":"https:\/\/comercialdiscam.cat\/ca\/wp-json\/wp\/v2\/types\/product"}],"wp:featuredmedia":[{"embeddable":true,"href":"https:\/\/comercialdiscam.cat\/ca\/wp-json\/wp\/v2\/media\/6791"}],"wp:attachment":[{"href":"https:\/\/comercialdiscam.cat\/ca\/wp-json\/wp\/v2\/media?parent=4431"}],"wp:term":[{"taxonomy":"product_brand","embeddable":true,"href":"https:\/\/comercialdiscam.cat\/ca\/wp-json\/wp\/v2\/product_brand?post=4431"},{"taxonomy":"product_cat","embeddable":true,"href":"https:\/\/comercialdiscam.cat\/ca\/wp-json\/wp\/v2\/product_cat?post=4431"},{"taxonomy":"product_tag","embeddable":true,"href":"https:\/\/comercialdiscam.cat\/ca\/wp-json\/wp\/v2\/product_tag?post=4431"}],"curies":[{"name":"wp","href":"https:\/\/api.w.org\/{rel}","templated":true}]}}