{"id":4428,"date":"2025-02-19T12:10:12","date_gmt":"2025-02-19T11:10:12","guid":{"rendered":"https:\/\/comercialdiscam.cat\/sense%20categoria\/repelin-nature\/"},"modified":"2025-04-11T17:51:44","modified_gmt":"2025-04-11T15:51:44","slug":"repelin-nature","status":"publish","type":"product","link":"https:\/\/comercialdiscam.cat\/ca\/quimics\/fregaterres\/repelin-nature\/","title":{"rendered":"Fregaterres REPELIN NATURE"},"content":{"rendered":"<p>El <strong>Fregaterres REPELIN NATURE<\/strong> \u00e9s un detergent amb propietats higienitzants i un agradable perfum. La seva f\u00f3rmula incorpora <strong>amonis quaternaris<\/strong> que garanteixen la higiene i desodoritzaci\u00f3 de les superf\u00edcies tractades, a m\u00e9s d&#8217;oli<strong>\u00a0essencial d&#8217;alf\u00e0brega<\/strong> de gran persist\u00e8ncia. El seu aroma fresc proporciona una barrera natural contra els insectes, ja que la seva olor \u00e9s rebutjat per les panaroles i altres insectes, evitant la seva propagaci\u00f3.<\/p>\n<p><strong>\u2705 Propietats i Beneficis:<\/strong><\/p>\n<ul>\n<li><strong>Poder de neteja i desodoritzaci\u00f3:<\/strong> Alta concentraci\u00f3 d&#8217;agents higienitzants.<\/li>\n<li><strong>Acci\u00f3 repel\u00b7lent natural:<\/strong> L&#8217;oli essencial d&#8217;alf\u00e0brega crea una barrera natural contra els insectes.<\/li>\n<li><strong>Agradable i durador aroma:<\/strong> Perfume persistent que refresca els espais.<\/li>\n<li><strong>Segur per a tot tipus de s\u00f2ls i superf\u00edcies.<\/strong><\/li>\n<\/ul>\n<p><strong>\ud83d\udd39 Caracter\u00edstiques T\u00e8cniques:<\/strong><\/p>\n<ul>\n<li><strong>Aspecte f\u00edsic:<\/strong> L\u00edquid fluid de color violeta.<\/li>\n<li><strong>Densitat:<\/strong> 1 gr\/cc aproximadament.<\/li>\n<li><strong>pH:<\/strong> Neutrals.<\/li>\n<li><strong>Composici\u00f3:<\/strong> Aigua, bioalcohol, tensioactius no i\u00f2nics, amonis quaternaris, olis essencials i colorant.<\/li>\n<\/ul>\n<p><strong>\ud83d\udee0\ufe0f M\u00e8tode d&#8217;\u00fas:<\/strong><\/p>\n<ul>\n<li><strong>Neteja general i s\u00f2ls:<\/strong> Dilu\u00efr entre un <strong>1% i 2%<\/strong> en l&#8217;aigua de fregament.<\/li>\n<li><strong>Per a lavabos i sanitaris:<\/strong> Pot augmentar-se la concentraci\u00f3 per aconseguir una major acci\u00f3 netejadora i desodoritzant.<\/li>\n<\/ul>\n<p><strong>\ud83d\udccc Camps d&#8217;aplicaci\u00f3:<\/strong><br \/>\nDetergent ideal per refor\u00e7ar l&#8217;acci\u00f3 d&#8217;insecticides en el control de plagues. Es recomana el seu \u00fas conjuntament amb el <strong>INSECTICIDA Q14R<\/strong>, dissenyat per combatre insectes en s\u00f2ls.<\/p>\n<p>Apte per al seu \u00fas en <strong>ind\u00fastria aliment\u00e0ria<\/strong>. Indispensable en cafeteries, restaurants, bars, centres docents, lavabos, magatzems i locals p\u00fablics. Perfecte per a s\u00f2ls com<strong>\u00a0marbre, gres i paviments resistents<\/strong>.<\/p>\n","protected":false},"excerpt":{"rendered":"<p>El Fregaterres REPELIN NATURE \u00e9s un detergent amb propietats higienitzants i un agradable perfum. La seva f\u00f3rmula incorpora amonis quaternaris que garanteixen la higiene i desodoritzaci\u00f3 de les superf\u00edcies tractades, a m\u00e9s d&#8217;oli\u00a0essencial d&#8217;alf\u00e0brega de gran persist\u00e8ncia. El seu aroma fresc proporciona una barrera natural contra els insectes, ja que la seva olor \u00e9s rebutjat [&hellip;]<\/p>\n","protected":false},"featured_media":6787,"template":"","meta":{"_joinchat":[]},"product_brand":[],"product_cat":[838,531,525],"product_tag":[],"class_list":{"0":"post-4428","1":"product","2":"type-product","3":"status-publish","4":"has-post-thumbnail","6":"product_cat-cuina","7":"product_cat-fregaterres","8":"product_cat-quimics","10":"first","11":"instock","12":"shipping-taxable","13":"product-type-simple"},"_links":{"self":[{"href":"https:\/\/comercialdiscam.cat\/ca\/wp-json\/wp\/v2\/product\/4428","targetHints":{"allow":["GET"]}}],"collection":[{"href":"https:\/\/comercialdiscam.cat\/ca\/wp-json\/wp\/v2\/product"}],"about":[{"href":"https:\/\/comercialdiscam.cat\/ca\/wp-json\/wp\/v2\/types\/product"}],"wp:featuredmedia":[{"embeddable":true,"href":"https:\/\/comercialdiscam.cat\/ca\/wp-json\/wp\/v2\/media\/6787"}],"wp:attachment":[{"href":"https:\/\/comercialdiscam.cat\/ca\/wp-json\/wp\/v2\/media?parent=4428"}],"wp:term":[{"taxonomy":"product_brand","embeddable":true,"href":"https:\/\/comercialdiscam.cat\/ca\/wp-json\/wp\/v2\/product_brand?post=4428"},{"taxonomy":"product_cat","embeddable":true,"href":"https:\/\/comercialdiscam.cat\/ca\/wp-json\/wp\/v2\/product_cat?post=4428"},{"taxonomy":"product_tag","embeddable":true,"href":"https:\/\/comercialdiscam.cat\/ca\/wp-json\/wp\/v2\/product_tag?post=4428"}],"curies":[{"name":"wp","href":"https:\/\/api.w.org\/{rel}","templated":true}]}}