{"id":4401,"date":"2025-02-19T12:10:36","date_gmt":"2025-02-19T11:10:36","guid":{"rendered":"https:\/\/comercialdiscam.cat\/sense%20categoria\/vorax-d16\/"},"modified":"2025-04-11T17:27:13","modified_gmt":"2025-04-11T15:27:13","slug":"vorax-d16","status":"publish","type":"product","link":"https:\/\/comercialdiscam.cat\/ca\/quimics\/desgreixadors\/vorax-d16\/","title":{"rendered":"Desgreixador Vorax D16"},"content":{"rendered":"<p>El <strong>desgreixador Vorax D16<\/strong> \u00e9s un producte concentrat, elaborat amb <strong>mat\u00e8ries primeres alternatives<\/strong> que garanteixen una major protecci\u00f3 per a la salut i el medi ambient. Especialment formulat per eliminar <strong>brut\u00edcia d&#8217;origen org\u00e0nic<\/strong> i greixos d&#8217;origen <strong>animal i vegetal<\/strong>, assegurant una <strong>efectivitat m\u00e0xima<\/strong> amb un preu ajustat.<\/p>\n<p><strong>\ud83d\udd39 Beneficis del Desengreixant Vorax D16:<\/strong><\/p>\n<ul>\n<li><strong>F\u00f3rmula ecol\u00f2gica<\/strong>: Redueix subst\u00e0ncies nocives i minimitza residus.<\/li>\n<li><strong>Potent contra el greix<\/strong>: Ideal per eliminar brut\u00edcia incrustada en cuines i superf\u00edcies amb acumulaci\u00f3 de greix.<\/li>\n<li><strong>Apte per a greixos animals i vegetals<\/strong>: Garanteix una neteja profunda sense esfor\u00e7.<\/li>\n<li><strong>Certificaci\u00f3 ecol\u00f2gica<\/strong>: Compleix amb la Decisi\u00f3 2011\/383\/UE.<\/li>\n<\/ul>\n<p><strong>\ud83d\udccf Caracter\u00edstiques del producte:<\/strong><\/p>\n<ul>\n<li><strong>Aspecte:<\/strong> L\u00edquid transparent rosa.<\/li>\n<li><strong>Densitat:<\/strong> 1 gr\/cc aprox.<\/li>\n<li><strong>pH (al 10%):<\/strong> 11 aprox.<\/li>\n<li><strong>Format:<\/strong> 1 kg o 5 kg.<\/li>\n<\/ul>\n<p><strong>\ud83d\udee0 Utilitzaci\u00f3:<\/strong><\/p>\n<ul>\n<li><strong>Per greixos secs o cremats:<\/strong> Aplicar el producte pur polvoritzant sobre la superf\u00edcie a tractar a 20 cm de dist\u00e0ncia, deixar actuar 5 minuts i retirar amb un drap humit.<\/li>\n<li><strong>Per brut\u00edcia normal:<\/strong> Diluir al 10% en aigua calenta per millorar els resultats. No utilitzeu aigua calenta en superf\u00edcies d&#8217;alumini i esbandiu-les immediatament.<\/li>\n<\/ul>\n<p>\ud83d\udccc <strong>Un producte eficient i ecol\u00f2gic, ideal per mantenir la neteja de cuines i superf\u00edcies greixoses amb el m\u00ednim impacte ambiental.<\/strong><\/p>\n","protected":false},"excerpt":{"rendered":"<p>El desgreixador Vorax D16 \u00e9s un producte concentrat, elaborat amb mat\u00e8ries primeres alternatives que garanteixen una major protecci\u00f3 per a la salut i el medi ambient. Especialment formulat per eliminar brut\u00edcia d&#8217;origen org\u00e0nic i greixos d&#8217;origen animal i vegetal, assegurant una efectivitat m\u00e0xima amb un preu ajustat. \ud83d\udd39 Beneficis del Desengreixant Vorax D16: F\u00f3rmula ecol\u00f2gica: [&hellip;]<\/p>\n","protected":false},"featured_media":6765,"template":"","meta":{"_joinchat":[]},"product_brand":[],"product_cat":[838,527,525],"product_tag":[703],"class_list":{"0":"post-4401","1":"product","2":"type-product","3":"status-publish","4":"has-post-thumbnail","6":"product_cat-cuina","7":"product_cat-desgreixadors","8":"product_cat-quimics","9":"product_tag-ecologic","11":"first","12":"instock","13":"shipping-taxable","14":"purchasable","15":"product-type-variable","16":"wvs-archive-product-wrapper"},"_links":{"self":[{"href":"https:\/\/comercialdiscam.cat\/ca\/wp-json\/wp\/v2\/product\/4401","targetHints":{"allow":["GET"]}}],"collection":[{"href":"https:\/\/comercialdiscam.cat\/ca\/wp-json\/wp\/v2\/product"}],"about":[{"href":"https:\/\/comercialdiscam.cat\/ca\/wp-json\/wp\/v2\/types\/product"}],"wp:featuredmedia":[{"embeddable":true,"href":"https:\/\/comercialdiscam.cat\/ca\/wp-json\/wp\/v2\/media\/6765"}],"wp:attachment":[{"href":"https:\/\/comercialdiscam.cat\/ca\/wp-json\/wp\/v2\/media?parent=4401"}],"wp:term":[{"taxonomy":"product_brand","embeddable":true,"href":"https:\/\/comercialdiscam.cat\/ca\/wp-json\/wp\/v2\/product_brand?post=4401"},{"taxonomy":"product_cat","embeddable":true,"href":"https:\/\/comercialdiscam.cat\/ca\/wp-json\/wp\/v2\/product_cat?post=4401"},{"taxonomy":"product_tag","embeddable":true,"href":"https:\/\/comercialdiscam.cat\/ca\/wp-json\/wp\/v2\/product_tag?post=4401"}],"curies":[{"name":"wp","href":"https:\/\/api.w.org\/{rel}","templated":true}]}}