{"id":4310,"date":"2025-02-19T12:13:17","date_gmt":"2025-02-19T11:13:17","guid":{"rendered":"https:\/\/comercialdiscam.cat\/sense%20categoria\/tork-matic-rollo-blanco\/"},"modified":"2025-04-11T08:23:53","modified_gmt":"2025-04-11T06:23:53","slug":"tork-matic-rotllo-blanc","status":"publish","type":"product","link":"https:\/\/comercialdiscam.cat\/ca\/paper-cellulosa\/dispensadors\/tork-matic-rotllo-blanc\/","title":{"rendered":"Tork Matic\u00ae Dispensador de tovalloles de m\u00e0 en rotllo blanc"},"content":{"rendered":"<p>El <strong>Tork Matic\u00ae Dispensador de Tovalloles de M\u00e0 a Rollo<\/strong>, de la l\u00ednia <strong>Elevation<\/strong>, est\u00e0 dissenyat per a lavabos d&#8217;alta rotaci\u00f3 on cal una soluci\u00f3 efica\u00e7 i funcional. El vostre sistema de <strong>dispensaci\u00f3 individual<\/strong> permet reduir el consum i millorar la higiene, ja que els usuaris nom\u00e9s toquen la tovallola que utilitzaran.<\/p>\n<p>El disseny <strong>modern i minimalista<\/strong> de color blanc, caracter\u00edstic de la l\u00ednia Elevation, ofereix una est\u00e8tica professional que s&#8217;adapta a qualsevol entorn comercial o institucional, que transmet neteja i ordre.<\/p>\n<p><strong>\ud83d\udd39 Beneficis del dispensador Tork Matic\u00ae:<\/strong><\/p>\n<ul>\n<li><strong>Dispensaci\u00f3 full a full:<\/strong> Afavoreix l&#8217;estalvi de paper i redueix el malbaratament.<\/li>\n<li><strong>Manteniment senzill:<\/strong> Facilita la rec\u00e0rrega i garanteix un funcionament fluid en lavabos amb gran aflu\u00e8ncia.<\/li>\n<li><strong>Disseny funcional:<\/strong> Imatge professional adequada per a entorns exigents.<\/li>\n<\/ul>\n<p><strong>\ud83d\udccf Caracter\u00edstiques del producte:<\/strong><\/p>\n<ul>\n<li><strong>Sistema:<\/strong> Tork Matic\u00ae per a tovalloles de m\u00e0 en rotlle.<\/li>\n<li><strong>Color:<\/strong> Blanc.<\/li>\n<li><strong>L\u00ednia:<\/strong> Tork Elevation.<\/li>\n<\/ul>\n<p>\ud83d\udccc <strong>Ideal per a lavabos amb tr\u00e0nsit elevat que requereixen efici\u00e8ncia, higiene i un disseny cuidat<\/strong><\/p>\n","protected":false},"excerpt":{"rendered":"<p>El Tork Matic\u00ae Dispensador de Tovalloles de M\u00e0 a Rollo, de la l\u00ednia Elevation, est\u00e0 dissenyat per a lavabos d&#8217;alta rotaci\u00f3 on cal una soluci\u00f3 efica\u00e7 i funcional. El vostre sistema de dispensaci\u00f3 individual permet reduir el consum i millorar la higiene, ja que els usuaris nom\u00e9s toquen la tovallola que utilitzaran. El disseny modern [&hellip;]<\/p>\n","protected":false},"featured_media":1459,"template":"","meta":{"_joinchat":[]},"product_brand":[],"product_cat":[693,691],"product_tag":[],"class_list":{"0":"post-4310","1":"product","2":"type-product","3":"status-publish","4":"has-post-thumbnail","6":"product_cat-dispensadors","7":"product_cat-paper-cellulosa","9":"first","10":"instock","11":"shipping-taxable","12":"product-type-simple"},"_links":{"self":[{"href":"https:\/\/comercialdiscam.cat\/ca\/wp-json\/wp\/v2\/product\/4310","targetHints":{"allow":["GET"]}}],"collection":[{"href":"https:\/\/comercialdiscam.cat\/ca\/wp-json\/wp\/v2\/product"}],"about":[{"href":"https:\/\/comercialdiscam.cat\/ca\/wp-json\/wp\/v2\/types\/product"}],"wp:featuredmedia":[{"embeddable":true,"href":"https:\/\/comercialdiscam.cat\/ca\/wp-json\/wp\/v2\/media\/1459"}],"wp:attachment":[{"href":"https:\/\/comercialdiscam.cat\/ca\/wp-json\/wp\/v2\/media?parent=4310"}],"wp:term":[{"taxonomy":"product_brand","embeddable":true,"href":"https:\/\/comercialdiscam.cat\/ca\/wp-json\/wp\/v2\/product_brand?post=4310"},{"taxonomy":"product_cat","embeddable":true,"href":"https:\/\/comercialdiscam.cat\/ca\/wp-json\/wp\/v2\/product_cat?post=4310"},{"taxonomy":"product_tag","embeddable":true,"href":"https:\/\/comercialdiscam.cat\/ca\/wp-json\/wp\/v2\/product_tag?post=4310"}],"curies":[{"name":"wp","href":"https:\/\/api.w.org\/{rel}","templated":true}]}}