{"id":4186,"date":"2025-02-19T12:08:51","date_gmt":"2025-02-19T11:08:51","guid":{"rendered":"https:\/\/comercialdiscam.cat\/sense%20categoria\/punta-a-punta-plegada-1-8\/"},"modified":"2025-04-10T17:59:14","modified_gmt":"2025-04-10T15:59:14","slug":"punta-a-punta-plegat-1-8","status":"publish","type":"product","link":"https:\/\/comercialdiscam.cat\/ca\/parament-de-taula\/tovallons\/punta-a-punta-plegat-1-8\/","title":{"rendered":"Tovallons de paper Punta punta plegat 1\/8"},"content":{"rendered":"<p>Els <strong>tovallons PUNTA PUNTA de doble capa de 40&#215;40 cm<\/strong>, amb <strong>plegat 1\/8 (10&#215;20 cm plegats)<\/strong>, s\u00f3n una opci\u00f3 pr\u00e0ctica i elegant per al sector de l\u2019hostaleria. Gr\u00e0cies al seu disseny d\u2019alta qualitat, proporcionen una excel\u00b7lent absorci\u00f3, resist\u00e8ncia i un tacte suau, assegurant una experi\u00e8ncia c\u00f2moda per als clients.<\/p>\n<p>Perfectes per a <strong>restaurants, c\u00e0terings, festes, degustacions i esdeveniments<\/strong>, el seu format plegat permet una presentaci\u00f3 sofisticada i optimitza l\u2019espai a les taules. Fabricats amb materials de primera qualitat, garanteixen higiene i comoditat en qualsevol tipus de servei.<\/p>\n<p><strong>Caracter\u00edstiques del producte:<\/strong><\/p>\n<p>\u2714 <strong>Colors disponibles:<\/strong> Blau fosc i negre<br \/>\n\u2714 <strong>Material:<\/strong> Paper doble capa PUNTA PUNTA<br \/>\n\u2714 <strong>Mida obert:<\/strong> 40&#215;40 cm<br \/>\n\u2714 <strong>Mida plegat:<\/strong> 10&#215;20 cm (plegat 1\/8)<br \/>\n\u2714 <strong>Propietats:<\/strong> Suaus, resistents i higi\u00e8nics<br \/>\n\u2714 <strong>Usos recomanats:<\/strong> Restaurants, c\u00e0terings, esdeveniments, festes i degustacions<\/p>\n<p>Una opci\u00f3 imprescindible per a negocis que busquen combinar funcionalitat, est\u00e8tica i comoditat en cada servei.<\/p>\n","protected":false},"excerpt":{"rendered":"<p>Els tovallons PUNTA PUNTA de doble capa de 40&#215;40 cm, amb plegat 1\/8 (10&#215;20 cm plegats), s\u00f3n una opci\u00f3 pr\u00e0ctica i elegant per al sector de l\u2019hostaleria. Gr\u00e0cies al seu disseny d\u2019alta qualitat, proporcionen una excel\u00b7lent absorci\u00f3, resist\u00e8ncia i un tacte suau, assegurant una experi\u00e8ncia c\u00f2moda per als clients. Perfectes per a restaurants, c\u00e0terings, festes, [&hellip;]<\/p>\n","protected":false},"featured_media":493,"template":"","meta":{"_joinchat":[]},"product_brand":[],"product_cat":[684,686],"product_tag":[807],"class_list":{"0":"post-4186","1":"product","2":"type-product","3":"status-publish","4":"has-post-thumbnail","6":"product_cat-parament-de-taula","7":"product_cat-tovallons","8":"product_tag-punta-a-punta-ca","10":"first","11":"instock","12":"shipping-taxable","13":"purchasable","14":"product-type-variable","15":"wvs-archive-product-wrapper"},"_links":{"self":[{"href":"https:\/\/comercialdiscam.cat\/ca\/wp-json\/wp\/v2\/product\/4186","targetHints":{"allow":["GET"]}}],"collection":[{"href":"https:\/\/comercialdiscam.cat\/ca\/wp-json\/wp\/v2\/product"}],"about":[{"href":"https:\/\/comercialdiscam.cat\/ca\/wp-json\/wp\/v2\/types\/product"}],"wp:featuredmedia":[{"embeddable":true,"href":"https:\/\/comercialdiscam.cat\/ca\/wp-json\/wp\/v2\/media\/493"}],"wp:attachment":[{"href":"https:\/\/comercialdiscam.cat\/ca\/wp-json\/wp\/v2\/media?parent=4186"}],"wp:term":[{"taxonomy":"product_brand","embeddable":true,"href":"https:\/\/comercialdiscam.cat\/ca\/wp-json\/wp\/v2\/product_brand?post=4186"},{"taxonomy":"product_cat","embeddable":true,"href":"https:\/\/comercialdiscam.cat\/ca\/wp-json\/wp\/v2\/product_cat?post=4186"},{"taxonomy":"product_tag","embeddable":true,"href":"https:\/\/comercialdiscam.cat\/ca\/wp-json\/wp\/v2\/product_tag?post=4186"}],"curies":[{"name":"wp","href":"https:\/\/api.w.org\/{rel}","templated":true}]}}