{"id":4185,"date":"2025-02-19T12:08:51","date_gmt":"2025-02-19T11:08:51","guid":{"rendered":"https:\/\/comercialdiscam.cat\/sense%20categoria\/punta-a-punta-40x40-blanca\/"},"modified":"2025-04-10T17:58:13","modified_gmt":"2025-04-10T15:58:13","slug":"punta-a-punta-40x40-blanca","status":"publish","type":"product","link":"https:\/\/comercialdiscam.cat\/ca\/parament-de-taula\/tovallons\/punta-a-punta-40x40-blanca\/","title":{"rendered":"Tovallons de paper blanc punta a punta 40&#215;40"},"content":{"rendered":"<p>Eleva la presentaci\u00f3 de la teva taula amb aquests tovallons d\u2019un sol \u00fas de 40&#215;40 cm, dissenyats per al sector de l\u2019hostaleria. Fabricats amb cel\u00b7lulosa verge 100%, ofereixen una textura suau, alta absorci\u00f3 i resist\u00e8ncia, garantint una experi\u00e8ncia superior per al client.<\/p>\n<p>La seva innovadora tecnologia PUNTA PUNTA millora el volum i l&#8217;estructura del tovall\u00f3, aportant un tacte esponj\u00f3s i una aparen\u00e7a elegant. Perfectes per acompanyar la coberteria en restaurants, hotels i esdeveniments que busquen un equilibri entre sofisticaci\u00f3 i practicitat.<\/p>\n","protected":false},"excerpt":{"rendered":"<p>Eleva la presentaci\u00f3 de la teva taula amb aquests tovallons d\u2019un sol \u00fas de 40&#215;40 cm, dissenyats per al sector de l\u2019hostaleria. Fabricats amb cel\u00b7lulosa verge 100%, ofereixen una textura suau, alta absorci\u00f3 i resist\u00e8ncia, garantint una experi\u00e8ncia superior per al client. La seva innovadora tecnologia PUNTA PUNTA millora el volum i l&#8217;estructura del tovall\u00f3, [&hellip;]<\/p>\n","protected":false},"featured_media":489,"template":"","meta":{"_joinchat":[]},"product_brand":[],"product_cat":[684,686],"product_tag":[807],"class_list":{"0":"post-4185","1":"product","2":"type-product","3":"status-publish","4":"has-post-thumbnail","6":"product_cat-parament-de-taula","7":"product_cat-tovallons","8":"product_tag-punta-a-punta-ca","10":"first","11":"instock","12":"shipping-taxable","13":"product-type-simple"},"_links":{"self":[{"href":"https:\/\/comercialdiscam.cat\/ca\/wp-json\/wp\/v2\/product\/4185","targetHints":{"allow":["GET"]}}],"collection":[{"href":"https:\/\/comercialdiscam.cat\/ca\/wp-json\/wp\/v2\/product"}],"about":[{"href":"https:\/\/comercialdiscam.cat\/ca\/wp-json\/wp\/v2\/types\/product"}],"wp:featuredmedia":[{"embeddable":true,"href":"https:\/\/comercialdiscam.cat\/ca\/wp-json\/wp\/v2\/media\/489"}],"wp:attachment":[{"href":"https:\/\/comercialdiscam.cat\/ca\/wp-json\/wp\/v2\/media?parent=4185"}],"wp:term":[{"taxonomy":"product_brand","embeddable":true,"href":"https:\/\/comercialdiscam.cat\/ca\/wp-json\/wp\/v2\/product_brand?post=4185"},{"taxonomy":"product_cat","embeddable":true,"href":"https:\/\/comercialdiscam.cat\/ca\/wp-json\/wp\/v2\/product_cat?post=4185"},{"taxonomy":"product_tag","embeddable":true,"href":"https:\/\/comercialdiscam.cat\/ca\/wp-json\/wp\/v2\/product_tag?post=4185"}],"curies":[{"name":"wp","href":"https:\/\/api.w.org\/{rel}","templated":true}]}}