{"id":4182,"date":"2025-02-19T12:08:51","date_gmt":"2025-02-19T11:08:51","guid":{"rendered":"https:\/\/comercialdiscam.cat\/sense%20categoria\/punta-a-punta-20x20\/"},"modified":"2025-04-10T17:57:10","modified_gmt":"2025-04-10T15:57:10","slug":"punta-a-punta-20x20","status":"publish","type":"product","link":"https:\/\/comercialdiscam.cat\/ca\/parament-de-taula\/tovallons\/punta-a-punta-20x20\/","title":{"rendered":"Tovallons de paper punta a punta 20&#215;20"},"content":{"rendered":"<p>Aporta un toc de distinci\u00f3 al teu establiment amb els <strong>tovallons PUNTA PUNTA de 20&#215;20 cm<\/strong>, dissenyats per oferir una presentaci\u00f3 sofisticada sense renunciar a la practicitat. El seu elegant color negre real\u00e7a l\u2019est\u00e8tica de taules i esdeveniments, sent l\u2019opci\u00f3 perfecta per a <strong>restaurants, bars, cocteleries i serveis de c\u00e0tering<\/strong> que busquen un acabat impecable.<\/p>\n<p>Fabricats en <strong>doble capa<\/strong>, aquests tovallons proporcionen una major absorci\u00f3, resist\u00e8ncia i un tacte suau, garantint una experi\u00e8ncia d\u2019\u00fas confortable. Ideals per a esdeveniments exclusius, sopars de gala i negocis que valoren cada detall en la presentaci\u00f3 del seu servei.<\/p>\n<p><strong>Caracter\u00edstiques del producte:<\/strong><br \/>\n\u2714 <strong>Material:<\/strong> Paper PUNTA PUNTA de doble capa<br \/>\n\u2714 <strong>Colors disponibles:<\/strong> Negre i natural<br \/>\n\u2714 <strong>Mida:<\/strong> 20&#215;20 cm<br \/>\n\u2714 <strong>Propietats:<\/strong> Suaus, absorbents i resistents<br \/>\n\u2714 <strong>\u00das recomanat:<\/strong> Restaurants, cocteleries, c\u00e0tering, esdeveniments i bars<\/p>\n<p>La combinaci\u00f3 perfecta entre <strong>eleg\u00e0ncia i funcionalitat<\/strong> per a qui busca destacar amb una imatge premium en el seu negoci.<\/p>\n","protected":false},"excerpt":{"rendered":"<p>Aporta un toc de distinci\u00f3 al teu establiment amb els tovallons PUNTA PUNTA de 20&#215;20 cm, dissenyats per oferir una presentaci\u00f3 sofisticada sense renunciar a la practicitat. El seu elegant color negre real\u00e7a l\u2019est\u00e8tica de taules i esdeveniments, sent l\u2019opci\u00f3 perfecta per a restaurants, bars, cocteleries i serveis de c\u00e0tering que busquen un acabat impecable. [&hellip;]<\/p>\n","protected":false},"featured_media":487,"template":"","meta":{"_joinchat":[]},"product_brand":[],"product_cat":[684,686],"product_tag":[703,807],"class_list":{"0":"post-4182","1":"product","2":"type-product","3":"status-publish","4":"has-post-thumbnail","6":"product_cat-parament-de-taula","7":"product_cat-tovallons","8":"product_tag-ecologic","9":"product_tag-punta-a-punta-ca","11":"first","12":"instock","13":"shipping-taxable","14":"purchasable","15":"product-type-variable","16":"wvs-archive-product-wrapper"},"_links":{"self":[{"href":"https:\/\/comercialdiscam.cat\/ca\/wp-json\/wp\/v2\/product\/4182","targetHints":{"allow":["GET"]}}],"collection":[{"href":"https:\/\/comercialdiscam.cat\/ca\/wp-json\/wp\/v2\/product"}],"about":[{"href":"https:\/\/comercialdiscam.cat\/ca\/wp-json\/wp\/v2\/types\/product"}],"wp:featuredmedia":[{"embeddable":true,"href":"https:\/\/comercialdiscam.cat\/ca\/wp-json\/wp\/v2\/media\/487"}],"wp:attachment":[{"href":"https:\/\/comercialdiscam.cat\/ca\/wp-json\/wp\/v2\/media?parent=4182"}],"wp:term":[{"taxonomy":"product_brand","embeddable":true,"href":"https:\/\/comercialdiscam.cat\/ca\/wp-json\/wp\/v2\/product_brand?post=4182"},{"taxonomy":"product_cat","embeddable":true,"href":"https:\/\/comercialdiscam.cat\/ca\/wp-json\/wp\/v2\/product_cat?post=4182"},{"taxonomy":"product_tag","embeddable":true,"href":"https:\/\/comercialdiscam.cat\/ca\/wp-json\/wp\/v2\/product_tag?post=4182"}],"curies":[{"name":"wp","href":"https:\/\/api.w.org\/{rel}","templated":true}]}}