{"id":4176,"date":"2025-02-19T12:08:51","date_gmt":"2025-02-19T11:08:51","guid":{"rendered":"https:\/\/comercialdiscam.cat\/sense%20categoria\/punta-a-punta-eco\/"},"modified":"2025-04-10T17:56:16","modified_gmt":"2025-04-10T15:56:16","slug":"punta-a-punta-eco","status":"publish","type":"product","link":"https:\/\/comercialdiscam.cat\/ca\/parament-de-taula\/tovallons\/punta-a-punta-eco\/","title":{"rendered":"Tovallons de paper punta a punta ecol\u00f2gic"},"content":{"rendered":"<p>Comprometi&#8217;s amb la sostenibilitat sense renunciar a la qualitat amb els <strong>tovallons PUNTA PUNTA ECOL\u00d2GICS<\/strong>. Fabricats amb <strong>fibres reciclades de cel\u00b7lulosa<\/strong>, aquests tovallons ecol\u00f2gics ofereixen una opci\u00f3 responsable i eficient per a negocis d\u2019hostaleria que volen reduir el seu impacte ambiental.<\/p>\n<p>La seva estructura de <strong>doble capa<\/strong> garanteix una excel\u00b7lent absorci\u00f3, resist\u00e8ncia i suavitat, proporcionant una experi\u00e8ncia agradable al tacte. Gr\u00e0cies a la seva composici\u00f3 biodegradable i reciclada, aquests tovallons compleixen amb els m\u00e9s alts est\u00e0ndards de sostenibilitat, respectant el medi ambient en cada etapa de la seva producci\u00f3.<\/p>\n<p><strong>Caracter\u00edstiques del producte:<\/strong><\/p>\n<p>\u2714 <strong>Material:<\/strong> Paper reciclat de cel\u00b7lulosa<br \/>\n\u2714 <strong>Mida:<\/strong> 17&#215;17 cm, 20&#215;20 cm, 33&#215;33 cm, 30&#215;40 cm i 40&#215;40 cm<br \/>\n\u2714 <strong>Propietats:<\/strong> Doble capa, suaus, esponjosos i biodegradables<br \/>\n\u2714 <strong>\u00das recomanat:<\/strong> Restaurants, c\u00e0tering, hostaleria i serveis d\u2019alimentaci\u00f3 sostenibles<\/p>\n<p>L\u2019opci\u00f3 ideal per a establiments que volen combinar qualitat, funcionalitat i respecte pel medi ambient.<\/p>\n","protected":false},"excerpt":{"rendered":"<p>Comprometi&#8217;s amb la sostenibilitat sense renunciar a la qualitat amb els tovallons PUNTA PUNTA ECOL\u00d2GICS. Fabricats amb fibres reciclades de cel\u00b7lulosa, aquests tovallons ecol\u00f2gics ofereixen una opci\u00f3 responsable i eficient per a negocis d\u2019hostaleria que volen reduir el seu impacte ambiental. La seva estructura de doble capa garanteix una excel\u00b7lent absorci\u00f3, resist\u00e8ncia i suavitat, proporcionant [&hellip;]<\/p>\n","protected":false},"featured_media":485,"template":"","meta":{"_joinchat":[]},"product_brand":[],"product_cat":[684,686],"product_tag":[703,807],"class_list":{"0":"post-4176","1":"product","2":"type-product","3":"status-publish","4":"has-post-thumbnail","6":"product_cat-parament-de-taula","7":"product_cat-tovallons","8":"product_tag-ecologic","9":"product_tag-punta-a-punta-ca","11":"first","12":"instock","13":"shipping-taxable","14":"purchasable","15":"product-type-variable","16":"wvs-archive-product-wrapper"},"_links":{"self":[{"href":"https:\/\/comercialdiscam.cat\/ca\/wp-json\/wp\/v2\/product\/4176","targetHints":{"allow":["GET"]}}],"collection":[{"href":"https:\/\/comercialdiscam.cat\/ca\/wp-json\/wp\/v2\/product"}],"about":[{"href":"https:\/\/comercialdiscam.cat\/ca\/wp-json\/wp\/v2\/types\/product"}],"wp:featuredmedia":[{"embeddable":true,"href":"https:\/\/comercialdiscam.cat\/ca\/wp-json\/wp\/v2\/media\/485"}],"wp:attachment":[{"href":"https:\/\/comercialdiscam.cat\/ca\/wp-json\/wp\/v2\/media?parent=4176"}],"wp:term":[{"taxonomy":"product_brand","embeddable":true,"href":"https:\/\/comercialdiscam.cat\/ca\/wp-json\/wp\/v2\/product_brand?post=4176"},{"taxonomy":"product_cat","embeddable":true,"href":"https:\/\/comercialdiscam.cat\/ca\/wp-json\/wp\/v2\/product_cat?post=4176"},{"taxonomy":"product_tag","embeddable":true,"href":"https:\/\/comercialdiscam.cat\/ca\/wp-json\/wp\/v2\/product_tag?post=4176"}],"curies":[{"name":"wp","href":"https:\/\/api.w.org\/{rel}","templated":true}]}}