{"id":4173,"date":"2025-02-19T12:10:58","date_gmt":"2025-02-19T11:10:58","guid":{"rendered":"https:\/\/comercialdiscam.cat\/sense%20categoria\/kanguro-33x40-blanca\/"},"modified":"2025-04-10T17:55:23","modified_gmt":"2025-04-10T15:55:23","slug":"kanguro-33x40-blanca","status":"publish","type":"product","link":"https:\/\/comercialdiscam.cat\/ca\/parament-de-taula\/tovallons\/kanguro-33x40-blanca\/","title":{"rendered":"Tovallons de paper 33&#215;40 Cangur"},"content":{"rendered":"<p>Els <strong>tovallons Cangur de 33&#215;40 cm<\/strong> s\u00f3n la soluci\u00f3 perfecta per a negocis d\u2019hostaleria que busquen combinar practicitat i una presentaci\u00f3 impecable. Dissenyats amb un format de butxaca per als coberts, permeten agilitzar el servei i millorar la higiene, ideals per a <strong>terrasses de restaurants, hotels i serveis de c\u00e0tering<\/strong>.<\/p>\n<p>Fabricats en <strong>Dry Tissue<\/strong>, aquests tovallons destaquen per la seva resist\u00e8ncia, suavitat i aparen\u00e7a premium, oferint una experi\u00e8ncia d\u2019\u00fas superior. El seu disseny i qualitat els situen en la gamma alta de productes per a la decoraci\u00f3 de taules, assegurant una presentaci\u00f3 elegant i funcional.<\/p>\n<p>Una opci\u00f3 imprescindible per a negocis que volen optimitzar el servei sense renunciar a la qualitat i l\u2019est\u00e8tica en cada detall.<\/p>\n","protected":false},"excerpt":{"rendered":"<p>Els tovallons Cangur de 33&#215;40 cm s\u00f3n la soluci\u00f3 perfecta per a negocis d\u2019hostaleria que busquen combinar practicitat i una presentaci\u00f3 impecable. Dissenyats amb un format de butxaca per als coberts, permeten agilitzar el servei i millorar la higiene, ideals per a terrasses de restaurants, hotels i serveis de c\u00e0tering. Fabricats en Dry Tissue, aquests [&hellip;]<\/p>\n","protected":false},"featured_media":935,"template":"","meta":{"_joinchat":[]},"product_brand":[],"product_cat":[684,686],"product_tag":[827],"class_list":{"0":"post-4173","1":"product","2":"type-product","3":"status-publish","4":"has-post-thumbnail","6":"product_cat-parament-de-taula","7":"product_cat-tovallons","8":"product_tag-cangur","10":"first","11":"instock","12":"shipping-taxable","13":"purchasable","14":"product-type-variable","15":"wvs-archive-product-wrapper"},"_links":{"self":[{"href":"https:\/\/comercialdiscam.cat\/ca\/wp-json\/wp\/v2\/product\/4173","targetHints":{"allow":["GET"]}}],"collection":[{"href":"https:\/\/comercialdiscam.cat\/ca\/wp-json\/wp\/v2\/product"}],"about":[{"href":"https:\/\/comercialdiscam.cat\/ca\/wp-json\/wp\/v2\/types\/product"}],"wp:featuredmedia":[{"embeddable":true,"href":"https:\/\/comercialdiscam.cat\/ca\/wp-json\/wp\/v2\/media\/935"}],"wp:attachment":[{"href":"https:\/\/comercialdiscam.cat\/ca\/wp-json\/wp\/v2\/media?parent=4173"}],"wp:term":[{"taxonomy":"product_brand","embeddable":true,"href":"https:\/\/comercialdiscam.cat\/ca\/wp-json\/wp\/v2\/product_brand?post=4173"},{"taxonomy":"product_cat","embeddable":true,"href":"https:\/\/comercialdiscam.cat\/ca\/wp-json\/wp\/v2\/product_cat?post=4173"},{"taxonomy":"product_tag","embeddable":true,"href":"https:\/\/comercialdiscam.cat\/ca\/wp-json\/wp\/v2\/product_tag?post=4173"}],"curies":[{"name":"wp","href":"https:\/\/api.w.org\/{rel}","templated":true}]}}