{"id":4161,"date":"2025-02-19T12:11:24","date_gmt":"2025-02-19T11:11:24","guid":{"rendered":"https:\/\/comercialdiscam.cat\/sense%20categoria\/punta-a-punta-38x38\/"},"modified":"2025-04-10T17:54:30","modified_gmt":"2025-04-10T15:54:30","slug":"punta-a-punta-38x38","status":"publish","type":"product","link":"https:\/\/comercialdiscam.cat\/ca\/parament-de-taula\/tovallons\/punta-a-punta-38x38\/","title":{"rendered":"Tovallons punta a punta 38&#215;38"},"content":{"rendered":"<p>Aporta un toc de qualitat i distinci\u00f3 a la teva taula amb els nostres <strong>tovallons PUNTA A PUNTA<\/strong>. Gr\u00e0cies al seu innovador sistema d&#8217;encolat per micropunts, aquests tovallons ofereixen una textura m\u00e9s suau, una major capacitat d&#8217;absorci\u00f3 i un volum superior en comparaci\u00f3 amb els tovallons convencionals.<\/p>\n<p>Dissenyats per al sector de l\u2019hostaleria i la restauraci\u00f3, destaquen per la seva excel\u00b7lent relaci\u00f3 qualitat-preu, sent una opci\u00f3 pr\u00e0ctica i elegant per a <strong>bars, restaurants, hotels i esdeveniments<\/strong>.<\/p>\n<p>Disponibles en diferents formats i en una \u00e0mplia gamma de colors. Si necessites una altra mida o color, consulta\u2019ns i t\u2019ajudarem a trobar l\u2019opci\u00f3 perfecta.<\/p>\n","protected":false},"excerpt":{"rendered":"<p>Aporta un toc de qualitat i distinci\u00f3 a la teva taula amb els nostres tovallons PUNTA A PUNTA. Gr\u00e0cies al seu innovador sistema d&#8217;encolat per micropunts, aquests tovallons ofereixen una textura m\u00e9s suau, una major capacitat d&#8217;absorci\u00f3 i un volum superior en comparaci\u00f3 amb els tovallons convencionals. Dissenyats per al sector de l\u2019hostaleria i la [&hellip;]<\/p>\n","protected":false},"featured_media":1057,"template":"","meta":{"_joinchat":[]},"product_brand":[],"product_cat":[686,684],"product_tag":[807],"class_list":{"0":"post-4161","1":"product","2":"type-product","3":"status-publish","4":"has-post-thumbnail","6":"product_cat-tovallons","7":"product_cat-parament-de-taula","8":"product_tag-punta-a-punta-ca","10":"first","11":"instock","12":"shipping-taxable","13":"purchasable","14":"product-type-variable","15":"wvs-archive-product-wrapper"},"_links":{"self":[{"href":"https:\/\/comercialdiscam.cat\/ca\/wp-json\/wp\/v2\/product\/4161","targetHints":{"allow":["GET"]}}],"collection":[{"href":"https:\/\/comercialdiscam.cat\/ca\/wp-json\/wp\/v2\/product"}],"about":[{"href":"https:\/\/comercialdiscam.cat\/ca\/wp-json\/wp\/v2\/types\/product"}],"wp:featuredmedia":[{"embeddable":true,"href":"https:\/\/comercialdiscam.cat\/ca\/wp-json\/wp\/v2\/media\/1057"}],"wp:attachment":[{"href":"https:\/\/comercialdiscam.cat\/ca\/wp-json\/wp\/v2\/media?parent=4161"}],"wp:term":[{"taxonomy":"product_brand","embeddable":true,"href":"https:\/\/comercialdiscam.cat\/ca\/wp-json\/wp\/v2\/product_brand?post=4161"},{"taxonomy":"product_cat","embeddable":true,"href":"https:\/\/comercialdiscam.cat\/ca\/wp-json\/wp\/v2\/product_cat?post=4161"},{"taxonomy":"product_tag","embeddable":true,"href":"https:\/\/comercialdiscam.cat\/ca\/wp-json\/wp\/v2\/product_tag?post=4161"}],"curies":[{"name":"wp","href":"https:\/\/api.w.org\/{rel}","templated":true}]}}