{"id":4156,"date":"2025-02-19T12:11:26","date_gmt":"2025-02-19T11:11:26","guid":{"rendered":"https:\/\/comercialdiscam.cat\/sense%20categoria\/40x30-airlaid-estampado\/"},"modified":"2025-04-10T17:53:10","modified_gmt":"2025-04-10T15:53:10","slug":"tovallons-de-paper-airlaid-40x30-estampat","status":"publish","type":"product","link":"https:\/\/comercialdiscam.cat\/ca\/parament-de-taula\/tovallons\/tovallons-de-paper-airlaid-40x30-estampat\/","title":{"rendered":"Tovallons de paper Airlaid 40&#215;30 estampat"},"content":{"rendered":"<p>Els <strong>tovallons Airlaid de 40&#215;30 cm<\/strong> destaquen per la seva resist\u00e8ncia, aparen\u00e7a sofisticada i tacte suau, caracter\u00edstiques que els situen en la gamma alta de la decoraci\u00f3 de taules. El seu material d\u2019alta qualitat imita la textura del teixit, oferint una sensaci\u00f3 agradable i una excel\u00b7lent capacitat d\u2019absorci\u00f3.<\/p>\n<p>Ideals per a <strong>restaurants, esdeveniments i c\u00e0terings<\/strong> que busquen un equilibri entre funcionalitat i eleg\u00e0ncia, aquests tovallons aporten un toc distintiu a qualsevol taula, assegurant una presentaci\u00f3 impecable amb la comoditat d\u2019un producte d\u2019un sol \u00fas.<\/p>\n","protected":false},"excerpt":{"rendered":"<p>Els tovallons Airlaid de 40&#215;30 cm destaquen per la seva resist\u00e8ncia, aparen\u00e7a sofisticada i tacte suau, caracter\u00edstiques que els situen en la gamma alta de la decoraci\u00f3 de taules. El seu material d\u2019alta qualitat imita la textura del teixit, oferint una sensaci\u00f3 agradable i una excel\u00b7lent capacitat d\u2019absorci\u00f3. Ideals per a restaurants, esdeveniments i c\u00e0terings [&hellip;]<\/p>\n","protected":false},"featured_media":1117,"template":"","meta":{"_joinchat":[]},"product_brand":[],"product_cat":[684,686],"product_tag":[704],"class_list":{"0":"post-4156","1":"product","2":"type-product","3":"status-publish","4":"has-post-thumbnail","6":"product_cat-parament-de-taula","7":"product_cat-tovallons","8":"product_tag-airlad","10":"first","11":"instock","12":"shipping-taxable","13":"purchasable","14":"product-type-variable","15":"wvs-archive-product-wrapper"},"_links":{"self":[{"href":"https:\/\/comercialdiscam.cat\/ca\/wp-json\/wp\/v2\/product\/4156","targetHints":{"allow":["GET"]}}],"collection":[{"href":"https:\/\/comercialdiscam.cat\/ca\/wp-json\/wp\/v2\/product"}],"about":[{"href":"https:\/\/comercialdiscam.cat\/ca\/wp-json\/wp\/v2\/types\/product"}],"wp:featuredmedia":[{"embeddable":true,"href":"https:\/\/comercialdiscam.cat\/ca\/wp-json\/wp\/v2\/media\/1117"}],"wp:attachment":[{"href":"https:\/\/comercialdiscam.cat\/ca\/wp-json\/wp\/v2\/media?parent=4156"}],"wp:term":[{"taxonomy":"product_brand","embeddable":true,"href":"https:\/\/comercialdiscam.cat\/ca\/wp-json\/wp\/v2\/product_brand?post=4156"},{"taxonomy":"product_cat","embeddable":true,"href":"https:\/\/comercialdiscam.cat\/ca\/wp-json\/wp\/v2\/product_cat?post=4156"},{"taxonomy":"product_tag","embeddable":true,"href":"https:\/\/comercialdiscam.cat\/ca\/wp-json\/wp\/v2\/product_tag?post=4156"}],"curies":[{"name":"wp","href":"https:\/\/api.w.org\/{rel}","templated":true}]}}