{"id":4155,"date":"2025-02-19T12:12:11","date_gmt":"2025-02-19T11:12:11","guid":{"rendered":"https:\/\/comercialdiscam.cat\/sense%20categoria\/40x40-plus-gourmet-fume\/"},"modified":"2025-04-10T17:52:08","modified_gmt":"2025-04-10T15:52:08","slug":"40x40-plus-gourmet-fume","status":"publish","type":"product","link":"https:\/\/comercialdiscam.cat\/ca\/parament-de-taula\/tovallons\/40x40-plus-gourmet-fume\/","title":{"rendered":"Tovallons 40&#215;40 plus gourmet fume"},"content":{"rendered":"<p>Els <strong>tovallons Airlaid 40&#215;40 Plus Gourmet Fum\u00e9<\/strong> estan fabricats amb <strong>material Airlaid<\/strong>, que els confereix un tacte similar al teixit i una gran capacitat d\u2019absorci\u00f3. Ideals per a restaurants, hotels i esdeveniments que busquen un toc d\u2019eleg\u00e0ncia i distinci\u00f3.<\/p>\n<p><strong>\ud83d\udccf Caracter\u00edstiques t\u00e8cniques:<\/strong><\/p>\n<ul>\n<li><strong>Dimensions:<\/strong> 40 x 40 cm<\/li>\n<li><strong>Material:<\/strong> Airlaid<\/li>\n<li><strong>Color:<\/strong> Fum\u00e9<\/li>\n<li><strong>Plecat:<\/strong> Plus Gourmet<\/li>\n<li><strong>Unitats per caixa:<\/strong> 800 tovallons<\/li>\n<\/ul>\n<p><strong>\ud83c\udf31 Beneficis:<\/strong><\/p>\n<ul>\n<li><strong>Alta resist\u00e8ncia i suavitat:<\/strong> Gr\u00e0cies al seu material Airlaid, ofereix una experi\u00e8ncia similar al teixit.<\/li>\n<li><strong>Gran capacitat d\u2019absorci\u00f3:<\/strong> Perfectes per a l\u2019\u00fas en restauraci\u00f3 premium.<\/li>\n<li><strong>Eleg\u00e0ncia i sofisticaci\u00f3:<\/strong> El seu disseny i textura realcen la presentaci\u00f3 de la taula.<\/li>\n<\/ul>\n<p><strong>\ud83d\udccc Aplicacions:<\/strong> Ideals per a <strong>restaurants de gamma alta, hotels, c\u00e0terings i esdeveniments especials<\/strong>.<\/p>\n","protected":false},"excerpt":{"rendered":"<p>Els tovallons Airlaid 40&#215;40 Plus Gourmet Fum\u00e9 estan fabricats amb material Airlaid, que els confereix un tacte similar al teixit i una gran capacitat d\u2019absorci\u00f3. Ideals per a restaurants, hotels i esdeveniments que busquen un toc d\u2019eleg\u00e0ncia i distinci\u00f3. \ud83d\udccf Caracter\u00edstiques t\u00e8cniques: Dimensions: 40 x 40 cm Material: Airlaid Color: Fum\u00e9 Plecat: Plus Gourmet Unitats [&hellip;]<\/p>\n","protected":false},"featured_media":1213,"template":"","meta":{"_joinchat":[]},"product_brand":[],"product_cat":[684,686],"product_tag":[704],"class_list":{"0":"post-4155","1":"product","2":"type-product","3":"status-publish","4":"has-post-thumbnail","6":"product_cat-parament-de-taula","7":"product_cat-tovallons","8":"product_tag-airlad","10":"first","11":"instock","12":"shipping-taxable","13":"product-type-simple"},"_links":{"self":[{"href":"https:\/\/comercialdiscam.cat\/ca\/wp-json\/wp\/v2\/product\/4155","targetHints":{"allow":["GET"]}}],"collection":[{"href":"https:\/\/comercialdiscam.cat\/ca\/wp-json\/wp\/v2\/product"}],"about":[{"href":"https:\/\/comercialdiscam.cat\/ca\/wp-json\/wp\/v2\/types\/product"}],"wp:featuredmedia":[{"embeddable":true,"href":"https:\/\/comercialdiscam.cat\/ca\/wp-json\/wp\/v2\/media\/1213"}],"wp:attachment":[{"href":"https:\/\/comercialdiscam.cat\/ca\/wp-json\/wp\/v2\/media?parent=4155"}],"wp:term":[{"taxonomy":"product_brand","embeddable":true,"href":"https:\/\/comercialdiscam.cat\/ca\/wp-json\/wp\/v2\/product_brand?post=4155"},{"taxonomy":"product_cat","embeddable":true,"href":"https:\/\/comercialdiscam.cat\/ca\/wp-json\/wp\/v2\/product_cat?post=4155"},{"taxonomy":"product_tag","embeddable":true,"href":"https:\/\/comercialdiscam.cat\/ca\/wp-json\/wp\/v2\/product_tag?post=4155"}],"curies":[{"name":"wp","href":"https:\/\/api.w.org\/{rel}","templated":true}]}}