{"id":4149,"date":"2025-02-19T12:12:11","date_gmt":"2025-02-19T11:12:11","guid":{"rendered":"https:\/\/comercialdiscam.cat\/sense%20categoria\/kanguro-40x32-tasca\/"},"modified":"2025-04-10T17:50:04","modified_gmt":"2025-04-10T15:50:04","slug":"kanguro-40x32-tasca","status":"publish","type":"product","link":"https:\/\/comercialdiscam.cat\/ca\/parament-de-taula\/tovallons\/kanguro-40x32-tasca\/","title":{"rendered":"Tovallons de paper Kangur 40&#215;32 Tasca"},"content":{"rendered":"<p>Els <strong>tovallons Tasca de 40&#215;32 cm<\/strong> estan dissenyats per oferir comoditat i practicitat en el sector de l\u2019hostaleria. Amb el seu format especial, permeten agilitzar el servei integrant un espai ideal per col\u00b7locar els coberts, millorant la presentaci\u00f3 i la higiene a cada taula.<\/p>\n<p>Fabricats amb material <strong>Dry Tissue<\/strong>, destaquen per la seva <strong>resist\u00e8ncia, suavitat i capacitat d\u2019absorci\u00f3<\/strong>, assegurant una experi\u00e8ncia premium per al client. El seu disseny elegant i funcional els converteix en una opci\u00f3 perfecta per a <strong>restaurants, terrasses, hotels i c\u00e0terings<\/strong> que volen optimitzar el servei sense renunciar a la qualitat.<\/p>\n<p><strong>Paquet de 1.200 unitats<\/strong><\/p>\n","protected":false},"excerpt":{"rendered":"<p>Els tovallons Tasca de 40&#215;32 cm estan dissenyats per oferir comoditat i practicitat en el sector de l\u2019hostaleria. Amb el seu format especial, permeten agilitzar el servei integrant un espai ideal per col\u00b7locar els coberts, millorant la presentaci\u00f3 i la higiene a cada taula. Fabricats amb material Dry Tissue, destaquen per la seva resist\u00e8ncia, suavitat [&hellip;]<\/p>\n","protected":false},"featured_media":1209,"template":"","meta":{"_joinchat":[]},"product_brand":[],"product_cat":[684,686],"product_tag":[827],"class_list":{"0":"post-4149","1":"product","2":"type-product","3":"status-publish","4":"has-post-thumbnail","6":"product_cat-parament-de-taula","7":"product_cat-tovallons","8":"product_tag-cangur","10":"first","11":"instock","12":"shipping-taxable","13":"purchasable","14":"product-type-variable","15":"wvs-archive-product-wrapper"},"_links":{"self":[{"href":"https:\/\/comercialdiscam.cat\/ca\/wp-json\/wp\/v2\/product\/4149","targetHints":{"allow":["GET"]}}],"collection":[{"href":"https:\/\/comercialdiscam.cat\/ca\/wp-json\/wp\/v2\/product"}],"about":[{"href":"https:\/\/comercialdiscam.cat\/ca\/wp-json\/wp\/v2\/types\/product"}],"wp:featuredmedia":[{"embeddable":true,"href":"https:\/\/comercialdiscam.cat\/ca\/wp-json\/wp\/v2\/media\/1209"}],"wp:attachment":[{"href":"https:\/\/comercialdiscam.cat\/ca\/wp-json\/wp\/v2\/media?parent=4149"}],"wp:term":[{"taxonomy":"product_brand","embeddable":true,"href":"https:\/\/comercialdiscam.cat\/ca\/wp-json\/wp\/v2\/product_brand?post=4149"},{"taxonomy":"product_cat","embeddable":true,"href":"https:\/\/comercialdiscam.cat\/ca\/wp-json\/wp\/v2\/product_cat?post=4149"},{"taxonomy":"product_tag","embeddable":true,"href":"https:\/\/comercialdiscam.cat\/ca\/wp-json\/wp\/v2\/product_tag?post=4149"}],"curies":[{"name":"wp","href":"https:\/\/api.w.org\/{rel}","templated":true}]}}