{"id":4138,"date":"2025-02-19T12:13:15","date_gmt":"2025-02-19T11:13:15","guid":{"rendered":"https:\/\/comercialdiscam.cat\/sense%20categoria\/tissue-blanca-40x40-doblada\/"},"modified":"2025-04-10T17:45:19","modified_gmt":"2025-04-10T15:45:19","slug":"tissue-blanc-40x40-plegada","status":"publish","type":"product","link":"https:\/\/comercialdiscam.cat\/ca\/parament-de-taula\/tovallons\/tissue-blanc-40x40-plegada\/","title":{"rendered":"Tovallons tissue blancs 40&#215;40 plagat 1\/8"},"content":{"rendered":"<p>Tovallons de <strong>paper tissue de doble capa<\/strong> en color blanc, amb <strong>plegat 1\/8 (americ\u00e0)<\/strong>, que combinen suavitat, absorci\u00f3 i volum per a una experi\u00e8ncia superior en el servei de taula.<\/p>\n<p>Fabricats amb <strong>encolat per micropunts<\/strong>, ofereixen una <strong>major resist\u00e8ncia i un tacte m\u00e9s agradable<\/strong> en comparaci\u00f3 amb els tovallons tradicionals. Aquest sistema innovador millora la seva durabilitat i sensaci\u00f3 al tacte, garantint una presentaci\u00f3 impecable i un \u00fas eficient.<\/p>\n<p>Gr\u00e0cies a la seva excel\u00b7lent relaci\u00f3 qualitat-preu, s\u00f3n l&#8217;opci\u00f3 ideal per a <strong>restaurants, hotels, banquets i esdeveniments<\/strong> que busquen una soluci\u00f3 funcional i elegant.<\/p>\n<p><strong>\u2714\ufe0f Presentaci\u00f3 vers\u00e0til<\/strong> per a serveis d&#8217;hostaleria amb alt volum de consum.<\/p>\n","protected":false},"excerpt":{"rendered":"<p>Tovallons de paper tissue de doble capa en color blanc, amb plegat 1\/8 (americ\u00e0), que combinen suavitat, absorci\u00f3 i volum per a una experi\u00e8ncia superior en el servei de taula. Fabricats amb encolat per micropunts, ofereixen una major resist\u00e8ncia i un tacte m\u00e9s agradable en comparaci\u00f3 amb els tovallons tradicionals. Aquest sistema innovador millora la [&hellip;]<\/p>\n","protected":false},"featured_media":1293,"template":"","meta":{"_joinchat":[]},"product_brand":[],"product_cat":[684,686],"product_tag":[826],"class_list":{"0":"post-4138","1":"product","2":"type-product","3":"status-publish","4":"has-post-thumbnail","6":"product_cat-parament-de-taula","7":"product_cat-tovallons","8":"product_tag-tissu-cenefa-ca","10":"first","11":"instock","12":"shipping-taxable","13":"product-type-simple"},"_links":{"self":[{"href":"https:\/\/comercialdiscam.cat\/ca\/wp-json\/wp\/v2\/product\/4138","targetHints":{"allow":["GET"]}}],"collection":[{"href":"https:\/\/comercialdiscam.cat\/ca\/wp-json\/wp\/v2\/product"}],"about":[{"href":"https:\/\/comercialdiscam.cat\/ca\/wp-json\/wp\/v2\/types\/product"}],"wp:featuredmedia":[{"embeddable":true,"href":"https:\/\/comercialdiscam.cat\/ca\/wp-json\/wp\/v2\/media\/1293"}],"wp:attachment":[{"href":"https:\/\/comercialdiscam.cat\/ca\/wp-json\/wp\/v2\/media?parent=4138"}],"wp:term":[{"taxonomy":"product_brand","embeddable":true,"href":"https:\/\/comercialdiscam.cat\/ca\/wp-json\/wp\/v2\/product_brand?post=4138"},{"taxonomy":"product_cat","embeddable":true,"href":"https:\/\/comercialdiscam.cat\/ca\/wp-json\/wp\/v2\/product_cat?post=4138"},{"taxonomy":"product_tag","embeddable":true,"href":"https:\/\/comercialdiscam.cat\/ca\/wp-json\/wp\/v2\/product_tag?post=4138"}],"curies":[{"name":"wp","href":"https:\/\/api.w.org\/{rel}","templated":true}]}}