{"id":4125,"date":"2025-02-19T12:14:26","date_gmt":"2025-02-19T11:14:26","guid":{"rendered":"https:\/\/comercialdiscam.cat\/sense%20categoria\/2-capas-40x40\/"},"modified":"2025-04-10T17:37:35","modified_gmt":"2025-04-10T15:37:35","slug":"2-capes-40x40","status":"publish","type":"product","link":"https:\/\/comercialdiscam.cat\/ca\/parament-de-taula\/tovallons\/2-capes-40x40\/","title":{"rendered":"Tovallons 2 capes 40&#215;40 P&#038;P"},"content":{"rendered":"<p>Tovallons de paper de doble capa fabricades amb <strong>cel\u00b7lulosa verge d\u2019alta qualitat<\/strong>, dissenyades per oferir <strong>resist\u00e8ncia, absorci\u00f3 i volum<\/strong>, gr\u00e0cies a la seva uni\u00f3 mitjan\u00e7ant tecnologia <strong>PUNTA A PUNTA<\/strong>. Aquesta t\u00e8cnica uneix ambdues capes creant petites cambres d\u2019aire, fet que millora la textura, proporciona m\u00e9s esponjositat i augmenta la sensaci\u00f3 de confort al tacte.<\/p>\n<p>Una alternativa <strong>d\u2019un sol \u00fas, reciclable i sostenible<\/strong>, ideal per al canal HORECA i el sector professional de la restauraci\u00f3.<\/p>\n<p><strong>\ud83d\udd39 Beneficis del producte:<\/strong><\/p>\n<ul>\n<li><strong>Alta resist\u00e8ncia i absorci\u00f3:<\/strong> Millora l\u2019experi\u00e8ncia del client i redueix el consum per servei.<\/li>\n<li><strong>Format professional:<\/strong> Plegat 1\/4 (20&#215;20 cm) amb dimensions obertes de 40&#215;40 cm.<\/li>\n<li><strong>Imatge cuidada:<\/strong> Acabat elegant, apte per a tot tipus de serveis i esdeveniments.<\/li>\n<li><strong>Sostenibilitat:<\/strong> Fabricades amb cel\u00b7lulosa verge, 100% reciclables.<\/li>\n<\/ul>\n<p><strong>\ud83d\udce6 Presentaci\u00f3:<\/strong> Paquets en caixa, ideals per a \u00fas intensiu en restaurants, hotels, bars i col\u00b7lectivitats.<\/p>\n","protected":false},"excerpt":{"rendered":"<p>Tovallons de paper de doble capa fabricades amb cel\u00b7lulosa verge d\u2019alta qualitat, dissenyades per oferir resist\u00e8ncia, absorci\u00f3 i volum, gr\u00e0cies a la seva uni\u00f3 mitjan\u00e7ant tecnologia PUNTA A PUNTA. Aquesta t\u00e8cnica uneix ambdues capes creant petites cambres d\u2019aire, fet que millora la textura, proporciona m\u00e9s esponjositat i augmenta la sensaci\u00f3 de confort al tacte. Una [&hellip;]<\/p>\n","protected":false},"featured_media":1682,"template":"","meta":{"_joinchat":[]},"product_brand":[],"product_cat":[684,686],"product_tag":[703,807],"class_list":{"0":"post-4125","1":"product","2":"type-product","3":"status-publish","4":"has-post-thumbnail","6":"product_cat-parament-de-taula","7":"product_cat-tovallons","8":"product_tag-ecologic","9":"product_tag-punta-a-punta-ca","11":"first","12":"instock","13":"shipping-taxable","14":"purchasable","15":"product-type-variable","16":"wvs-archive-product-wrapper"},"_links":{"self":[{"href":"https:\/\/comercialdiscam.cat\/ca\/wp-json\/wp\/v2\/product\/4125","targetHints":{"allow":["GET"]}}],"collection":[{"href":"https:\/\/comercialdiscam.cat\/ca\/wp-json\/wp\/v2\/product"}],"about":[{"href":"https:\/\/comercialdiscam.cat\/ca\/wp-json\/wp\/v2\/types\/product"}],"wp:featuredmedia":[{"embeddable":true,"href":"https:\/\/comercialdiscam.cat\/ca\/wp-json\/wp\/v2\/media\/1682"}],"wp:attachment":[{"href":"https:\/\/comercialdiscam.cat\/ca\/wp-json\/wp\/v2\/media?parent=4125"}],"wp:term":[{"taxonomy":"product_brand","embeddable":true,"href":"https:\/\/comercialdiscam.cat\/ca\/wp-json\/wp\/v2\/product_brand?post=4125"},{"taxonomy":"product_cat","embeddable":true,"href":"https:\/\/comercialdiscam.cat\/ca\/wp-json\/wp\/v2\/product_cat?post=4125"},{"taxonomy":"product_tag","embeddable":true,"href":"https:\/\/comercialdiscam.cat\/ca\/wp-json\/wp\/v2\/product_tag?post=4125"}],"curies":[{"name":"wp","href":"https:\/\/api.w.org\/{rel}","templated":true}]}}