{"id":4107,"date":"2025-02-19T12:10:56","date_gmt":"2025-02-19T11:10:56","guid":{"rendered":"https:\/\/comercialdiscam.cat\/sense%20categoria\/papel-blanco\/"},"modified":"2025-04-10T17:26:16","modified_gmt":"2025-04-10T15:26:16","slug":"paper-blanc","status":"publish","type":"product","link":"https:\/\/comercialdiscam.cat\/ca\/parament-de-taula\/estovalles\/paper-blanc\/","title":{"rendered":"Estovalles de paper blanc diferents mesures"},"content":{"rendered":"<p>Els <strong>estovalles de paper<\/strong> s\u00f3n una soluci\u00f3 pr\u00e0ctica i higi\u00e8nica per a restaurants, c\u00e0terings, hotels i esdeveniments que busquen una presentaci\u00f3 cuidada sense necessitat de manteniment.<\/p>\n<p>Fabricades amb materials d\u2019alta qualitat, ofereixen una superf\u00edcie resistent i absorbent, protegint les taules i garantint una experi\u00e8ncia c\u00f2moda per als clients.<br \/>\nDisponibles en diferents mides per adaptar-se a tot tipus de taules i necessitats:<\/p>\n<p>\ud83d\udccf <strong>Mesures disponibles:<\/strong><\/p>\n<p>\u2714 <strong>80&#215;80 cm<\/strong> \u2013 Perfecte per a taules individuals o serveis petits.<br \/>\n\u2714 <strong>80&#215;120 cm<\/strong> \u2013 Ideal per a barres, bufets o taules allargades.<br \/>\n\u2714 <strong>120&#215;120 cm<\/strong> \u2013 Mida \u00e0mplia per a taules quadrades o grupals.<br \/>\n\u2714 <strong>100&#215;140 cm<\/strong> \u2013 Opci\u00f3 vers\u00e0til per a taules rectangulars en restaurants i esdeveniments.<br \/>\n\u2714 <strong>100&#215;120 cm<\/strong> \u2013 Equilibri entre cobertura i funcionalitat.<br \/>\n\u2714 <strong>100&#215;100 cm<\/strong> \u2013 Mida est\u00e0ndard per a servei de taula professional.<\/p>\n<p>Aquestes estovalles d\u2019un sol \u00fas permeten agilitzar el servei, millorar la higiene i oferir una imatge cuidada en cada \u00e0pat.<\/p>\n<p><strong>Caracter\u00edstiques del producte:<\/strong><br \/>\n\u2714 <strong>Material:<\/strong> Paper resistent i absorbent<br \/>\n\u2714 <strong>Propietats:<\/strong> Higi\u00e8nic, funcional i d\u2019un sol \u00fas<br \/>\n\u2714 <strong>\u00das recomanat:<\/strong> Restaurants, hotels, c\u00e0terings i esdeveniments<\/p>\n<p>Una opci\u00f3 eficient i pr\u00e0ctica per garantir un servei impecable a qualsevol negoci d\u2019hostaleria.<\/p>\n","protected":false},"excerpt":{"rendered":"<p>Els estovalles de paper s\u00f3n una soluci\u00f3 pr\u00e0ctica i higi\u00e8nica per a restaurants, c\u00e0terings, hotels i esdeveniments que busquen una presentaci\u00f3 cuidada sense necessitat de manteniment. Fabricades amb materials d\u2019alta qualitat, ofereixen una superf\u00edcie resistent i absorbent, protegint les taules i garantint una experi\u00e8ncia c\u00f2moda per als clients. Disponibles en diferents mides per adaptar-se a [&hellip;]<\/p>\n","protected":false},"featured_media":2708,"template":"","meta":{"_joinchat":[]},"product_brand":[],"product_cat":[685,684],"product_tag":[],"class_list":{"0":"post-4107","1":"product","2":"type-product","3":"status-publish","4":"has-post-thumbnail","6":"product_cat-estovalles","7":"product_cat-parament-de-taula","9":"first","10":"instock","11":"shipping-taxable","12":"purchasable","13":"product-type-variable","14":"wvs-archive-product-wrapper"},"_links":{"self":[{"href":"https:\/\/comercialdiscam.cat\/ca\/wp-json\/wp\/v2\/product\/4107","targetHints":{"allow":["GET"]}}],"collection":[{"href":"https:\/\/comercialdiscam.cat\/ca\/wp-json\/wp\/v2\/product"}],"about":[{"href":"https:\/\/comercialdiscam.cat\/ca\/wp-json\/wp\/v2\/types\/product"}],"wp:featuredmedia":[{"embeddable":true,"href":"https:\/\/comercialdiscam.cat\/ca\/wp-json\/wp\/v2\/media\/2708"}],"wp:attachment":[{"href":"https:\/\/comercialdiscam.cat\/ca\/wp-json\/wp\/v2\/media?parent=4107"}],"wp:term":[{"taxonomy":"product_brand","embeddable":true,"href":"https:\/\/comercialdiscam.cat\/ca\/wp-json\/wp\/v2\/product_brand?post=4107"},{"taxonomy":"product_cat","embeddable":true,"href":"https:\/\/comercialdiscam.cat\/ca\/wp-json\/wp\/v2\/product_cat?post=4107"},{"taxonomy":"product_tag","embeddable":true,"href":"https:\/\/comercialdiscam.cat\/ca\/wp-json\/wp\/v2\/product_tag?post=4107"}],"curies":[{"name":"wp","href":"https:\/\/api.w.org\/{rel}","templated":true}]}}