{"id":4093,"date":"2025-02-19T12:12:10","date_gmt":"2025-02-19T11:12:10","guid":{"rendered":"https:\/\/comercialdiscam.cat\/sense%20categoria\/camino-mesa-newtext-colores\/"},"modified":"2025-04-10T17:23:46","modified_gmt":"2025-04-10T15:23:46","slug":"camin-taula-newtext-colors","status":"publish","type":"product","link":"https:\/\/comercialdiscam.cat\/ca\/parament-de-taula\/camin-taula-newtext-colors\/","title":{"rendered":"Camins de taula Tet&#038;Tet Newtex colors"},"content":{"rendered":"<p>Els <strong>camins de taula Newtex<\/strong> estan dissenyats per oferir una soluci\u00f3 duradora, higi\u00e8nica i est\u00e8ticament impecable en qualsevol restaurant. Fabricats en <strong>polipropil\u00e8 spunbond 100% PP<\/strong>, aquests camins de taula destaquen per la seva <strong>resist\u00e8ncia, estabilitat i acabat sense arrugues<\/strong>, assegurant una presentaci\u00f3 sempre cuidada.<\/p>\n<p>Disponibles en <strong>una \u00e0mplia varietat de colors<\/strong>, permeten adaptar-se a qualsevol estil de decoraci\u00f3, des dels restaurants m\u00e9s cl\u00e0ssics fins als m\u00e9s avantguardistes.<\/p>\n<p>El <strong>Newtex<\/strong> pertany a la fam\u00edlia dels <strong>no teixits (non-wovens)<\/strong>, i la seva fabricaci\u00f3 mitjan\u00e7ant <strong>premsat en calent<\/strong> dona com a resultat un material <strong>pla, por\u00f3s i altament resistent<\/strong>. Gr\u00e0cies a la seva composici\u00f3 en <strong>polipropil\u00e8 100%<\/strong>, ofereix m\u00faltiples avantatges:<\/p>\n<p><strong>Caracter\u00edstiques del producte:<\/strong><\/p>\n<p>\u2714 <strong>Impermeable i antimacances<\/strong> \u2013 Repeleix l\u00edquids i brut\u00edcia, facilitant-ne la neteja.<br \/>\n\u2714 <strong>Reutilitzable<\/strong> \u2013 Es pot rentar i desinfectar amb productes qu\u00edmics sense perdre qualitat.<br \/>\n\u2714 <strong>Barrera bacteriana<\/strong> \u2013 Assegura una major higiene en cada servei.<br \/>\n\u2714 <strong>Resist\u00e8ncia qu\u00edmica<\/strong> \u2013 Suporta \u00e0cids inorg\u00e0nics, \u00e0cids org\u00e0nics febles, lleixius, alcohol i olis.<br \/>\n\u2714 <strong>Aspecte ferm i elegant<\/strong> \u2013 Mant\u00e9 la seva forma sense arrugues, proporcionant una caiguda sofisticada.<br \/>\n\u2714 <strong>Econ\u00f2mic i vers\u00e0til<\/strong> \u2013 Es pot reutilitzar o llen\u00e7ar sense que aix\u00f2 suposi un gran cost.<\/p>\n<p>\u2714 <strong>Material:<\/strong> polipropil\u00e8 spunbond 100% PP (Newtex)<br \/>\n\u2714 <strong>Gramatge:<\/strong> polipropil\u00e8 50 g i SMS 45 g<br \/>\n\u2714 <strong>Colors disponibles:<\/strong> \u00e0mplia varietat per adaptar-se a qualsevol estil de restaurant<br \/>\n\u2714 <strong>Propietats:<\/strong> impermeable, resistent, antimacances, reutilitzable i d\u2019un sol \u00fas<br \/>\n\u2714 <strong>\u00das recomanat:<\/strong> restaurants, hotels, c\u00e0tering i hostaleria en general<\/p>\n<p>Gr\u00e0cies a la seva combinaci\u00f3 de <strong>durabilitat, higiene i eleg\u00e0ncia<\/strong>, els <strong>camins de taula Newtex<\/strong> s\u2019han convertit en una de les opcions m\u00e9s utilitzades en hostaleria, garantint sempre una taula ben parada amb una soluci\u00f3 eficient i econ\u00f2mica.<\/p>\n","protected":false},"excerpt":{"rendered":"<p>Els camins de taula Newtex estan dissenyats per oferir una soluci\u00f3 duradora, higi\u00e8nica i est\u00e8ticament impecable en qualsevol restaurant. Fabricats en polipropil\u00e8 spunbond 100% PP, aquests camins de taula destaquen per la seva resist\u00e8ncia, estabilitat i acabat sense arrugues, assegurant una presentaci\u00f3 sempre cuidada. Disponibles en una \u00e0mplia varietat de colors, permeten adaptar-se a qualsevol [&hellip;]<\/p>\n","protected":false},"featured_media":1185,"template":"","meta":{"_joinchat":[]},"product_brand":[],"product_cat":[684,685],"product_tag":[816,805],"class_list":{"0":"post-4093","1":"product","2":"type-product","3":"status-publish","4":"has-post-thumbnail","6":"product_cat-parament-de-taula","7":"product_cat-estovalles","8":"product_tag-camins-de-taula","9":"product_tag-new-text-ca","11":"first","12":"instock","13":"shipping-taxable","14":"purchasable","15":"product-type-variable","16":"wvs-archive-product-wrapper"},"_links":{"self":[{"href":"https:\/\/comercialdiscam.cat\/ca\/wp-json\/wp\/v2\/product\/4093","targetHints":{"allow":["GET"]}}],"collection":[{"href":"https:\/\/comercialdiscam.cat\/ca\/wp-json\/wp\/v2\/product"}],"about":[{"href":"https:\/\/comercialdiscam.cat\/ca\/wp-json\/wp\/v2\/types\/product"}],"wp:featuredmedia":[{"embeddable":true,"href":"https:\/\/comercialdiscam.cat\/ca\/wp-json\/wp\/v2\/media\/1185"}],"wp:attachment":[{"href":"https:\/\/comercialdiscam.cat\/ca\/wp-json\/wp\/v2\/media?parent=4093"}],"wp:term":[{"taxonomy":"product_brand","embeddable":true,"href":"https:\/\/comercialdiscam.cat\/ca\/wp-json\/wp\/v2\/product_brand?post=4093"},{"taxonomy":"product_cat","embeddable":true,"href":"https:\/\/comercialdiscam.cat\/ca\/wp-json\/wp\/v2\/product_cat?post=4093"},{"taxonomy":"product_tag","embeddable":true,"href":"https:\/\/comercialdiscam.cat\/ca\/wp-json\/wp\/v2\/product_tag?post=4093"}],"curies":[{"name":"wp","href":"https:\/\/api.w.org\/{rel}","templated":true}]}}