{"id":4088,"date":"2025-02-19T12:12:54","date_gmt":"2025-02-19T11:12:54","guid":{"rendered":"https:\/\/comercialdiscam.cat\/sense%20categoria\/rollo-nextex-1x100\/"},"modified":"2025-04-04T07:56:37","modified_gmt":"2025-04-04T05:56:37","slug":"rotllo-nextex-1x100","status":"publish","type":"product","link":"https:\/\/comercialdiscam.cat\/ca\/parament-de-taula\/estovalles\/rotllo-nextex-1x100\/","title":{"rendered":"Roltlo estovalles Nextex 1&#215;100"},"content":{"rendered":"<p>El <strong>mantell de polipropil\u00e8 i SMS en rotlle de 1&#215;100 metres<\/strong> \u00e9s la soluci\u00f3 ideal per a negocis que requereixen una superf\u00edcie resistent, impermeable i de llarga durada. Fabricat amb <strong>polipropil\u00e8 (50 g) i SMS (45 g)<\/strong>, aquest mantell destaca per la seva <strong>rigidesa, resist\u00e8ncia a l\u2019impacte i alta protecci\u00f3 qu\u00edmica<\/strong>, oferint una barrera efica\u00e7 contra agents corrosius i l\u00edquids.<\/p>\n<p>La seva estructura <strong>no polar i semicristal\u00b7lina<\/strong> el fa altament <strong>resistent a \u00e0cids inorg\u00e0nics, \u00e0cids org\u00e0nics febles, lleixius, alcohol i olis<\/strong>, garantint un \u00fas segur en <strong>hostaleria, laboratoris i processos industrials<\/strong>. Tanmateix, les seves propietats a\u00efllants poden generar c\u00e0rrega electroest\u00e0tica, afavorint l\u2019acumulaci\u00f3 de pols en determinades condicions.<\/p>\n<p><strong>Caracter\u00edstiques del producte:<\/strong><\/p>\n<p>\u2714 <strong>Material:<\/strong> Polipropil\u00e8 50 g i SMS 45 g<br \/>\n\u2714 <strong>Color:<\/strong> Negre<br \/>\n\u2714 <strong>Format:<\/strong> Rotlle de 1&#215;100 metres per a m\u00e9s versatilitat i optimitzaci\u00f3 de l\u2019\u00fas<br \/>\n\u2714 <strong>Propietats:<\/strong> Impermeable, resistent a impactes i productes qu\u00edmics<br \/>\n\u2714 <strong>\u00das recomanat:<\/strong> Hostaleria, laboratoris, processos industrials i protecci\u00f3 de superf\u00edcies<\/p>\n<p>Una opci\u00f3 funcional i duradora per a entorns on la <strong>higiene, la resist\u00e8ncia qu\u00edmica i la practicitat<\/strong> s\u00f3n essencials.<\/p>\n","protected":false},"excerpt":{"rendered":"<p>El mantell de polipropil\u00e8 i SMS en rotlle de 1&#215;100 metres \u00e9s la soluci\u00f3 ideal per a negocis que requereixen una superf\u00edcie resistent, impermeable i de llarga durada. Fabricat amb polipropil\u00e8 (50 g) i SMS (45 g), aquest mantell destaca per la seva rigidesa, resist\u00e8ncia a l\u2019impacte i alta protecci\u00f3 qu\u00edmica, oferint una barrera efica\u00e7 [&hellip;]<\/p>\n","protected":false},"featured_media":2708,"template":"","meta":{"_joinchat":[]},"product_brand":[],"product_cat":[685,684],"product_tag":[805,808],"class_list":{"0":"post-4088","1":"product","2":"type-product","3":"status-publish","4":"has-post-thumbnail","6":"product_cat-estovalles","7":"product_cat-parament-de-taula","8":"product_tag-new-text-ca","9":"product_tag-rotllo","11":"first","12":"instock","13":"shipping-taxable","14":"purchasable","15":"product-type-variable","16":"wvs-archive-product-wrapper"},"_links":{"self":[{"href":"https:\/\/comercialdiscam.cat\/ca\/wp-json\/wp\/v2\/product\/4088","targetHints":{"allow":["GET"]}}],"collection":[{"href":"https:\/\/comercialdiscam.cat\/ca\/wp-json\/wp\/v2\/product"}],"about":[{"href":"https:\/\/comercialdiscam.cat\/ca\/wp-json\/wp\/v2\/types\/product"}],"wp:featuredmedia":[{"embeddable":true,"href":"https:\/\/comercialdiscam.cat\/ca\/wp-json\/wp\/v2\/media\/2708"}],"wp:attachment":[{"href":"https:\/\/comercialdiscam.cat\/ca\/wp-json\/wp\/v2\/media?parent=4088"}],"wp:term":[{"taxonomy":"product_brand","embeddable":true,"href":"https:\/\/comercialdiscam.cat\/ca\/wp-json\/wp\/v2\/product_brand?post=4088"},{"taxonomy":"product_cat","embeddable":true,"href":"https:\/\/comercialdiscam.cat\/ca\/wp-json\/wp\/v2\/product_cat?post=4088"},{"taxonomy":"product_tag","embeddable":true,"href":"https:\/\/comercialdiscam.cat\/ca\/wp-json\/wp\/v2\/product_tag?post=4088"}],"curies":[{"name":"wp","href":"https:\/\/api.w.org\/{rel}","templated":true}]}}