{"id":4059,"date":"2025-02-19T12:13:37","date_gmt":"2025-02-19T11:13:37","guid":{"rendered":"https:\/\/comercialdiscam.cat\/sense%20categoria\/tork-espuma-suave\/"},"modified":"2025-04-03T18:56:48","modified_gmt":"2025-04-03T16:56:48","slug":"tork-escuma-suau","status":"publish","type":"product","link":"https:\/\/comercialdiscam.cat\/ca\/higiene-personal\/sabons-de-mans\/tork-escuma-suau\/","title":{"rendered":"Tork sab\u00f3 en escuma suau"},"content":{"rendered":"<p><strong>Sab\u00f3 en escuma suau Tork<\/strong> est\u00e0 especialment formulat per <strong>tenir cura de les pells normals i seques<\/strong>. La seva f\u00f3rmula cont\u00e9 <strong>ingredients rehidratants<\/strong> i una <strong>escuma suau i cremosa<\/strong> que transforma el rentat de mans en una experi\u00e8ncia agradable i delicadament perfumada.<\/p>\n<p>\ud83e\uddfc<strong> Beneficis del sab\u00f3 Tork:<\/strong><\/p>\n<ul>\n<li><strong>Hidrataci\u00f3 efectiva:<\/strong> Protegeix i cuida la pell gr\u00e0cies als seus ingredients rehidratants.<\/li>\n<li><strong>Escuma cremosa:<\/strong> Sensaci\u00f3 suau al tacte, ideal per a un \u00fas freq\u00fcent.<\/li>\n<li><strong>Aroma delicat:<\/strong> Frag\u00e0ncia lleugera que aporta sensaci\u00f3 de frescor i netedat.<\/li>\n<li><strong>F\u00e0cil d\u2019utilitzar:<\/strong> Compatible amb el <strong>dispensador Tork per a sab\u00f3 en escuma<\/strong>, amb certificaci\u00f3 d\u2019accessibilitat.<\/li>\n<li><strong>Alta rendibilitat:<\/strong> Cada recanvi proporciona nombroses dosis amb una m\u00ednima quantitat de producte.<\/li>\n<\/ul>\n<p><strong>\ud83d\udccc Aplicacions:<\/strong> Perfecte per a <strong>oficines, restaurants, escoles, lavabos p\u00fablics<\/strong> i qualsevol entorn que requereixi una <strong>bona higiene de mans<\/strong> amb un toc de suavitat i cura.<\/p>\n","protected":false},"excerpt":{"rendered":"<p>Sab\u00f3 en escuma suau Tork est\u00e0 especialment formulat per tenir cura de les pells normals i seques. La seva f\u00f3rmula cont\u00e9 ingredients rehidratants i una escuma suau i cremosa que transforma el rentat de mans en una experi\u00e8ncia agradable i delicadament perfumada. \ud83e\uddfc Beneficis del sab\u00f3 Tork: Hidrataci\u00f3 efectiva: Protegeix i cuida la pell gr\u00e0cies [&hellip;]<\/p>\n","protected":false},"featured_media":1493,"template":"","meta":{"_joinchat":[]},"product_brand":[],"product_cat":[681,683],"product_tag":[],"class_list":{"0":"post-4059","1":"product","2":"type-product","3":"status-publish","4":"has-post-thumbnail","6":"product_cat-higiene-personal","7":"product_cat-sabons-de-mans","9":"first","10":"instock","11":"shipping-taxable","12":"product-type-simple"},"_links":{"self":[{"href":"https:\/\/comercialdiscam.cat\/ca\/wp-json\/wp\/v2\/product\/4059","targetHints":{"allow":["GET"]}}],"collection":[{"href":"https:\/\/comercialdiscam.cat\/ca\/wp-json\/wp\/v2\/product"}],"about":[{"href":"https:\/\/comercialdiscam.cat\/ca\/wp-json\/wp\/v2\/types\/product"}],"wp:featuredmedia":[{"embeddable":true,"href":"https:\/\/comercialdiscam.cat\/ca\/wp-json\/wp\/v2\/media\/1493"}],"wp:attachment":[{"href":"https:\/\/comercialdiscam.cat\/ca\/wp-json\/wp\/v2\/media?parent=4059"}],"wp:term":[{"taxonomy":"product_brand","embeddable":true,"href":"https:\/\/comercialdiscam.cat\/ca\/wp-json\/wp\/v2\/product_brand?post=4059"},{"taxonomy":"product_cat","embeddable":true,"href":"https:\/\/comercialdiscam.cat\/ca\/wp-json\/wp\/v2\/product_cat?post=4059"},{"taxonomy":"product_tag","embeddable":true,"href":"https:\/\/comercialdiscam.cat\/ca\/wp-json\/wp\/v2\/product_tag?post=4059"}],"curies":[{"name":"wp","href":"https:\/\/api.w.org\/{rel}","templated":true}]}}