{"id":3952,"date":"2025-02-19T12:10:57","date_gmt":"2025-02-19T11:10:57","guid":{"rendered":"https:\/\/comercialdiscam.cat\/sense%20categoria\/satinados\/"},"modified":"2025-04-02T17:39:05","modified_gmt":"2025-04-02T15:39:05","slug":"satinats","status":"publish","type":"product","link":"https:\/\/comercialdiscam.cat\/ca\/un-sol-us\/guants\/satinats\/","title":{"rendered":"Guants satinats"},"content":{"rendered":"<p>Els <strong>guants satinats<\/strong> estan dissenyats per oferir <strong>protecci\u00f3 i comoditat<\/strong> durant les tasques de neteja, especialment per al <strong>rentat manual de plats<\/strong>. Fabricats amb materials resistents i duradors, s\u00f3n <strong>reutilitzables<\/strong> i compten amb una superf\u00edcie antilliscant per garantir un millor agafament.<\/p>\n<p><strong>\ud83d\udd39 Caracter\u00edstiques dels guants:<\/strong><\/p>\n<ul>\n<li><strong>Reutilitzables:<\/strong> Resistents i duradors, ideals per a \u00fas continuat.<\/li>\n<li><strong>Superf\u00edcie antilliscant:<\/strong> Millora l\u2019agafament en entorns humits.<\/li>\n<li><strong>Interior suau:<\/strong> Per a un \u00fas c\u00f2mode durant llargues estones.<\/li>\n<li><strong>\u00das dom\u00e8stic i professional:<\/strong> Especialment indicats per a fregaplats i neteja general.<\/li>\n<\/ul>\n<p><strong>\ud83d\udccf Talles disponibles:<\/strong> S, M, L i XL<\/p>\n<p><strong>\ud83d\udce6 Format:<\/strong> Paquet de 12 parells<\/p>\n<p><strong>\ud83d\udccc Aplicacions:<\/strong> Aptes per a la <strong>neteja professional, cuines industrials, restaurants, hotels i \u00fas dom\u00e8stic<\/strong>.<\/p>\n","protected":false},"excerpt":{"rendered":"<p>Els guants satinats estan dissenyats per oferir protecci\u00f3 i comoditat durant les tasques de neteja, especialment per al rentat manual de plats. Fabricats amb materials resistents i duradors, s\u00f3n reutilitzables i compten amb una superf\u00edcie antilliscant per garantir un millor agafament. \ud83d\udd39 Caracter\u00edstiques dels guants: Reutilitzables: Resistents i duradors, ideals per a \u00fas continuat. Superf\u00edcie [&hellip;]<\/p>\n","protected":false},"featured_media":6964,"template":"","meta":{"_joinchat":[]},"product_brand":[],"product_cat":[543,540],"product_tag":[],"class_list":{"0":"post-3952","1":"product","2":"type-product","3":"status-publish","4":"has-post-thumbnail","6":"product_cat-guants","7":"product_cat-un-sol-us","9":"first","10":"instock","11":"shipping-taxable","12":"purchasable","13":"product-type-variable","14":"wvs-archive-product-wrapper"},"_links":{"self":[{"href":"https:\/\/comercialdiscam.cat\/ca\/wp-json\/wp\/v2\/product\/3952","targetHints":{"allow":["GET"]}}],"collection":[{"href":"https:\/\/comercialdiscam.cat\/ca\/wp-json\/wp\/v2\/product"}],"about":[{"href":"https:\/\/comercialdiscam.cat\/ca\/wp-json\/wp\/v2\/types\/product"}],"wp:featuredmedia":[{"embeddable":true,"href":"https:\/\/comercialdiscam.cat\/ca\/wp-json\/wp\/v2\/media\/6964"}],"wp:attachment":[{"href":"https:\/\/comercialdiscam.cat\/ca\/wp-json\/wp\/v2\/media?parent=3952"}],"wp:term":[{"taxonomy":"product_brand","embeddable":true,"href":"https:\/\/comercialdiscam.cat\/ca\/wp-json\/wp\/v2\/product_brand?post=3952"},{"taxonomy":"product_cat","embeddable":true,"href":"https:\/\/comercialdiscam.cat\/ca\/wp-json\/wp\/v2\/product_cat?post=3952"},{"taxonomy":"product_tag","embeddable":true,"href":"https:\/\/comercialdiscam.cat\/ca\/wp-json\/wp\/v2\/product_tag?post=3952"}],"curies":[{"name":"wp","href":"https:\/\/api.w.org\/{rel}","templated":true}]}}