{"id":3938,"date":"2025-02-19T12:11:08","date_gmt":"2025-02-19T11:11:08","guid":{"rendered":"https:\/\/comercialdiscam.cat\/sense%20categoria\/latex\/"},"modified":"2025-04-02T17:29:27","modified_gmt":"2025-04-02T15:29:27","slug":"latex","status":"publish","type":"product","link":"https:\/\/comercialdiscam.cat\/ca\/un-sol-us\/guants\/latex\/","title":{"rendered":"Guants de l\u00e0tex"},"content":{"rendered":"<p>Els <strong>guants de l\u00e0tex<\/strong> ofereixen una excel\u00b7lent protecci\u00f3, ajustament i sensibilitat t\u00e0ctil, ideals per a tasques que requereixen precisi\u00f3 i seguretat. S\u00f3n \u00e0mpliament utilitzats en <strong>sanitat, ind\u00fastria aliment\u00e0ria, neteja i manipulaci\u00f3 de productes<\/strong>.<\/p>\n<p>Fabricats amb <strong>l\u00e0tex natural d\u2019alta qualitat<\/strong>, garanteixen un ajustament cenyit que permet una manipulaci\u00f3 precisa dels objectes, proporcionant a m\u00e9s una barrera efica\u00e7 contra l\u00edquids i contaminants.<\/p>\n<p><strong>\ud83d\udd39 Beneficis dels guants de l\u00e0tex:<\/strong><\/p>\n<ul>\n<li><strong>M\u00e0xima sensibilitat t\u00e0ctil:<\/strong> Ideal per a tasques de precisi\u00f3.<\/li>\n<li><strong>Gran elasticitat:<\/strong> S\u2019adapten perfectament a la m\u00e0.<\/li>\n<li><strong>Alta resist\u00e8ncia:<\/strong> Protecci\u00f3 efica\u00e7 contra l\u00edquids i contaminants.<\/li>\n<li><strong>Disponibles en diverses talles:<\/strong> Ajust perfecte per a cada usuari.<\/li>\n<\/ul>\n<p><strong>\ud83d\udccf Talles disponibles:<\/strong><\/p>\n<ul>\n<li>TG (Talla Gran)<\/li>\n<li>TM (Talla Mitjana)<\/li>\n<li>TP (Talla Petita)<\/li>\n<\/ul>\n<p><strong>\ud83d\udccf Caracter\u00edstiques del producte:<\/strong><\/p>\n<ul>\n<li><strong>Material:<\/strong> L\u00e0tex natural.<\/li>\n<li><strong>Format:<\/strong> D\u2019un sol \u00fas.<\/li>\n<li><strong>\u00das recomanat:<\/strong> Sanitat, ind\u00fastria aliment\u00e0ria, neteja i manipulaci\u00f3 de productes.<\/li>\n<\/ul>\n<p>\ud83d\udccc <strong>Perfectes per a negocis que busquen una soluci\u00f3 segura, c\u00f2moda i funcional en guants de protecci\u00f3.<\/strong><\/p>\n<p>Els <strong>guants de l\u00e0tex<\/strong> combinen elasticitat, sensibilitat i resist\u00e8ncia per a un \u00fas professional eficient.<\/p>\n","protected":false},"excerpt":{"rendered":"<p>Els guants de l\u00e0tex ofereixen una excel\u00b7lent protecci\u00f3, ajustament i sensibilitat t\u00e0ctil, ideals per a tasques que requereixen precisi\u00f3 i seguretat. S\u00f3n \u00e0mpliament utilitzats en sanitat, ind\u00fastria aliment\u00e0ria, neteja i manipulaci\u00f3 de productes. Fabricats amb l\u00e0tex natural d\u2019alta qualitat, garanteixen un ajustament cenyit que permet una manipulaci\u00f3 precisa dels objectes, proporcionant a m\u00e9s una barrera [&hellip;]<\/p>\n","protected":false},"featured_media":6938,"template":"","meta":{"_joinchat":[]},"product_brand":[],"product_cat":[543,542,540],"product_tag":[],"class_list":{"0":"post-3938","1":"product","2":"type-product","3":"status-publish","4":"has-post-thumbnail","6":"product_cat-guants","7":"product_cat-equips-proteccio","8":"product_cat-un-sol-us","10":"first","11":"instock","12":"shipping-taxable","13":"purchasable","14":"product-type-variable","15":"wvs-archive-product-wrapper"},"_links":{"self":[{"href":"https:\/\/comercialdiscam.cat\/ca\/wp-json\/wp\/v2\/product\/3938","targetHints":{"allow":["GET"]}}],"collection":[{"href":"https:\/\/comercialdiscam.cat\/ca\/wp-json\/wp\/v2\/product"}],"about":[{"href":"https:\/\/comercialdiscam.cat\/ca\/wp-json\/wp\/v2\/types\/product"}],"wp:featuredmedia":[{"embeddable":true,"href":"https:\/\/comercialdiscam.cat\/ca\/wp-json\/wp\/v2\/media\/6938"}],"wp:attachment":[{"href":"https:\/\/comercialdiscam.cat\/ca\/wp-json\/wp\/v2\/media?parent=3938"}],"wp:term":[{"taxonomy":"product_brand","embeddable":true,"href":"https:\/\/comercialdiscam.cat\/ca\/wp-json\/wp\/v2\/product_brand?post=3938"},{"taxonomy":"product_cat","embeddable":true,"href":"https:\/\/comercialdiscam.cat\/ca\/wp-json\/wp\/v2\/product_cat?post=3938"},{"taxonomy":"product_tag","embeddable":true,"href":"https:\/\/comercialdiscam.cat\/ca\/wp-json\/wp\/v2\/product_tag?post=3938"}],"curies":[{"name":"wp","href":"https:\/\/api.w.org\/{rel}","templated":true}]}}