{"id":3921,"date":"2025-02-19T12:13:16","date_gmt":"2025-02-19T11:13:16","guid":{"rendered":"https:\/\/comercialdiscam.cat\/sense%20categoria\/mascarilla-ffpii\/"},"modified":"2025-03-31T19:21:19","modified_gmt":"2025-03-31T17:21:19","slug":"mascareta-ffp2","status":"publish","type":"product","link":"https:\/\/comercialdiscam.cat\/ca\/un-sol-us\/equips-proteccio\/mascareta-ffp2\/","title":{"rendered":"Mascareta FFP2"},"content":{"rendered":"<p>La <strong>mascareta FFP2 sense v\u00e0lvula<\/strong> ofereix una <strong>protecci\u00f3 respirat\u00f2ria d\u2019alta efic\u00e0cia<\/strong> contra microorganismes, part\u00edcules s\u00f2lides i l\u00edquides presents a l\u2019aire. Fabricada amb materials filtrants de gran qualitat, aquesta mascareta \u00e9s ideal per a entorns on es requereix una protecci\u00f3 refor\u00e7ada sense comprometre la comoditat de l\u2019usuari.<\/p>\n<p><strong>\ud83d\udd39 Beneficis de la mascareta FFP2:<\/strong><\/p>\n<ul>\n<li><strong>Alta capacitat de filtraci\u00f3:<\/strong> Protegeix contra aerosols i part\u00edcules nocives.<\/li>\n<li><strong>Disseny sense v\u00e0lvula:<\/strong> Protegeix tant l\u2019usuari com l\u2019entorn.<\/li>\n<li><strong>L\u00e0mina nasal modelable:<\/strong> Garanteix un ajust perfecte.<\/li>\n<li><strong>El\u00e0stics confortables:<\/strong> Suaus per evitar rascades o mol\u00e8sties.<\/li>\n<\/ul>\n<p><strong>\ud83d\udccf Format:<\/strong> Paquet de 50 unitats.<\/p>\n<p><strong>\ud83d\udccc Aplicacions:<\/strong> Recomanades per a <strong>entorns sanitaris, ind\u00fastries aliment\u00e0ries, transport p\u00fablic, espais tancats o amb alta concentraci\u00f3 de persones<\/strong>.<\/p>\n","protected":false},"excerpt":{"rendered":"<p>La mascareta FFP2 sense v\u00e0lvula ofereix una protecci\u00f3 respirat\u00f2ria d\u2019alta efic\u00e0cia contra microorganismes, part\u00edcules s\u00f2lides i l\u00edquides presents a l\u2019aire. Fabricada amb materials filtrants de gran qualitat, aquesta mascareta \u00e9s ideal per a entorns on es requereix una protecci\u00f3 refor\u00e7ada sense comprometre la comoditat de l\u2019usuari. \ud83d\udd39 Beneficis de la mascareta FFP2: Alta capacitat de [&hellip;]<\/p>\n","protected":false},"featured_media":1439,"template":"","meta":{"_joinchat":[]},"product_brand":[],"product_cat":[542,540],"product_tag":[],"class_list":{"0":"post-3921","1":"product","2":"type-product","3":"status-publish","4":"has-post-thumbnail","6":"product_cat-equips-proteccio","7":"product_cat-un-sol-us","9":"first","10":"instock","11":"shipping-taxable","12":"product-type-simple"},"_links":{"self":[{"href":"https:\/\/comercialdiscam.cat\/ca\/wp-json\/wp\/v2\/product\/3921","targetHints":{"allow":["GET"]}}],"collection":[{"href":"https:\/\/comercialdiscam.cat\/ca\/wp-json\/wp\/v2\/product"}],"about":[{"href":"https:\/\/comercialdiscam.cat\/ca\/wp-json\/wp\/v2\/types\/product"}],"wp:featuredmedia":[{"embeddable":true,"href":"https:\/\/comercialdiscam.cat\/ca\/wp-json\/wp\/v2\/media\/1439"}],"wp:attachment":[{"href":"https:\/\/comercialdiscam.cat\/ca\/wp-json\/wp\/v2\/media?parent=3921"}],"wp:term":[{"taxonomy":"product_brand","embeddable":true,"href":"https:\/\/comercialdiscam.cat\/ca\/wp-json\/wp\/v2\/product_brand?post=3921"},{"taxonomy":"product_cat","embeddable":true,"href":"https:\/\/comercialdiscam.cat\/ca\/wp-json\/wp\/v2\/product_cat?post=3921"},{"taxonomy":"product_tag","embeddable":true,"href":"https:\/\/comercialdiscam.cat\/ca\/wp-json\/wp\/v2\/product_tag?post=3921"}],"curies":[{"name":"wp","href":"https:\/\/api.w.org\/{rel}","templated":true}]}}