{"id":3916,"date":"2025-02-19T12:13:38","date_gmt":"2025-02-19T11:13:38","guid":{"rendered":"https:\/\/comercialdiscam.cat\/sense%20categoria\/cubrezapatos-polietileno\/"},"modified":"2025-03-31T19:09:19","modified_gmt":"2025-03-31T17:09:19","slug":"cobresabates-de-polietile","status":"publish","type":"product","link":"https:\/\/comercialdiscam.cat\/ca\/un-sol-us\/equips-proteccio\/cobresabates-de-polietile\/","title":{"rendered":"Cobresabates de polietil\u00e8"},"content":{"rendered":"<p>Els <strong>cobresabates de polietil\u00e8<\/strong> s\u00f3n la soluci\u00f3 ideal per <strong>mantenir la higiene i evitar contaminacions<\/strong> en entorns on la neteja \u00e9s priorit\u00e0ria, com ara <strong>ind\u00fastries aliment\u00e0ries, laboratoris, cl\u00edniques o centres d\u2019est\u00e8tica<\/strong>. El seu disseny universal permet una col\u00b7locaci\u00f3 r\u00e0pida i c\u00f2moda sobre qualsevol tipus de cal\u00e7at.<\/p>\n<p><strong>\ud83d\udd39 Beneficis dels cobresabates:<\/strong><\/p>\n<ul>\n<li><strong>Higi\u00e8nics:<\/strong> Prevenen la contaminaci\u00f3 creuada i mantenen els espais nets.<\/li>\n<li><strong>F\u00e0cils d\u2019utilitzar:<\/strong> Talla \u00fanica que s\u2019adapta a qualsevol tipus de sabata.<\/li>\n<li><strong>Impermeables:<\/strong> Fabricats en polietil\u00e8 per evitar el pas de l\u00edquids i brut\u00edcia.<\/li>\n<li><strong>Diversos colors disponibles:<\/strong> Vermell, verd i blau per diferenciar zones o usos.<\/li>\n<\/ul>\n<p><strong>\ud83d\udccf Format:<\/strong> Paquet de 100 unitats.<\/p>\n<p><strong>\ud83d\udccc Aplicacions:<\/strong> \u00das recomanat en <strong>ind\u00fastria aliment\u00e0ria, centres sanitaris, neteja professional, laboratoris i visites a zones controlades<\/strong>.<\/p>\n","protected":false},"excerpt":{"rendered":"<p>Els cobresabates de polietil\u00e8 s\u00f3n la soluci\u00f3 ideal per mantenir la higiene i evitar contaminacions en entorns on la neteja \u00e9s priorit\u00e0ria, com ara ind\u00fastries aliment\u00e0ries, laboratoris, cl\u00edniques o centres d\u2019est\u00e8tica. El seu disseny universal permet una col\u00b7locaci\u00f3 r\u00e0pida i c\u00f2moda sobre qualsevol tipus de cal\u00e7at. \ud83d\udd39 Beneficis dels cobresabates: Higi\u00e8nics: Prevenen la contaminaci\u00f3 creuada [&hellip;]<\/p>\n","protected":false},"featured_media":6890,"template":"","meta":{"_joinchat":[]},"product_brand":[],"product_cat":[542,540],"product_tag":[],"class_list":{"0":"post-3916","1":"product","2":"type-product","3":"status-publish","4":"has-post-thumbnail","6":"product_cat-equips-proteccio","7":"product_cat-un-sol-us","9":"first","10":"instock","11":"shipping-taxable","12":"product-type-simple"},"_links":{"self":[{"href":"https:\/\/comercialdiscam.cat\/ca\/wp-json\/wp\/v2\/product\/3916","targetHints":{"allow":["GET"]}}],"collection":[{"href":"https:\/\/comercialdiscam.cat\/ca\/wp-json\/wp\/v2\/product"}],"about":[{"href":"https:\/\/comercialdiscam.cat\/ca\/wp-json\/wp\/v2\/types\/product"}],"wp:featuredmedia":[{"embeddable":true,"href":"https:\/\/comercialdiscam.cat\/ca\/wp-json\/wp\/v2\/media\/6890"}],"wp:attachment":[{"href":"https:\/\/comercialdiscam.cat\/ca\/wp-json\/wp\/v2\/media?parent=3916"}],"wp:term":[{"taxonomy":"product_brand","embeddable":true,"href":"https:\/\/comercialdiscam.cat\/ca\/wp-json\/wp\/v2\/product_brand?post=3916"},{"taxonomy":"product_cat","embeddable":true,"href":"https:\/\/comercialdiscam.cat\/ca\/wp-json\/wp\/v2\/product_cat?post=3916"},{"taxonomy":"product_tag","embeddable":true,"href":"https:\/\/comercialdiscam.cat\/ca\/wp-json\/wp\/v2\/product_tag?post=3916"}],"curies":[{"name":"wp","href":"https:\/\/api.w.org\/{rel}","templated":true}]}}