{"id":3857,"date":"2025-02-19T12:09:14","date_gmt":"2025-02-19T11:09:14","guid":{"rendered":"https:\/\/comercialdiscam.cat\/sense%20categoria\/autocierre\/"},"modified":"2025-03-31T18:20:24","modified_gmt":"2025-03-31T16:20:24","slug":"autoclosura","status":"publish","type":"product","link":"https:\/\/comercialdiscam.cat\/ca\/bosses\/plastic\/autoclosura\/","title":{"rendered":"Bosses de pl\u00e0stic amb autoclosura"},"content":{"rendered":"<p>Les <strong>bosses de pl\u00e0stic amb autoclosura<\/strong> s\u00f3n una soluci\u00f3 pr\u00e0ctica i reutilitzable per a guardar, protegir i classificar tot tipus d\u2019objectes o aliments. Disposen d\u2019un <strong>tancament tipus zip<\/strong> o autosellable, format per dues vores de pl\u00e0stic que es tanquen amb un simple &#8220;clic&#8221;, assegurant un tancament herm\u00e8tic i f\u00e0cil d\u2019obrir i tancar tantes vegades com calgui.<\/p>\n<p>Ideals per al seu \u00fas en <strong>comer\u00e7os, tallers, laboratoris, ferreteries, oficines, magatzems<\/strong> o a la <strong>llar<\/strong> per organitzar peces petites, material d\u2019oficina, bijuteria, cargols, cables, aliments, etc.<\/p>\n<p><strong>\ud83d\udccf Mides disponibles (paquets de 100 unitats):<\/strong><\/p>\n<ul>\n<li><strong>120 x 180 mm<\/strong><\/li>\n<li><strong>160 x 220 mm<\/strong><\/li>\n<\/ul>\n<p><strong>\ud83d\udd39 Beneficis:<\/strong><\/p>\n<ul>\n<li><strong>Reutilitzables:<\/strong> Es poden obrir i tancar m\u00faltiples vegades sense perdre efic\u00e0cia.<\/li>\n<li><strong>Tancament segur:<\/strong> Sistema zip que mant\u00e9 el contingut protegit de la pols, la humitat i la brut\u00edcia.<\/li>\n<li><strong>F\u00e0cil identificaci\u00f3:<\/strong> Transpar\u00e8ncia total per veure el contingut d\u2019un sol cop d\u2019ull.<\/li>\n<li><strong>Multi\u00fas:<\/strong> Perfectes per organitzar, classificar i emmagatzemar productes de mida petita o mitjana.<\/li>\n<\/ul>\n<p><strong>\ud83d\udccc Aplicacions:<\/strong> Molt \u00fatils en entorns <strong>comercials, industrials, escolars i dom\u00e8stics<\/strong>. Tamb\u00e9 aptes per a <strong>alimentaci\u00f3<\/strong> (sense l\u00edquids) i per a <strong>l\u2019emmagatzematge temporal de productes delicats o electr\u00f2nics<\/strong>.<\/p>\n","protected":false},"excerpt":{"rendered":"<p>Les bosses de pl\u00e0stic amb autoclosura s\u00f3n una soluci\u00f3 pr\u00e0ctica i reutilitzable per a guardar, protegir i classificar tot tipus d\u2019objectes o aliments. Disposen d\u2019un tancament tipus zip o autosellable, format per dues vores de pl\u00e0stic que es tanquen amb un simple &#8220;clic&#8221;, assegurant un tancament herm\u00e8tic i f\u00e0cil d\u2019obrir i tancar tantes vegades com [&hellip;]<\/p>\n","protected":false},"featured_media":6751,"template":"","meta":{"_joinchat":[]},"product_brand":[],"product_cat":[537,539],"product_tag":[],"class_list":{"0":"post-3857","1":"product","2":"type-product","3":"status-publish","4":"has-post-thumbnail","6":"product_cat-bosses","7":"product_cat-plastic","9":"first","10":"instock","11":"shipping-taxable","12":"purchasable","13":"product-type-variable","14":"wvs-archive-product-wrapper"},"_links":{"self":[{"href":"https:\/\/comercialdiscam.cat\/ca\/wp-json\/wp\/v2\/product\/3857","targetHints":{"allow":["GET"]}}],"collection":[{"href":"https:\/\/comercialdiscam.cat\/ca\/wp-json\/wp\/v2\/product"}],"about":[{"href":"https:\/\/comercialdiscam.cat\/ca\/wp-json\/wp\/v2\/types\/product"}],"wp:featuredmedia":[{"embeddable":true,"href":"https:\/\/comercialdiscam.cat\/ca\/wp-json\/wp\/v2\/media\/6751"}],"wp:attachment":[{"href":"https:\/\/comercialdiscam.cat\/ca\/wp-json\/wp\/v2\/media?parent=3857"}],"wp:term":[{"taxonomy":"product_brand","embeddable":true,"href":"https:\/\/comercialdiscam.cat\/ca\/wp-json\/wp\/v2\/product_brand?post=3857"},{"taxonomy":"product_cat","embeddable":true,"href":"https:\/\/comercialdiscam.cat\/ca\/wp-json\/wp\/v2\/product_cat?post=3857"},{"taxonomy":"product_tag","embeddable":true,"href":"https:\/\/comercialdiscam.cat\/ca\/wp-json\/wp\/v2\/product_tag?post=3857"}],"curies":[{"name":"wp","href":"https:\/\/api.w.org\/{rel}","templated":true}]}}