{"id":3821,"date":"2025-02-19T12:09:14","date_gmt":"2025-02-19T11:09:14","guid":{"rendered":"https:\/\/comercialdiscam.cat\/sense%20categoria\/sin-asas-kraft\/"},"modified":"2025-03-31T17:23:07","modified_gmt":"2025-03-31T15:23:07","slug":"sense-nasa-kraft","status":"publish","type":"product","link":"https:\/\/comercialdiscam.cat\/ca\/bosses\/paper\/sense-nasa-kraft\/","title":{"rendered":"Bosses americanes de paper Kraft sense nanses"},"content":{"rendered":"<p>Les <strong>bosses de paper Kraft sense nanses<\/strong>, tamb\u00e9 conegudes com a <strong>bosses americanes<\/strong>, estan m\u00e9s de moda que mai. Aquest tipus de bossa, amb <strong>format vertical<\/strong> i sense nanses, ens transporta directament a les cl\u00e0ssiques pel\u00b7l\u00edcules americanes dels anys 80, on eren habituals en escenes de supermercats, menjar per emportar o repartiment de menjars.<\/p>\n<p>Gr\u00e0cies al seu disseny, es poden <strong>plegar f\u00e0cilment per la part superior<\/strong>, oferint un tancament senzill i un transport c\u00f2mode i segur. Fabricades en <strong>paper Kraft resistent<\/strong>, s\u00f3n ideals per a hostaleria, botigues d\u2019alimentaci\u00f3, fruiteries o qualsevol comer\u00e7 que busqui una <strong>soluci\u00f3 ecol\u00f2gica, pr\u00e0ctica i amb estil retro<\/strong>.<\/p>\n<p><strong>\ud83d\udccf Mides disponibles:<\/strong><\/p>\n<ul>\n<li><strong>22 + 14 x 37 cm<\/strong> \u2013 Caixa de 500 unitats<\/li>\n<li><strong>25 + 15 x 45 cm<\/strong> \u2013 Caixa de 500 unitats<\/li>\n<\/ul>\n<p><strong>\ud83d\udd39 Beneficis:<\/strong><\/p>\n<ul>\n<li><strong>Disseny ic\u00f2nic i funcional:<\/strong> Inspirades en les bosses de supermercat nord-americanes.<\/li>\n<li><strong>Format vertical sense nanses:<\/strong> Permet plegar la part superior per a m\u00e9s seguretat.<\/li>\n<li><strong>Resistents i ecol\u00f2giques:<\/strong> Fabricades amb paper Kraft reciclable.<\/li>\n<li><strong>Vers\u00e0tils:<\/strong> Perfectes per a menjar per emportar, fruita, pa o productes a granel.<\/li>\n<\/ul>\n<p><strong>\ud83d\udccc Aplicacions:<\/strong> Apte per a <strong>hostaleria, menjar per emportar, botigues gourmet, fruiteries, fleques<\/strong> i qualsevol negoci que busqui una opci\u00f3 sostenible, funcional i amb un toc vintage.<\/p>\n","protected":false},"excerpt":{"rendered":"<p>Les bosses de paper Kraft sense nanses, tamb\u00e9 conegudes com a bosses americanes, estan m\u00e9s de moda que mai. Aquest tipus de bossa, amb format vertical i sense nanses, ens transporta directament a les cl\u00e0ssiques pel\u00b7l\u00edcules americanes dels anys 80, on eren habituals en escenes de supermercats, menjar per emportar o repartiment de menjars. Gr\u00e0cies [&hellip;]<\/p>\n","protected":false},"featured_media":6755,"template":"","meta":{"_joinchat":[]},"product_brand":[],"product_cat":[537,538],"product_tag":[703],"class_list":{"0":"post-3821","1":"product","2":"type-product","3":"status-publish","4":"has-post-thumbnail","6":"product_cat-bosses","7":"product_cat-paper","8":"product_tag-ecologic","10":"first","11":"instock","12":"shipping-taxable","13":"purchasable","14":"product-type-variable","15":"wvs-archive-product-wrapper"},"_links":{"self":[{"href":"https:\/\/comercialdiscam.cat\/ca\/wp-json\/wp\/v2\/product\/3821","targetHints":{"allow":["GET"]}}],"collection":[{"href":"https:\/\/comercialdiscam.cat\/ca\/wp-json\/wp\/v2\/product"}],"about":[{"href":"https:\/\/comercialdiscam.cat\/ca\/wp-json\/wp\/v2\/types\/product"}],"wp:featuredmedia":[{"embeddable":true,"href":"https:\/\/comercialdiscam.cat\/ca\/wp-json\/wp\/v2\/media\/6755"}],"wp:attachment":[{"href":"https:\/\/comercialdiscam.cat\/ca\/wp-json\/wp\/v2\/media?parent=3821"}],"wp:term":[{"taxonomy":"product_brand","embeddable":true,"href":"https:\/\/comercialdiscam.cat\/ca\/wp-json\/wp\/v2\/product_brand?post=3821"},{"taxonomy":"product_cat","embeddable":true,"href":"https:\/\/comercialdiscam.cat\/ca\/wp-json\/wp\/v2\/product_cat?post=3821"},{"taxonomy":"product_tag","embeddable":true,"href":"https:\/\/comercialdiscam.cat\/ca\/wp-json\/wp\/v2\/product_tag?post=3821"}],"curies":[{"name":"wp","href":"https:\/\/api.w.org\/{rel}","templated":true}]}}