{"id":3782,"date":"2025-02-19T12:13:15","date_gmt":"2025-02-19T11:13:15","guid":{"rendered":"https:\/\/comercialdiscam.cat\/sense%20categoria\/domestica-30lt\/"},"modified":"2025-10-27T17:31:09","modified_gmt":"2025-10-27T16:31:09","slug":"domestica-30lt","status":"publish","type":"product","link":"https:\/\/comercialdiscam.cat\/ca\/bosses\/escombraries\/domestica-30lt\/","title":{"rendered":"Bossa d&#8217;escombraries dom\u00e8stica 52&#215;60 (30 L)"},"content":{"rendered":"<p>La <strong>Bossa d\u2019Escombraries Dom\u00e8stica 52&#215;60 cm (30 L)<\/strong> ofereix una soluci\u00f3 pr\u00e0ctica i resistent per a la gesti\u00f3 de residus en <strong>llars, oficines, comer\u00e7os i establiments d\u2019hostaleria<\/strong>. Dissenyada per adaptar-se als cubells est\u00e0ndard, combina una <strong>gran capacitat i resist\u00e8ncia<\/strong>, evitant trencaments i fuites.<\/p>\n<p>Disponible en diferents colors i gruixos (<strong>galgues<\/strong>), permet escollir l\u2019opci\u00f3 m\u00e9s adequada segons el tipus de residu i les necessitats espec\u00edfiques.<\/p>\n<p><strong>\ud83d\udd39 Beneficis de la Bossa d\u2019Escombraries Dom\u00e8stica 30 L:<\/strong><\/p>\n<ul>\n<li><strong>Alta resist\u00e8ncia<\/strong>: Diferents galgues per suportar diversos nivells de c\u00e0rrega.<\/li>\n<li><strong>Format pr\u00e0ctic<\/strong>: Mida ideal per a cubells est\u00e0ndard de 30 L.<\/li>\n<li><strong>Diversitat d\u2019opcions<\/strong>: Disponible en diferents colors i gruixos.<\/li>\n<li><strong>\u00das vers\u00e0til<\/strong>: Apte per a \u00fas dom\u00e8stic, oficines, comer\u00e7os i hostaleria.<\/li>\n<li><strong>Pack de 25 unitats<\/strong>: Presentaci\u00f3 funcional i econ\u00f2mica.<\/li>\n<\/ul>\n<p><strong>\ud83d\udccf Caracter\u00edstiques del producte:<\/strong><\/p>\n<ul>\n<li><strong>Dimensions:<\/strong> 52&#215;60 cm.<\/li>\n<li><strong>Capacitat:<\/strong> 30 litres.<\/li>\n<li><strong>Unitats per pack:<\/strong> 25 unitats.<\/li>\n<li><strong>Colors disponibles:<\/strong> Blanc,negre i groc.<\/li>\n<li><strong>Galgues disponibles:<\/strong>\n<ul>\n<li>Blanc galga 60.<\/li>\n<li>Negre galga 80.<\/li>\n<li>Groc galga 60.<\/li>\n<\/ul>\n<\/li>\n<\/ul>\n<p>\ud83d\udccc <strong>Ideal per a qui busca una bossa d\u2019escombraries resistent, funcional i adaptada a diferents necessitats.<\/strong><\/p>\n<p>Les <strong>Bosses d\u2019Escombraries Dom\u00e8stiques 52&#215;60 cm (30 L)<\/strong> combinen qualitat, resist\u00e8ncia i versatilitat per a un \u00fas eficient en qualsevol entorn.<\/p>\n","protected":false},"excerpt":{"rendered":"<p>La Bossa d\u2019Escombraries Dom\u00e8stica 52&#215;60 cm (30 L) ofereix una soluci\u00f3 pr\u00e0ctica i resistent per a la gesti\u00f3 de residus en llars, oficines, comer\u00e7os i establiments d\u2019hostaleria. Dissenyada per adaptar-se als cubells est\u00e0ndard, combina una gran capacitat i resist\u00e8ncia, evitant trencaments i fuites. Disponible en diferents colors i gruixos (galgues), permet escollir l\u2019opci\u00f3 m\u00e9s adequada [&hellip;]<\/p>\n","protected":false},"featured_media":6745,"template":"","meta":{"_joinchat":[]},"product_brand":[],"product_cat":[537,536],"product_tag":[],"class_list":{"0":"post-3782","1":"product","2":"type-product","3":"status-publish","4":"has-post-thumbnail","6":"product_cat-bosses","7":"product_cat-escombraries","9":"first","10":"instock","11":"shipping-taxable","12":"purchasable","13":"product-type-variable","14":"wvs-archive-product-wrapper"},"_links":{"self":[{"href":"https:\/\/comercialdiscam.cat\/ca\/wp-json\/wp\/v2\/product\/3782","targetHints":{"allow":["GET"]}}],"collection":[{"href":"https:\/\/comercialdiscam.cat\/ca\/wp-json\/wp\/v2\/product"}],"about":[{"href":"https:\/\/comercialdiscam.cat\/ca\/wp-json\/wp\/v2\/types\/product"}],"wp:featuredmedia":[{"embeddable":true,"href":"https:\/\/comercialdiscam.cat\/ca\/wp-json\/wp\/v2\/media\/6745"}],"wp:attachment":[{"href":"https:\/\/comercialdiscam.cat\/ca\/wp-json\/wp\/v2\/media?parent=3782"}],"wp:term":[{"taxonomy":"product_brand","embeddable":true,"href":"https:\/\/comercialdiscam.cat\/ca\/wp-json\/wp\/v2\/product_brand?post=3782"},{"taxonomy":"product_cat","embeddable":true,"href":"https:\/\/comercialdiscam.cat\/ca\/wp-json\/wp\/v2\/product_cat?post=3782"},{"taxonomy":"product_tag","embeddable":true,"href":"https:\/\/comercialdiscam.cat\/ca\/wp-json\/wp\/v2\/product_tag?post=3782"}],"curies":[{"name":"wp","href":"https:\/\/api.w.org\/{rel}","templated":true}]}}