{"id":5808,"date":"2023-01-25T12:32:10","date_gmt":"2023-01-25T11:32:10","guid":{"rendered":"https:\/\/comercialdiscam.cat\/politica-de-privacitat\/"},"modified":"2025-06-20T12:15:05","modified_gmt":"2025-06-20T10:15:05","slug":"politica-de-privacitat","status":"publish","type":"page","link":"https:\/\/comercialdiscam.cat\/ca\/politica-de-privacitat\/","title":{"rendered":"Pol\u00edtica de privacitat"},"content":{"rendered":"\n<h1 class=\"wp-block-heading\">POL\u00cdTICA DE PRIVACITAT DE COMERCIAL DISCAM<\/h1>\n\n\n\n<p>COMERCIAL DISCAM es compromet a realitzar els seus m\u00e0xims esfor\u00e7os per complir en tot moment, en relaci\u00f3 amb els tractaments de dades que realitzi, amb la legislaci\u00f3 vigent en mat\u00e8ria de protecci\u00f3 de dades, actualment el Reglament General de Protecci\u00f3 de Dades (UE) n\u00fam. 679\/2016.<\/p>\n\n\n\n<p>A continuaci\u00f3, DISCAM PRODUCTES D\u2019HIGIENE, S.L. informa els USUARIS sobre els termes i condicions en els quals tractar\u00e0 les seves dades de car\u00e0cter personal.<\/p>\n\n\n\n<p>RESPONSABLE DEL TRACTAMENT DE LES DADES<\/p>\n\n\n\n<p>Ra\u00f3 social: DISCAM PRODUCTES D\u2019HIGIENE, S.L. <br>Adre\u00e7a: Avda. Generalitat, nau F71, 43480 Vila-seca (Tarragona) <br>Espanya CIF: B21750674 <br>Tel\u00e8fon: 652 351 662 <br>Correu electr\u00f2nic: <a href=\"mailto:administracio@comercialdiscam.com\">administracio@comercialdiscam.com<\/a><\/p>\n\n\n\n<p>TRACTAMENT DE LES DADES DELS USUARIS DEL FORMULARI DE CONTACTE D&#8217;AQUESTA WEB<\/p>\n\n\n\n<p>Finalitat: Gestionar i atendre les sol\u00b7licituds d&#8217;informaci\u00f3 i\/o consultes dels usuaris del formulari de contacte del web. Facilitar ofertes de productes i\/o serveis de DISCAM PRODUCTES D\u2019HIGIENE, S.L. quan correspongui.<\/p>\n\n\n\n<p>No es prendran decisions automatitzades en base al perfil.<\/p>\n\n\n\n<p>Legitimaci\u00f3: Consentiment de l&#8217;interessat.<\/p>\n\n\n\n<p>Base legal: Consentiment prestat en el moment d&#8217;enviar el formulari de contacte.<\/p>\n\n\n\n<p>Per\u00edode de conservaci\u00f3: Durant el termini necessari raonable (a completar), mentre no se sol\u00b7liciti la supressi\u00f3 de dades.<\/p>\n\n\n\n<p>TRACTAMENT DE LES DADES DE CLIENTS I PROVE\u00cfDORS<\/p>\n\n\n\n<p>Finalitat: Gestionar la relaci\u00f3 comercial, prestar o subcontractar serveis, i realitzar les gestions comptables, fiscals i administratives.<\/p>\n\n\n\n<p>Legitimaci\u00f3: Exist\u00e8ncia i execuci\u00f3 de contractes de serveis i\/o compravenda.<\/p>\n\n\n\n<p>Per\u00edode de conservaci\u00f3: Mentre durin les relacions comercials i els anys necessaris per complir les obligacions legals i fiscals.<\/p>\n\n\n\n<p>TRACTAMENT DE LES DADES DELS DESTINATARIS DE LA NEWSLETTER I COMUNICACIONS COMERCIALS<\/p>\n\n\n\n<p>Finalitat: Gestionar la subscripci\u00f3 i enviament de newsletters i comunicacions comercials.<\/p>\n\n\n\n<p>Legitimaci\u00f3: Consentiment inequ\u00edvoc del destinatari. En cas de clients, inter\u00e8s leg\u00edtim de DISCAM PRODUCTES D\u2019HIGIENE, S.L., tret que es sol\u00b7liciti la baixa.<\/p>\n\n\n\n<p>Per\u00edode de conservaci\u00f3: Indefinit, mentre no es sol\u00b7liciti la baixa per escrit amb c\u00f2pia del DNI a <a href=\"mailto:administracio@comercialdiscam.com\">administracio@comercialdiscam.com<\/a><\/p>\n\n\n\n<p>TRACTAMENT DE DADES D\u2019AMISTATS A XARXES SOCIALS<\/p>\n\n\n\n<p>DISCAM PRODUCTES D\u2019HIGIENE, S.L. \u00e9s present a Facebook, LinkedIn, Twitter i YouTube. Finalitat: Informar sobre serveis i captar\/fidelitzar clients. Legitimaci\u00f3: Consentiment expr\u00e9s de les amistats en seguir-nos o deixar de seguir-nos.<\/p>\n\n\n\n<p>TRACTAMENT DE DADES DE SOL\u00b7LICITANTS D\u2019OCUPACI\u00d3 (CANDIDATS)<\/p>\n\n\n\n<p>Finalitat: Incorporar i gestionar dades a la base de dades de candidats per contactar-los en cas de vacants adequades.<\/p>\n\n\n\n<p>No es prendran decisions automatitzades en base al perfil.<\/p>\n\n\n\n<p>Legitimaci\u00f3: Consentiment prestat en enviar el curr\u00edculum.<\/p>\n\n\n\n<p>Per\u00edode de conservaci\u00f3: 5 anys.<\/p>\n\n\n\n<p>PER\u00cdODE GENERAL DE CONSERVACI\u00d3 DE LES DADES<\/p>\n\n\n\n<p>Les dades personals es conservaran mentre no se sol\u00b7liciti la seva supressi\u00f3, excepte indicaci\u00f3 contr\u00e0ria en els apartats anteriors.<\/p>\n\n\n\n<p>DESTINATARIS DE LES DADES<\/p>\n\n\n\n<p>Els destinataris seran el personal i direcci\u00f3 de DISCAM PRODUCTES D\u2019HIGIENE, S.L., i prove\u00efdors de serveis que accedeixin a dades personals com a Encarregats del Tractament. No es cediran a tercers llevat d&#8217;obligaci\u00f3 legal.<\/p>\n\n\n\n<p>DRETS DE LES PERSONES INTERESSADES<\/p>\n\n\n\n<p>Es poden exercir els drets d&#8217;acc\u00e9s, rectificaci\u00f3, oposici\u00f3, cancel\u00b7laci\u00f3, supressi\u00f3, oblit, limitaci\u00f3 del tractament i portabilitat dirigint-se per escrit a <a href=\"mailto:administracio@comercialdiscam.com\">administracio@comercialdiscam.com<\/a> amb c\u00f2pia del DNI.<\/p>\n","protected":false},"excerpt":{"rendered":"<p>POL\u00cdTICA DE PRIVACITAT DE COMERCIAL DISCAM COMERCIAL DISCAM es compromet a realitzar els seus m\u00e0xims esfor\u00e7os per complir en tot moment, en relaci\u00f3 amb els tractaments de dades que realitzi, amb la legislaci\u00f3 vigent en mat\u00e8ria de protecci\u00f3 de dades, actualment el Reglament General de Protecci\u00f3 de Dades (UE) n\u00fam. 679\/2016. A continuaci\u00f3, DISCAM PRODUCTES [&hellip;]<\/p>\n","protected":false},"author":1,"featured_media":0,"parent":0,"menu_order":0,"comment_status":"closed","ping_status":"closed","template":"","meta":{"_joinchat":[],"footnotes":""},"class_list":["post-5808","page","type-page","status-publish","hentry"],"_links":{"self":[{"href":"https:\/\/comercialdiscam.cat\/ca\/wp-json\/wp\/v2\/pages\/5808","targetHints":{"allow":["GET"]}}],"collection":[{"href":"https:\/\/comercialdiscam.cat\/ca\/wp-json\/wp\/v2\/pages"}],"about":[{"href":"https:\/\/comercialdiscam.cat\/ca\/wp-json\/wp\/v2\/types\/page"}],"author":[{"embeddable":true,"href":"https:\/\/comercialdiscam.cat\/ca\/wp-json\/wp\/v2\/users\/1"}],"replies":[{"embeddable":true,"href":"https:\/\/comercialdiscam.cat\/ca\/wp-json\/wp\/v2\/comments?post=5808"}],"version-history":[{"count":2,"href":"https:\/\/comercialdiscam.cat\/ca\/wp-json\/wp\/v2\/pages\/5808\/revisions"}],"predecessor-version":[{"id":6227,"href":"https:\/\/comercialdiscam.cat\/ca\/wp-json\/wp\/v2\/pages\/5808\/revisions\/6227"}],"wp:attachment":[{"href":"https:\/\/comercialdiscam.cat\/ca\/wp-json\/wp\/v2\/media?parent=5808"}],"curies":[{"name":"wp","href":"https:\/\/api.w.org\/{rel}","templated":true}]}}