{"id":5800,"date":"2025-04-24T17:45:55","date_gmt":"2025-04-24T15:45:55","guid":{"rendered":"https:\/\/comercialdiscam.cat\/aviso-legal\/"},"modified":"2025-06-20T12:14:29","modified_gmt":"2025-06-20T10:14:29","slug":"avis-legal","status":"publish","type":"page","link":"https:\/\/comercialdiscam.cat\/ca\/avis-legal\/","title":{"rendered":"Av\u00eds legal"},"content":{"rendered":"\n<h1 class=\"wp-block-heading\">AV\u00cdS LEGAL<\/h1>\n\n\n\n<p>En compliment del que s&#8217;estableix a l&#8217;article 10 de la Llei 34\/2002, d&#8217;11 de juliol, de Serveis de la Societat de la Informaci\u00f3 i Comer\u00e7 Electr\u00f2nic (LSSI-CE), s&#8217;informa que aquest lloc web \u00e9s titularitat de l&#8217;empresa DISCAM PRODUCTES D\u2019HIGIENE, S.L.<\/p>\n\n\n\n<p><strong>Ra\u00f3 social:<\/strong> DISCAM PRODUCTES D\u2019HIGIENE, S.L. <br><strong>Adre\u00e7a:<\/strong> Avda. Generalitat, nau F71, 43480 Vila-Seca (Tarragona) <br><strong>CIF:<\/strong> B21750674 <br><strong>Tel\u00e8fon:<\/strong> 652 351 662<br><strong>Correu electr\u00f2nic de contacte:<\/strong> <a>administracio@comercialdiscam.com<\/a><\/p>\n\n\n\n<p>Per utilitzar la P\u00e0gina, es requereix l&#8217;acceptaci\u00f3 expressa de l&#8217;usuari de totes i cadascuna de les cl\u00e0usules indicades en aquest Av\u00eds Legal, aix\u00ed com de cada una de les advert\u00e8ncies o cl\u00e0usules espec\u00edfiques establertes per a la contractaci\u00f3 de determinats serveis, productes o \u00fas de zones de la P\u00e0gina.<\/p>\n\n\n\n<p>En cas de no acceptar les cl\u00e0usules establertes en aquest Av\u00eds Legal, l&#8217;usuari haur\u00e0 d&#8217;abstenir-se d&#8217;accedir i\/o utilitzar els serveis i\/o continguts posats a la seva disposici\u00f3 a la P\u00e0gina, procedint a abandonar-la.<\/p>\n\n\n\n<p>\u00daS DE LA P\u00c0GINA<\/p>\n\n\n\n<p>L&#8217;usuari es compromet a no utilitzar la P\u00e0gina per a realitzar activitats contr\u00e0ries a les lleis, a la moral, a l&#8217;ordre p\u00fablic i, en general, a fer un \u00fas conforme a les condicions establertes en aquest Av\u00eds Legal. Aix\u00ed mateix, es compromet a no realitzar activitats publicit\u00e0ries o d&#8217;explotaci\u00f3 comercial enviant missatges que utilitzin una identitat falsa.<\/p>\n\n\n\n<p>L&#8217;Empresa actua exclusivament com a responsable de la P\u00e0gina en la seva condici\u00f3 de prestadora d&#8217;un servei d&#8217;informaci\u00f3 sobre els seus propis serveis, no fent-se responsable dels continguts que, en contravenci\u00f3 a aquestes condicions generals, els usuaris poguessin enviar o publicar, essent l&#8217;usuari l&#8217;\u00fanic responsable de la veracitat i licitud dels mateixos.<\/p>\n\n\n\n<p>L&#8217;Empresa podr\u00e0 interrompre el servei de la P\u00e0gina utilitzat per l&#8217;usuari i resoldre de manera immediata la relaci\u00f3 amb aquest si detecta un \u00fas de la P\u00e0gina o de qualsevol dels serveis oferts que pugui considerar contrari al que s&#8217;expressa en aquest Av\u00eds Legal.<\/p>\n\n\n\n<p>PROPIETAT INTEL\u00b7LECTUAL I INDUSTRIAL<\/p>\n\n\n\n<p>La totalitat d&#8217;aquesta P\u00e0gina: text, imatges, marques, gr\u00e0fics, logotips, botons, arxius de programari, combinacions de colors, aix\u00ed com l&#8217;estructura, selecci\u00f3, ordenaci\u00f3 i presentaci\u00f3 dels seus continguts, est\u00e0 protegida per les lleis sobre Propietat Intel\u00b7lectual i Industrial, quedant prohibida la seva reproducci\u00f3, distribuci\u00f3, comunicaci\u00f3 p\u00fablica i transformaci\u00f3, excepte per a \u00fas personal i privat.<\/p>\n\n\n\n<p>L&#8217;Empresa no garanteix que els continguts siguin precisos o lliures d&#8217;errors o que l&#8217;\u00fas lliure dels mateixos per part de l&#8217;usuari no infringeixi drets de tercers. L&#8217;\u00fas correcte o incorrecte d&#8217;aquesta p\u00e0gina i dels seus continguts \u00e9s responsabilitat de l&#8217;usuari.<\/p>\n\n\n\n<p>Igualment, queda prohibida la reproducci\u00f3, retransmissi\u00f3, c\u00f2pia, cessi\u00f3 o redifusi\u00f3, total o parcial, de la informaci\u00f3 continguda a la P\u00e0gina, sigui quina sigui la seva finalitat i el mitj\u00e0 utilitzat per a aix\u00f2, sense autoritzaci\u00f3 pr\u00e8via de l&#8217;Empresa.<\/p>\n\n\n\n<p>ENLLA\u00c7OS O LINKS<\/p>\n\n\n\n<p>La P\u00e0gina pot incloure enlla\u00e7os o links a llocs de tercers. Les p\u00e0gines pertanyents a tercers no han estat revisades ni s\u00f3n objecte de controls per part de l&#8217;Empresa. En qualsevol cas, l&#8217;Empresa no podr\u00e0 ser considerada responsable dels continguts d&#8217;aquests llocs web ni de les mesures que s&#8217;adoptin relatives a la seva privacitat o al tractament de les seves dades de car\u00e0cter personal.<\/p>\n\n\n\n<p>L&#8217;Empresa recomana la lectura detinguda de les condicions d&#8217;\u00fas i la pol\u00edtica de privacitat d&#8217;aquests llocs.<\/p>\n\n\n\n<p>En cas d&#8217;estar interessat en activar un enlla\u00e7 a alguna de les p\u00e0gines de l&#8217;Empresa, haureu de comunicar-ho, obtenint el consentiment expr\u00e9s per crear l&#8217;enlla\u00e7. L&#8217;Empresa es reserva el dret d&#8217;oposici\u00f3 a l&#8217;activaci\u00f3 d&#8217;enlla\u00e7os amb el seu lloc web.<\/p>\n\n\n\n<p>MENORS D&#8217;EDAT<\/p>\n\n\n\n<p>L&#8217;Empresa recorda als usuaris majors d&#8217;edat, que tinguin al seu c\u00e0rrec menors, que ser\u00e0 de la seva exclusiva responsabilitat determinar quins serveis i\/o continguts s\u00f3n apropiats per a l&#8217;edat d&#8217;aquests \u00faltims.<\/p>\n\n\n\n<p>L&#8217;Empresa els informa que existeixen programes inform\u00e0tics que permeten filtrar i bloquejar l&#8217;acc\u00e9s a determinats continguts i serveis, de manera que els pares o tutors, per exemple, poden decidir quins s\u00f3n els continguts i serveis d&#8217;Internet als quals els menors poden tenir acc\u00e9s i quins no.<\/p>\n\n\n\n<p>RESPONSABILITATS<\/p>\n\n\n\n<p>L&#8217;Empresa no ser\u00e0 responsable directa ni subsidi\u00e0riament de:<\/p>\n\n\n\n<p>La qualitat del servei, la velocitat d&#8217;acc\u00e9s, el correcte funcionament ni la disponibilitat ni continu\u00eftat de funcionament de la P\u00e0gina.<\/p>\n\n\n\n<p>Els danys que es puguin causar als equips de l&#8217;usuari per la utilitzaci\u00f3 de la P\u00e0gina.<\/p>\n\n\n\n<p>Els casos en qu\u00e8 un tercer, trencant les mesures de seguretat establertes, accedeixi als missatges o els utilitzi per a l&#8217;enviament de virus inform\u00e0tics.<\/p>\n\n\n\n<p>Els vicis i defectes de tota mena dels continguts transmesos, difosos, emmagatzemats o posats a disposici\u00f3.<\/p>\n\n\n\n<p>La licitud, fiabilitat i utilitat dels continguts que els usuaris transmetin mitjan\u00e7ant l&#8217;\u00fas de la p\u00e0gina o dels serveis que s&#8217;hi ofereixen, aix\u00ed com tampoc la seva veracitat o exactitud. L&#8217;Empresa no controla l&#8217;\u00fas que els usuaris fan de la P\u00e0gina, ni garanteix que ho facin conforme al que s&#8217;estableix en aquest Av\u00eds Legal.<\/p>\n\n\n\n<p>A t\u00edtol enunciatiu i amb car\u00e0cter no limitatiu, l&#8217;usuari ser\u00e0 responsable de:<\/p>\n\n\n\n<p>Dels continguts introdu\u00efts per ells, especialment de les dades i informacions introdu\u00efdes i enviades a l&#8217;Empresa mitjan\u00e7ant la P\u00e0gina o en la P\u00e0gina.<\/p>\n\n\n\n<p>De la realitzaci\u00f3 de qualsevol tipus d&#8217;actuaci\u00f3 il\u00b7l\u00edcita, lesiva de drets, nociva i\/o perjudicial.<\/p>\n\n\n\n<p>De la cust\u00f2dia del seu nom d&#8217;usuari i contrasenya, no havent-los de comunicar a terceres persones, per tal d&#8217;evitar suplantacions d&#8217;identitat o facilitaci\u00f3 de dades no veraces o incorrectes.<\/p>\n\n\n\n<p>FUR JUR\u00cdDIC<\/p>\n\n\n\n<p>Aquest Av\u00eds Legal est\u00e0 redactat en catal\u00e0, i es troba sotm\u00e8s a la legislaci\u00f3 espanyola vigent. Per qualsevol tipus de controv\u00e8rsia derivada de la utilitzaci\u00f3 dels serveis oferts o dels continguts propis de la P\u00e0gina, les parts, amb l&#8217;acceptaci\u00f3 del clausulat establert en aquest Av\u00eds Legal, se sotmetran als Tribunals i Jutjats competents de Tarragona.<\/p>\n\n\n\n<p>POL\u00cdTICA DE PRIVACITAT I PROTECCI\u00d3 DE DADES<\/p>\n\n\n\n<p>DISCAM PRODUCTES D\u2019HIGIENE, S.L. (l&#8217;Empresa) posa en coneixement dels usuaris de la p\u00e0gina <a>www.comercialdiscam.cat<\/a> (la P\u00e0gina) la legislaci\u00f3 vigent en mat\u00e8ria de protecci\u00f3 de dades de car\u00e0cter personal, privacitat dels usuaris i el secret i seguretat de les dades personals.<\/p>\n\n\n\n<p>Per a aix\u00f2 s&#8217;adopten les mesures de car\u00e0cter t\u00e8cnic i organitzatiu necess\u00e0ries per garantir la seguretat de les dades de car\u00e0cter personal contingudes en els mateixos i per evitar la seva alteraci\u00f3, p\u00e8rdua, tractament o acc\u00e9s no autoritzat, tenint en compte l&#8217;estat de la tecnologia, la naturalesa de les dades i els riscos als quals estan exposats.<\/p>\n\n\n\n<p>Les dades personals facilitades seran incloses en els fitxers, manuals o automatitzats registrats a l&#8217;Ag\u00e8ncia Espanyola de Protecci\u00f3 de Dades, sota titularitat de l&#8217;Empresa, que utilitzar\u00e0 per a la gesti\u00f3 adequada de la relaci\u00f3 contractual.<\/p>\n\n\n\n<p>L&#8217;informem que pot exercir els seus drets d&#8217;acc\u00e9s, rectificaci\u00f3 i cancel\u00b7laci\u00f3 mitjan\u00e7ant comunicaci\u00f3 escrita adre\u00e7ada al domicili de l&#8217;Empresa ubicat a Avda. Generalitat, nau F71 43480 Vila-seca (Tarragona).<\/p>\n\n\n\n<p>HI HA UN ENLLA\u00c7 ESPEC\u00cdFIC SOBRE POL\u00cdTICA DE PRIVACITAT AL NOSTRE WEB: POL\u00cdTICA DE PRIVACITAT.<\/p>\n\n\n\n<p>L&#8217;usuari ser\u00e0 l&#8217;\u00fanic responsable de la veracitat de les dades facilitades a l&#8217;Empresa.<\/p>\n\n\n\n<p>La navegaci\u00f3 per la P\u00e0gina deixa com a rastre l&#8217;adre\u00e7a IP assignada pel seu prove\u00efdor d&#8217;acc\u00e9s; aquestes dades \u00fanicament seran utilitzades amb la finalitat d&#8217;elaborar dades estad\u00edstiques de la P\u00e0gina.<\/p>\n\n\n\n<p>L&#8217;Empresa administra el seu entorn de servidors de forma adequada, tenint una infraestructura de firewall de compliment estricte. Utilitza tecnologies actuals de forma continuada per assegurar-se que la confidencialitat i la privacitat de la informaci\u00f3 no est\u00e0 compromesa.<\/p>\n\n\n\n<p>Inclusi\u00f3 de Plug-ins de Xarxes Socials (Facebook)<\/p>\n\n\n\n<p>El nostre lloc web utilitza plug-ins de xarxes socials (&#8220;plug-ins&#8221;) de la xarxa social facebook.com gestionada per Facebook Inc., situada a 1601 S. California Ave, Palo Alto, CA 94304, EUA. Els plug-ins es reconeixen pel logotip de Facebook o pel text &#8220;Plug-in de la xarxa social Facebook&#8221;.<\/p>\n\n\n\n<p>Quan l&#8217;usuari visiti una p\u00e0gina web del nostre lloc que contingui aquest bot\u00f3, el seu navegador establir\u00e0 una connexi\u00f3 directa amb els servidors de Facebook. El contingut del plug-in es transmet directament des de Facebook al seu navegador i des del navegador s&#8217;incorpora a la p\u00e0gina web. De manera que no tenim cap control sobre el tr\u00e0nsit de dades que Facebook, amb l&#8217;ajuda d&#8217;aquest plug-in, recopila i, segons ens consta, informem els usuaris de la plataforma que:<\/p>\n\n\n\n<p>Amb la integraci\u00f3 del plug-in, Facebook t\u00e9 coneixement que l&#8217;usuari ha visitat una p\u00e0gina del nostre lloc web. Si l&#8217;usuari est\u00e0 autentificat com a membre de Facebook, Facebook pot associar la seva visita amb el seu compte de Facebook. Si interacciona amb els plug-ins, per exemple, fent clic al bot\u00f3 &#8220;m&#8217;agrada&#8221; o si puja un comentari, la informaci\u00f3 corresponent del navegador de l&#8217;usuari ser\u00e0 transmesa directament a Facebook i all\u00ed s&#8217;emmagatzemar\u00e0. Si l&#8217;usuari no \u00e9s membre de Facebook, \u00e9s possible que Facebook detecti la seva adre\u00e7a IP i l&#8217;emmagatzemi.<\/p>\n\n\n\n<p>Per obtenir m\u00e9s informaci\u00f3 sobre la finalitat i l&#8217;abast de la recopilaci\u00f3 de dades i el posterior processament i \u00fas que Facebook fa d&#8217;ells, aix\u00ed com dels drets de l&#8217;usuari en aquest \u00e0mbit i les diferents configuracions per a la protecci\u00f3 de la privacitat dels usuaris, visiteu la p\u00e0gina de Facebook sobre la seva pol\u00edtica de privacitat: <a>http:\/\/www.facebook.com\/policy.php<\/a>.<\/p>\n\n\n\n<p>Si l&#8217;usuari \u00e9s membre de Facebook i no desitja que Facebook recopili dades sobre ell a trav\u00e9s del nostre lloc web vinculant-los amb les dades que, com a membre de Facebook, aquesta empresa ja t\u00e9 emmagatzemats, haur\u00e0, abans de visitar la nostra p\u00e0gina, desautentificar-se del compte de Facebook.<\/p>\n\n\n\n<p><\/p>\n","protected":false},"excerpt":{"rendered":"<p>AV\u00cdS LEGAL En compliment del que s&#8217;estableix a l&#8217;article 10 de la Llei 34\/2002, d&#8217;11 de juliol, de Serveis de la Societat de la Informaci\u00f3 i Comer\u00e7 Electr\u00f2nic (LSSI-CE), s&#8217;informa que aquest lloc web \u00e9s titularitat de l&#8217;empresa DISCAM PRODUCTES D\u2019HIGIENE, S.L. Ra\u00f3 social: DISCAM PRODUCTES D\u2019HIGIENE, S.L. Adre\u00e7a: Avda. Generalitat, nau F71, 43480 Vila-Seca [&hellip;]<\/p>\n","protected":false},"author":1,"featured_media":0,"parent":0,"menu_order":0,"comment_status":"closed","ping_status":"closed","template":"","meta":{"_joinchat":[],"footnotes":""},"class_list":["post-5800","page","type-page","status-publish","hentry"],"_links":{"self":[{"href":"https:\/\/comercialdiscam.cat\/ca\/wp-json\/wp\/v2\/pages\/5800","targetHints":{"allow":["GET"]}}],"collection":[{"href":"https:\/\/comercialdiscam.cat\/ca\/wp-json\/wp\/v2\/pages"}],"about":[{"href":"https:\/\/comercialdiscam.cat\/ca\/wp-json\/wp\/v2\/types\/page"}],"author":[{"embeddable":true,"href":"https:\/\/comercialdiscam.cat\/ca\/wp-json\/wp\/v2\/users\/1"}],"replies":[{"embeddable":true,"href":"https:\/\/comercialdiscam.cat\/ca\/wp-json\/wp\/v2\/comments?post=5800"}],"version-history":[{"count":3,"href":"https:\/\/comercialdiscam.cat\/ca\/wp-json\/wp\/v2\/pages\/5800\/revisions"}],"predecessor-version":[{"id":6226,"href":"https:\/\/comercialdiscam.cat\/ca\/wp-json\/wp\/v2\/pages\/5800\/revisions\/6226"}],"wp:attachment":[{"href":"https:\/\/comercialdiscam.cat\/ca\/wp-json\/wp\/v2\/media?parent=5800"}],"curies":[{"name":"wp","href":"https:\/\/api.w.org\/{rel}","templated":true}]}}