{"id":5592,"date":"2025-04-23T17:15:09","date_gmt":"2025-04-23T15:15:09","guid":{"rendered":"https:\/\/comercialdiscam.cat\/quienes-somos\/"},"modified":"2025-06-20T13:50:40","modified_gmt":"2025-06-20T11:50:40","slug":"qui-som","status":"publish","type":"page","link":"https:\/\/comercialdiscam.cat\/ca\/qui-som\/","title":{"rendered":"Qui som"},"content":{"rendered":"\t\t<div data-elementor-type=\"wp-page\" data-elementor-id=\"5592\" class=\"elementor elementor-5592 elementor-5575\" data-elementor-post-type=\"page\">\n\t\t\t\t<div class=\"elementor-element elementor-element-943eb75 e-con-full e-flex e-con e-parent\" data-id=\"943eb75\" data-element_type=\"container\" data-e-type=\"container\">\n\t\t<div class=\"elementor-element elementor-element-6ec273c e-con-full e-flex e-con e-child\" data-id=\"6ec273c\" data-element_type=\"container\" data-e-type=\"container\">\n\t\t\t\t<div class=\"elementor-element elementor-element-109297d subrayado-animado elementor-widget elementor-widget-heading\" data-id=\"109297d\" data-element_type=\"widget\" data-e-type=\"widget\" data-widget_type=\"heading.default\">\n\t\t\t\t<div class=\"elementor-widget-container\">\n\t\t\t\t\t<h1 class=\"elementor-heading-title elementor-size-default\">Qui <b>som<\/b><\/h1>\t\t\t\t<\/div>\n\t\t\t\t<\/div>\n\t\t\t\t<div class=\"elementor-element elementor-element-42dd027 elementor-widget elementor-widget-text-editor\" data-id=\"42dd027\" data-element_type=\"widget\" data-e-type=\"widget\" data-widget_type=\"text-editor.default\">\n\t\t\t\t<div class=\"elementor-widget-container\">\n\t\t\t\t\t\t\t\t\t<p>A <strong>Comercial Discam<\/strong> ens dediquem a la <a href=\"https:\/\/comercialdiscam.cat\/ca\/\"><strong>venda i subministrament de productes de neteja professional i higiene<\/strong><\/a> per a empreses de sectors exigents com l&#8217;hostaleria, restauraci\u00f3, sanitat, ind\u00fastria i m\u00e9s.<\/p><p>La nostra missi\u00f3 \u00e9s senzilla: que cada client compti amb els productes que necessita <strong>quan els necessita<\/strong>, sense complicacions, amb l&#8217;atenci\u00f3 propera que nom\u00e9s un equip especialitzat pot oferir.<\/p>\t\t\t\t\t\t\t\t<\/div>\n\t\t\t\t<\/div>\n\t\t\t\t<\/div>\n\t\t<div class=\"elementor-element elementor-element-63baa5f e-con-full e-flex e-con e-child\" data-id=\"63baa5f\" data-element_type=\"container\" data-e-type=\"container\">\n\t\t\t\t<div class=\"elementor-element elementor-element-d91f7aa elementor-widget-tablet__width-inherit elementor-cta--skin-classic elementor-animated-content elementor-bg-transform elementor-bg-transform-zoom-in elementor-widget elementor-widget-call-to-action\" data-id=\"d91f7aa\" data-element_type=\"widget\" data-e-type=\"widget\" data-widget_type=\"call-to-action.default\">\n\t\t\t\t<div class=\"elementor-widget-container\">\n\t\t\t\t\t\t\t<div class=\"elementor-cta\">\n\t\t\t\t\t<div class=\"elementor-cta__bg-wrapper\">\n\t\t\t\t<div class=\"elementor-cta__bg elementor-bg\" style=\"background-image: url(https:\/\/comercialdiscam.cat\/wp-content\/uploads\/quienes_somos_comercial_discam.webp);\" role=\"img\" aria-label=\"quienes somos comercial discam\"><\/div>\n\t\t\t\t<div class=\"elementor-cta__bg-overlay\"><\/div>\n\t\t\t<\/div>\n\t\t\t\t\t\t\t\t<\/div>\n\t\t\t\t\t\t<\/div>\n\t\t\t\t<\/div>\n\t\t\t\t<\/div>\n\t\t\t\t<\/div>\n\t\t<div class=\"elementor-element elementor-element-6e5c2a2 e-con-full e-flex e-con e-parent\" data-id=\"6e5c2a2\" data-element_type=\"container\" data-e-type=\"container\">\n\t\t<div class=\"elementor-element elementor-element-21acdce e-con-full e-flex e-con e-child\" data-id=\"21acdce\" data-element_type=\"container\" data-e-type=\"container\">\n\t\t\t\t<div class=\"elementor-element elementor-element-be8e0e8 elementor-widget-tablet__width-inherit elementor-cta--skin-classic elementor-animated-content elementor-bg-transform elementor-bg-transform-zoom-in elementor-widget elementor-widget-call-to-action\" data-id=\"be8e0e8\" data-element_type=\"widget\" data-e-type=\"widget\" data-widget_type=\"call-to-action.default\">\n\t\t\t\t<div class=\"elementor-widget-container\">\n\t\t\t\t\t\t\t<div class=\"elementor-cta\">\n\t\t\t\t\t<div class=\"elementor-cta__bg-wrapper\">\n\t\t\t\t<div class=\"elementor-cta__bg elementor-bg\" style=\"background-image: url(https:\/\/comercialdiscam.cat\/wp-content\/uploads\/equipo-comercial-discam.webp);\" role=\"img\" aria-label=\"equipo comercial discam\"><\/div>\n\t\t\t\t<div class=\"elementor-cta__bg-overlay\"><\/div>\n\t\t\t<\/div>\n\t\t\t\t\t\t\t\t<\/div>\n\t\t\t\t\t\t<\/div>\n\t\t\t\t<\/div>\n\t\t\t\t<\/div>\n\t\t<div class=\"elementor-element elementor-element-e252567 e-con-full e-flex e-con e-child\" data-id=\"e252567\" data-element_type=\"container\" data-e-type=\"container\">\n\t\t\t\t<div class=\"elementor-element elementor-element-3952ee9 subrayado-animado elementor-widget elementor-widget-heading\" data-id=\"3952ee9\" data-element_type=\"widget\" data-e-type=\"widget\" data-widget_type=\"heading.default\">\n\t\t\t\t<div class=\"elementor-widget-container\">\n\t\t\t\t\t<h2 class=\"elementor-heading-title elementor-size-default\">M\u00e9s que prove\u00efdors, <b>som el teu aliat en higiene professional<\/b><\/h2>\t\t\t\t<\/div>\n\t\t\t\t<\/div>\n\t\t\t\t<div class=\"elementor-element elementor-element-c1a1763 elementor-widget elementor-widget-text-editor\" data-id=\"c1a1763\" data-element_type=\"widget\" data-e-type=\"widget\" data-widget_type=\"text-editor.default\">\n\t\t\t\t<div class=\"elementor-widget-container\">\n\t\t\t\t\t\t\t\t\tSabem que cada negoci t\u00e9 necessitats diferents.\n\nPer aix\u00f2, a Discam no nom\u00e9s lliurem productes, sin\u00f3 tamb\u00e9 <strong>solucions adaptades<\/strong> a cada entorn professional.\n<ul>\n \t<li><strong>Assessorament personalitzat:<\/strong> us ajudem a triar el millor segons la vostra activitat i volum de treball.<\/li>\n \t<li><strong>Ampli cat\u00e0leg:<\/strong> m\u00e9s de 1.000 refer\u00e8ncies en productes de neteja, higiene, cel\u00b7lulosa, utensilis i accessoris.<\/li>\n \t<li><strong>Lliurament r\u00e0pid:<\/strong> repartim en 24 a 48 hores perqu\u00e8 mai et falti l&#8217;essencial.<\/li>\n \t<li><strong>Atenci\u00f3 directa:<\/strong> disposem d&#8217;atenci\u00f3 di\u00e0ria i tel\u00e8fon d&#8217;urg\u00e8ncies per a imprevistos.<\/li>\n \t<li><strong>L\u00ednia ecol\u00f2gica:<\/strong> oferim alternatives sostenibles amb el nostre cat\u00e0leg eco.<\/li>\n<\/ul>\t\t\t\t\t\t\t\t<\/div>\n\t\t\t\t<\/div>\n\t\t\t\t<\/div>\n\t\t\t\t<div class=\"elementor-element elementor-element-50d32b6 elementor-widget-tablet__width-inherit elementor-cta--skin-classic elementor-animated-content elementor-bg-transform elementor-bg-transform-zoom-in elementor-widget elementor-widget-call-to-action\" data-id=\"50d32b6\" data-element_type=\"widget\" data-e-type=\"widget\" data-widget_type=\"call-to-action.default\">\n\t\t\t\t<div class=\"elementor-widget-container\">\n\t\t\t\t\t\t\t<div class=\"elementor-cta\">\n\t\t\t\t\t<div class=\"elementor-cta__bg-wrapper\">\n\t\t\t\t<div class=\"elementor-cta__bg elementor-bg\" style=\"background-image: url(https:\/\/comercialdiscam.cat\/wp-content\/uploads\/quienes_somos_comercial_discam.webp);\" role=\"img\" aria-label=\"quienes somos comercial discam\"><\/div>\n\t\t\t\t<div class=\"elementor-cta__bg-overlay\"><\/div>\n\t\t\t<\/div>\n\t\t\t\t\t\t\t\t<\/div>\n\t\t\t\t\t\t<\/div>\n\t\t\t\t<\/div>\n\t\t\t\t<\/div>\n\t\t<div class=\"elementor-element elementor-element-7f49063 e-flex e-con-boxed e-con e-parent\" data-id=\"7f49063\" data-element_type=\"container\" data-e-type=\"container\" data-settings=\"{&quot;background_background&quot;:&quot;classic&quot;}\">\n\t\t\t\t\t<div class=\"e-con-inner\">\n\t\t\t\t<div class=\"elementor-element elementor-element-15ef66b subrayado-animado elementor-widget elementor-widget-heading\" data-id=\"15ef66b\" data-element_type=\"widget\" data-e-type=\"widget\" data-widget_type=\"heading.default\">\n\t\t\t\t<div class=\"elementor-widget-container\">\n\t\t\t\t\t<h2 class=\"elementor-heading-title elementor-size-default\"><b>Compromesos<\/b> amb la teva tranquil\u00b7litat<\/h2>\t\t\t\t<\/div>\n\t\t\t\t<\/div>\n\t\t\t\t<div class=\"elementor-element elementor-element-52c9907 elementor-widget elementor-widget-text-editor\" data-id=\"52c9907\" data-element_type=\"widget\" data-e-type=\"widget\" data-widget_type=\"text-editor.default\">\n\t\t\t\t<div class=\"elementor-widget-container\">\n\t\t\t\t\t\t\t\t\t<p>Treballem cada dia per ser sin\u00f2nim de <strong>fiabilitat, professionalitat i proximitat<\/strong>.<\/p><p>Ens trien cl\u00edniques, hotels, restaurants, centres veterinaris i f\u00e0briques perqu\u00e8 troben en nosaltres m\u00e9s que un prove\u00efdor: un equip atent que respon i acompanya.<\/p><p>M\u00e9s d&#8217;una d\u00e8cada al sector avala el nostre coneixement. I el m\u00e9s important: <strong>els nostres clients segueixen amb nosaltres any rere any<\/strong>. Aquesta \u00e9s la millor garantia que fem les coses b\u00e9.<\/p>\t\t\t\t\t\t\t\t<\/div>\n\t\t\t\t<\/div>\n\t\t\t\t<div class=\"elementor-element elementor-element-bb31132 elementor-product-loop-item--align-center elementor-grid-mobile-1 elementor-grid-tablet-2 elementor-grid-4 elementor-products-grid elementor-wc-products elementor-widget elementor-widget-wc-categories\" data-id=\"bb31132\" data-element_type=\"widget\" data-e-type=\"widget\" data-widget_type=\"wc-categories.default\">\n\t\t\t\t<div class=\"elementor-widget-container\">\n\t\t\t\t\t<div class=\"woocommerce columns-4\"><ul class=\"products elementor-grid columns-4\">\n<li class=\"product-category product first\">\n\t<a aria-label=\"Visiteu la categoria de producte Paper higi\u00e8nic\" href=\"https:\/\/comercialdiscam.cat\/ca\/paper-cellulosa\/paper-higienic\/\"><img decoding=\"async\" src=\"https:\/\/comercialdiscam.cat\/wp-content\/uploads\/papel-higienico.webp\" alt=\"Paper higi\u00e8nic\" width=\"200\" height=\"200\" srcset=\"https:\/\/comercialdiscam.cat\/wp-content\/uploads\/papel-higienico.webp 180w, https:\/\/comercialdiscam.cat\/wp-content\/uploads\/papel-higienico-100x100.webp 100w, https:\/\/comercialdiscam.cat\/wp-content\/uploads\/papel-higienico-150x150.webp 150w, https:\/\/comercialdiscam.cat\/wp-content\/uploads\/papel-higienico-50x50.webp 50w\" sizes=\"(max-width: 180px) 100vw, 180px\" \/><h3 class=\"woocommerce-loop-category__title\">Paper higi\u00e8nic <mark class=\"count\">(13)<\/mark><\/h3><\/a><\/li>\n<li class=\"product-category product\">\n\t<a aria-label=\"Visiteu la categoria de producte Multiusos i productes general\" href=\"https:\/\/comercialdiscam.cat\/ca\/quimics\/multiusos\/\"><img decoding=\"async\" src=\"https:\/\/comercialdiscam.cat\/wp-content\/uploads\/multiusos-limpieza.webp\" alt=\"Multiusos i productes general\" width=\"200\" height=\"200\" srcset=\"https:\/\/comercialdiscam.cat\/wp-content\/uploads\/multiusos-limpieza.webp 180w, https:\/\/comercialdiscam.cat\/wp-content\/uploads\/multiusos-limpieza-100x100.webp 100w\" sizes=\"(max-width: 180px) 100vw, 180px\" \/><h3 class=\"woocommerce-loop-category__title\">Multiusos i productes general <mark class=\"count\">(25)<\/mark><\/h3><\/a><\/li>\n<li class=\"product-category product\">\n\t<a aria-label=\"Visiteu la categoria de producte Fregaterres\" href=\"https:\/\/comercialdiscam.cat\/ca\/quimics\/fregaterres\/\"><img decoding=\"async\" src=\"https:\/\/comercialdiscam.cat\/wp-content\/uploads\/fregasuelos-industriales.webp\" alt=\"Fregaterres\" width=\"200\" height=\"200\" srcset=\"https:\/\/comercialdiscam.cat\/wp-content\/uploads\/fregasuelos-industriales.webp 180w, https:\/\/comercialdiscam.cat\/wp-content\/uploads\/fregasuelos-industriales-100x100.webp 100w\" sizes=\"(max-width: 180px) 100vw, 180px\" \/><h3 class=\"woocommerce-loop-category__title\">Fregaterres <mark class=\"count\">(14)<\/mark><\/h3><\/a><\/li>\n<li class=\"product-category product last\">\n\t<a aria-label=\"Visiteu la categoria de producte Desinfectants\" href=\"https:\/\/comercialdiscam.cat\/ca\/quimics\/desinfectants\/\"><img loading=\"lazy\" decoding=\"async\" src=\"https:\/\/comercialdiscam.cat\/wp-content\/uploads\/desinfectantes-png.webp\" alt=\"Desinfectants\" width=\"200\" height=\"200\" srcset=\"https:\/\/comercialdiscam.cat\/wp-content\/uploads\/desinfectantes-png.webp 160w, https:\/\/comercialdiscam.cat\/wp-content\/uploads\/desinfectantes-100x100.webp 100w, https:\/\/comercialdiscam.cat\/wp-content\/uploads\/desinfectantes-150x150.webp 150w, https:\/\/comercialdiscam.cat\/wp-content\/uploads\/desinfectantes-50x50.webp 50w\" sizes=\"(max-width: 160px) 100vw, 160px\" \/><h3 class=\"woocommerce-loop-category__title\">Desinfectants <mark class=\"count\">(8)<\/mark><\/h3><\/a><\/li>\n<\/ul>\n<\/div>\t\t\t\t<\/div>\n\t\t\t\t<\/div>\n\t\t\t\t\t<\/div>\n\t\t\t\t<\/div>\n\t\t<div class=\"elementor-element elementor-element-943fdf2 e-flex e-con-boxed e-con e-parent\" data-id=\"943fdf2\" data-element_type=\"container\" data-e-type=\"container\" data-settings=\"{&quot;background_background&quot;:&quot;classic&quot;}\">\n\t\t\t\t\t<div class=\"e-con-inner\">\n\t\t\t\t<div class=\"elementor-element elementor-element-b5d7558 subrayado-animado elementor-widget elementor-widget-heading\" data-id=\"b5d7558\" data-element_type=\"widget\" data-e-type=\"widget\" data-widget_type=\"heading.default\">\n\t\t\t\t<div class=\"elementor-widget-container\">\n\t\t\t\t\t<h2 class=\"elementor-heading-title elementor-size-default\">Volem ser part del teu <b>equip<\/b><\/h2>\t\t\t\t<\/div>\n\t\t\t\t<\/div>\n\t\t\t\t<div class=\"elementor-element elementor-element-f747d39 elementor-widget elementor-widget-text-editor\" data-id=\"f747d39\" data-element_type=\"widget\" data-e-type=\"widget\" data-widget_type=\"text-editor.default\">\n\t\t\t\t<div class=\"elementor-widget-container\">\n\t\t\t\t\t\t\t\t\t<p>Si busques un prove\u00efdor de productes de neteja que entengui el teu ritme de treball, que resolgui r\u00e0pid i que et tracti amb respecte i professionalitat, a Comercial Discam est\u00e0s en bones mans.<\/p><p><strong>Descobreix com et podem ajudar avui mateix.<\/strong><\/p>\t\t\t\t\t\t\t\t<\/div>\n\t\t\t\t<\/div>\n\t\t<div class=\"elementor-element elementor-element-e429d52 e-flex e-con-boxed e-con e-child\" data-id=\"e429d52\" data-element_type=\"container\" data-e-type=\"container\">\n\t\t\t\t\t<div class=\"e-con-inner\">\n\t\t\t\t<div class=\"elementor-element elementor-element-58229d8 elementor-button-align-stretch elementor-widget elementor-widget-global elementor-global-5537 elementor-global-5187 elementor-widget-form\" data-id=\"58229d8\" data-element_type=\"widget\" data-e-type=\"widget\" data-settings=\"{&quot;button_width&quot;:&quot;25&quot;,&quot;step_next_label&quot;:&quot;Seg\\u00fcent&quot;,&quot;step_previous_label&quot;:&quot;Anterior&quot;,&quot;step_type&quot;:&quot;number_text&quot;,&quot;step_icon_shape&quot;:&quot;circle&quot;}\" data-widget_type=\"form.default\">\n\t\t\t\t<div class=\"elementor-widget-container\">\n\t\t\t\t\t\t\t<form class=\"elementor-form\" method=\"post\" name=\"Nou formulari\" aria-label=\"Nou formulari\">\n\t\t\t<input type=\"hidden\" name=\"post_id\" value=\"5592\"\/>\n\t\t\t<input type=\"hidden\" name=\"form_id\" value=\"58229d8\"\/>\n\t\t\t<input type=\"hidden\" name=\"referer_title\" value=\"\" \/>\n\n\t\t\t\n\t\t\t<div class=\"elementor-form-fields-wrapper elementor-labels-above\">\n\t\t\t\t\t\t\t\t<div class=\"elementor-field-type-text elementor-field-group elementor-column elementor-field-group-name elementor-col-50 elementor-md-50 elementor-field-required elementor-mark-required\">\n\t\t\t\t\t\t\t\t\t\t\t\t<label for=\"form-field-name\" class=\"elementor-field-label\">\n\t\t\t\t\t\t\t\tNom i cognom\t\t\t\t\t\t\t<\/label>\n\t\t\t\t\t\t\t\t\t\t\t\t\t\t<input size=\"1\" type=\"text\" name=\"form_fields[name]\" id=\"form-field-name\" class=\"elementor-field elementor-size-md  elementor-field-textual\" placeholder=\"Nom i cognom\" required=\"required\">\n\t\t\t\t\t\t\t\t\t\t\t<\/div>\n\t\t\t\t\t\t\t\t<div class=\"elementor-field-type-text elementor-field-group elementor-column elementor-field-group-field_0ade9c3 elementor-col-50 elementor-md-50\">\n\t\t\t\t\t\t\t\t\t\t\t\t<label for=\"form-field-field_0ade9c3\" class=\"elementor-field-label\">\n\t\t\t\t\t\t\t\tEmpresa\t\t\t\t\t\t\t<\/label>\n\t\t\t\t\t\t\t\t\t\t\t\t\t\t<input size=\"1\" type=\"text\" name=\"form_fields[field_0ade9c3]\" id=\"form-field-field_0ade9c3\" class=\"elementor-field elementor-size-md  elementor-field-textual\" placeholder=\"Nom de l&#039;empresa\">\n\t\t\t\t\t\t\t\t\t\t\t<\/div>\n\t\t\t\t\t\t\t\t<div class=\"elementor-field-type-email elementor-field-group elementor-column elementor-field-group-email elementor-col-50 elementor-md-50 elementor-field-required elementor-mark-required\">\n\t\t\t\t\t\t\t\t\t\t\t\t<label for=\"form-field-email\" class=\"elementor-field-label\">\n\t\t\t\t\t\t\t\tCorreu electr\u00f2nic\t\t\t\t\t\t\t<\/label>\n\t\t\t\t\t\t\t\t\t\t\t\t\t\t<input size=\"1\" type=\"email\" name=\"form_fields[email]\" id=\"form-field-email\" class=\"elementor-field elementor-size-md  elementor-field-textual\" placeholder=\"Correu electr\u00f2nic\" required=\"required\">\n\t\t\t\t\t\t\t\t\t\t\t<\/div>\n\t\t\t\t\t\t\t\t<div class=\"elementor-field-type-tel elementor-field-group elementor-column elementor-field-group-field_2f57194 elementor-col-50 elementor-md-50 elementor-field-required elementor-mark-required\">\n\t\t\t\t\t\t\t\t\t\t\t\t<label for=\"form-field-field_2f57194\" class=\"elementor-field-label\">\n\t\t\t\t\t\t\t\tTel\u00e8fon\t\t\t\t\t\t\t<\/label>\n\t\t\t\t\t\t\t\t<input size=\"1\" type=\"tel\" name=\"form_fields[field_2f57194]\" id=\"form-field-field_2f57194\" class=\"elementor-field elementor-size-md  elementor-field-textual\" placeholder=\"Tel\u00e8fon\" required=\"required\" pattern=\"[0-9()#&amp;+*-=.]+\" title=\"Only numbers and phone characters (#, -, *, etc) are accepted.\">\n\n\t\t\t\t\t\t<\/div>\n\t\t\t\t\t\t\t\t<div class=\"elementor-field-type-textarea elementor-field-group elementor-column elementor-field-group-message elementor-col-100 elementor-field-required elementor-mark-required\">\n\t\t\t\t\t\t\t\t\t\t\t\t<label for=\"form-field-message\" class=\"elementor-field-label\">\n\t\t\t\t\t\t\t\tConsulta\t\t\t\t\t\t\t<\/label>\n\t\t\t\t\t\t<textarea class=\"elementor-field-textual elementor-field  elementor-size-md\" name=\"form_fields[message]\" id=\"form-field-message\" rows=\"4\" placeholder=\"Escriu el teu missatge o dubte\" required=\"required\"><\/textarea>\t\t\t\t<\/div>\n\t\t\t\t\t\t\t\t<div class=\"elementor-field-type-acceptance elementor-field-group elementor-column elementor-field-group-field_5565b4e elementor-col-100 elementor-md-100\">\n\t\t\t\t\t\t\t<div class=\"elementor-field-subgroup\">\n\t\t\t<span class=\"elementor-field-option\">\n\t\t\t\t<input type=\"checkbox\" name=\"form_fields[field_5565b4e]\" id=\"form-field-field_5565b4e\" class=\"elementor-field elementor-size-md  elementor-acceptance-field\">\n\t\t\t\t<label for=\"form-field-field_5565b4e\">En fer \"Clic\" al Bot\u00f3 \"ENVIAR\" l'usuari declara haver llegit i estar d'acord amb les condicions expressades a l'<a href=\"https:\/\/comercialdiscam.cat\/ca\/avis-legal\/\" rel=\"noopener nofollow\">\"AV\u00cdS LEGAL\"<\/a> la <a href= \"https:\/\/comercialdiscam.cat\/ca\/politica-de-privacitat\/\" rel=\"noopener nofollow\">\"POL\u00cdTICA DE PRIVACITAT\"<\/a> d'aquesta Web.\"<\/label>\t\t\t<\/span>\n\t\t<\/div>\n\t\t\t\t\t\t<\/div>\n\t\t\t\t\t\t\t\t<div class=\"elementor-field-type-recaptcha_v3 elementor-field-group elementor-column elementor-field-group-field_044fd4f elementor-col-100 recaptcha_v3-bottomright\">\n\t\t\t\t\t<div class=\"elementor-field\" id=\"form-field-field_044fd4f\"><div class=\"elementor-g-recaptcha\" data-sitekey=\"6LcnYtIrAAAAALPKBioJgOnmsPu9zZMt2OZlgtz0\" data-type=\"v3\" data-action=\"Form\" data-badge=\"bottomright\" data-size=\"invisible\"><\/div><\/div>\t\t\t\t<\/div>\n\t\t\t\t\t\t\t\t<div class=\"elementor-field-group elementor-column elementor-field-type-submit elementor-col-25 e-form__buttons\">\n\t\t\t\t\t<button class=\"elementor-button elementor-size-md elementor-animation-grow\" type=\"submit\">\n\t\t\t\t\t\t<span class=\"elementor-button-content-wrapper\">\n\t\t\t\t\t\t\t\t\t\t\t\t\t\t\t\t\t\t\t\t\t\t<span class=\"elementor-button-text\">Enviar<\/span>\n\t\t\t\t\t\t\t\t\t\t\t\t\t<\/span>\n\t\t\t\t\t<\/button>\n\t\t\t\t<\/div>\n\t\t\t<\/div>\n\t\t<\/form>\n\t\t\t\t\t\t<\/div>\n\t\t\t\t<\/div>\n\t\t\t\t\t<\/div>\n\t\t\t\t<\/div>\n\t\t\t\t\t<\/div>\n\t\t\t\t<\/div>\n\t\t\t\t<\/div>\n\t\t","protected":false},"excerpt":{"rendered":"<p>Qui som A Comercial Discam ens dediquem a la venda i subministrament de productes de neteja professional i higiene per a empreses de sectors exigents com l&#8217;hostaleria, restauraci\u00f3, sanitat, ind\u00fastria i m\u00e9s. La nostra missi\u00f3 \u00e9s senzilla: que cada client compti amb els productes que necessita quan els necessita, sense complicacions, amb l&#8217;atenci\u00f3 propera que [&hellip;]<\/p>\n","protected":false},"author":1,"featured_media":5581,"parent":0,"menu_order":0,"comment_status":"closed","ping_status":"closed","template":"","meta":{"_joinchat":[],"footnotes":""},"class_list":["post-5592","page","type-page","status-publish","has-post-thumbnail","hentry"],"_links":{"self":[{"href":"https:\/\/comercialdiscam.cat\/ca\/wp-json\/wp\/v2\/pages\/5592","targetHints":{"allow":["GET"]}}],"collection":[{"href":"https:\/\/comercialdiscam.cat\/ca\/wp-json\/wp\/v2\/pages"}],"about":[{"href":"https:\/\/comercialdiscam.cat\/ca\/wp-json\/wp\/v2\/types\/page"}],"author":[{"embeddable":true,"href":"https:\/\/comercialdiscam.cat\/ca\/wp-json\/wp\/v2\/users\/1"}],"replies":[{"embeddable":true,"href":"https:\/\/comercialdiscam.cat\/ca\/wp-json\/wp\/v2\/comments?post=5592"}],"version-history":[{"count":34,"href":"https:\/\/comercialdiscam.cat\/ca\/wp-json\/wp\/v2\/pages\/5592\/revisions"}],"predecessor-version":[{"id":6235,"href":"https:\/\/comercialdiscam.cat\/ca\/wp-json\/wp\/v2\/pages\/5592\/revisions\/6235"}],"wp:featuredmedia":[{"embeddable":true,"href":"https:\/\/comercialdiscam.cat\/ca\/wp-json\/wp\/v2\/media\/5581"}],"wp:attachment":[{"href":"https:\/\/comercialdiscam.cat\/ca\/wp-json\/wp\/v2\/media?parent=5592"}],"curies":[{"name":"wp","href":"https:\/\/api.w.org\/{rel}","templated":true}]}}